{"id":10789,"date":"2023-03-09T12:23:34","date_gmt":"2023-03-09T11:23:34","guid":{"rendered":"https:\/\/2014-2020.poctefa.eu\/?page_id=10789"},"modified":"2023-08-10T12:44:39","modified_gmt":"2023-08-10T10:44:39","slug":"premier-appel-a-projets-poctefa-2021-2027","status":"publish","type":"page","link":"https:\/\/2014-2020.poctefa.eu\/fr\/premier-appel-a-projets-poctefa-2021-2027\/","title":{"rendered":"Premier appel \u00e0 projets POCTEFA 2021-2027"},"content":{"rendered":"<div class=\"fusion-one-full fusion-layout-column fusion-column-last fusion-spacing-yes\" style=\"margin-top:0px;margin-bottom:20px;\"><div class=\"fusion-column-wrapper\"><p><strong>Premier appel \u00e0 projets POCTEFA 2021-2027<\/strong><\/p>\n<p>Le premier appel \u00e0 projets du programme INTERREG VI-A ESPAGNE-FRANCE-ANDORRE (POCTEFA 2021-2027) a \u00e9t\u00e9 ouvert <strong>du 9 mars au 31 mai 2023 \u00e0 14h00<\/strong>. Cet appel \u00e0 projets \u00e9tait organis\u00e9 en une seule phase et \u00e9tait ouvert aux priorit\u00e9s 1, 2, 3, 4 et 5 du Programme avec un montant de l&rsquo;aide FEDER disponible de <strong>95,4 millions d&rsquo;euros.<\/strong><\/p>\n<div class=\"fusion-clearfix\"><\/div><\/div><\/div><div class=\"fusion-clearfix\"><\/div><div class=\"fusion-two-third fusion-layout-column fusion-spacing-yes\" style=\"margin-top:0px;margin-bottom:20px;\"><div class=\"fusion-column-wrapper\"><p><strong>La d\u00e9cision d\u00e9finitive de recevabilit\u00e9 du 1er appel \u00e0 projets du POCTEFA 2021-2027 <\/strong>publi\u00e9e le 10 ao\u00fbt 2023<a href=\"https:\/\/2014-2020.poctefa.eu\/wp-content\/uploads\/2023\/08\/Resolucion-definitiva-de-admision-de-la-1a-convocatoria-de-proyectos_signed.pdf\" target=\"_blank\" rel=\"noopener\"><strong> est disponible ici.<\/strong><\/a><\/p>\n<div class=\"fusion-clearfix\"><\/div><\/div><\/div><div class=\"fusion-one-third one_third fusion-layout-column fusion-column-last fusion-spacing-yes\" style=\"margin-top:0px;margin-bottom:20px;\"><div class=\"fusion-column-wrapper\"><div class=\"fusion-button-wrapper fusion-aligncenter\"><style type=\"text\/css\" scoped=\"scoped\">.fusion-button.button-1{border-width:0px;color:#ffffff;border-color:#ffffff;}.fusion-button.button-1:hover,.fusion-button.button-1:focus,.fusion-button.button-1:active{border-width:0px;border-color:#ffffff;color:#ffffff;}.fusion-button.button-1{background: #003399;}.fusion-button.button-1:hover,.button-1:focus,.fusion-button.button-1:active{background: #003399;}.fusion-button.button-1{width:auto;}<\/style><a class=\"fusion-button button-flat button-pill button-small button-custom button-1\" target=\"_blank\" href=\"https:\/\/2014-2020.poctefa.eu\/wp-content\/uploads\/2023\/08\/Resolucion-definitiva-de-admision-de-la-1a-convocatoria-de-proyectos_signed.pdf\"><span class=\"fusion-button-text\">D\u00e9cision d\u00e9finitive de recevabilit\u00e9<\/span><\/a><\/div><div class=\"fusion-clearfix\"><\/div><\/div><\/div><div class=\"fusion-clearfix\"><\/div><div class=\"fusion-sep-clear\"><\/div><div class=\"fusion-separator fusion-full-width-sep sep-single\" style=\"border-color:#003399;border-top-width:1px;margin-left: auto;margin-right: auto;margin-top:px;margin-bottom:10px;\"><\/div><p><strong>La plateforme SIGEFA 2021-2027 est disponible <a href=\"https:\/\/sigefa2127.poctefa.eu\/site\/login\" target=\"_blank\" rel=\"noopener\">ici<\/a>.<\/strong><\/p>\n<p><strong>La liste des documents \u00e0 envoyer lors du 1er appel \u00e0 projets peut \u00eatre t\u00e9l\u00e9charg\u00e9e <a href=\"https:\/\/2014-2020.poctefa.eu\/wp-content\/uploads\/2023\/05\/Listado-documentos-1a-convocatoria-ES_FR.pdf\" target=\"_blank\" rel=\"noopener\">ici.<\/a><br \/>\n<\/strong><\/p>\n<p>Les documents officiels de l&rsquo;appel \u00e0 projets peuvent \u00eatre t\u00e9l\u00e9charg\u00e9s ici :<\/p>\n<ol>\n<li><a href=\"https:\/\/2014-2020.poctefa.eu\/wp-content\/uploads\/2023\/06\/1-Texto_Convocatoria_1AAPDelai-prolonge_critere-11_FR.pdf\" target=\"_blank\" rel=\"noopener\"><strong>Texte officiel du premier appel \u00e0 projets<\/strong><\/a> POCTEFA 2021-2027. <a href=\"https:\/\/2014-2020.poctefa.eu\/wp-content\/uploads\/2023\/06\/1-Texto_Convocatoria_1AAPDelai-prolonge_critere-11_FR.pdf\" target=\"_blank\" rel=\"noopener\"><strong>Ici.<\/strong><\/a><\/li>\n<li><a href=\"https:\/\/2014-2020.poctefa.eu\/wp-content\/uploads\/2023\/03\/2-Formulaire_de_candidature_1AAPP_FR.docx\" target=\"_blank\" rel=\"noopener\"><strong>Mod\u00e8le de Formulaire de candidature. Ici.<\/strong><\/a><\/li>\n<li>Document d&rsquo;information sur les <a href=\"https:\/\/2014-2020.poctefa.eu\/wp-content\/uploads\/2023\/03\/3-Info-menus-deroulants-FdC_FR.pdf\" target=\"_blank\" rel=\"noopener\"><strong>menus d\u00e9roulants du formulaire de candidature<\/strong>. <strong>Ici.<\/strong><\/a><\/li>\n<li><strong><a href=\"https:\/\/2014-2020.poctefa.eu\/wp-content\/uploads\/2023\/03\/4-Modelo-plan-financiero_-modele-plan-financier_-bilingue.xlsx\" target=\"_blank\" rel=\"noopener\">Outil d&rsquo;aide \u00e0 l&rsquo;\u00e9laboration du plan de financement. Ici<\/a>.<\/strong><\/li>\n<li><a href=\"https:\/\/2014-2020.poctefa.eu\/wp-content\/uploads\/2023\/05\/5_Exemple_Declaration-responsable-du-beneficiaire.pdf\" target=\"_blank\" rel=\"noopener\"><strong>D\u00e9claration responsable de chacune des entit\u00e9s partenaires<\/strong><\/a> sign\u00e9e et tamponn\u00e9e (ou avec signature \u00e9lectronique) \u00e0 l\u2019endroit indiqu\u00e9 \u00e0 cet effet par le ou la repr\u00e9sentant\/e l\u00e9gal\/e avec son annexe. Dans le cas o\u00f9 le signataire n\u2019a pas la capacit\u00e9 d\u2019engager financi\u00e8rement son entit\u00e9, la d\u00e9cision d\u2019engagement financier de l\u2019organe comp\u00e9tent de l\u2019entit\u00e9 (accord du Pl\u00e9nier, accord de l\u2019Assembl\u00e9e ou autres) doit \u00e9galement \u00eatre fournie. <a href=\"https:\/\/2014-2020.poctefa.eu\/wp-content\/uploads\/2023\/05\/5_Exemple_Declaration-responsable-du-beneficiaire.pdf\" target=\"_blank\" rel=\"noopener\"><strong>Ici.<\/strong><\/a><\/li>\n<li><a href=\"https:\/\/2014-2020.poctefa.eu\/wp-content\/uploads\/2023\/08\/6-ACUERDO-DE-ASOCIACION-ACCORD-DE-PARTENARIAT.docx\" target=\"_blank\" rel=\"noopener\"><strong>Accord Transfrontalier de Partenariat<\/strong><\/a> qui doit \u00eatre sign\u00e9 et tamponn\u00e9 (ou sign\u00e9 \u00e9lectroniquement) par toutes les entit\u00e9s partenaires \u00e0 l&rsquo;endroit indiqu\u00e9 \u00e0 cet effet. <a href=\"https:\/\/2014-2020.poctefa.eu\/wp-content\/uploads\/2023\/08\/6-ACUERDO-DE-ASOCIACION-ACCORD-DE-PARTENARIAT.docx\" target=\"_blank\" rel=\"noopener\"><strong>Ici.<\/strong><\/a><\/li>\n<li>Pour les organisations partenaires fran\u00e7aises et espagnoles soumettant des d\u00e9penses avec TVA\/IVA : <a href=\"https:\/\/2014-2020.poctefa.eu\/wp-content\/uploads\/2023\/03\/7_Modele-Declaration-non-recuperation-TVA_FR-1.docx\" target=\"_blank\" rel=\"noopener\"><strong>d\u00e9claration de non-r\u00e9cup\u00e9ration de la TVA\/IVA. Ici.<\/strong><\/a><\/li>\n<li><a href=\"https:\/\/2014-2020.poctefa.eu\/wp-content\/uploads\/2023\/03\/8-Analyse-capacite-prives-a-but-lucratif-1.xlsx\" target=\"_blank\" rel=\"noopener\"><strong>Outil d&rsquo;auto-\u00e9valuation de la capacit\u00e9 financi\u00e8re des entreprises. Ici.<\/strong><\/a><\/li>\n<li><a href=\"https:\/\/2014-2020.poctefa.eu\/wp-content\/uploads\/2023\/03\/9-Analyse-capacite-prives-a-but-non-lucratif-2.xlsx\" target=\"_blank\" rel=\"noopener\"><strong>Outil d&rsquo;auto-\u00e9valuation de la capacit\u00e9 financi\u00e8re des organisations priv\u00e9es \u00e0 but non lucratif. Ici.<\/strong><\/a><\/li>\n<li><a href=\"https:\/\/2014-2020.poctefa.eu\/wp-content\/uploads\/2023\/05\/20230306-Manuel-du-Programme-FR-2.pdf\" target=\"_blank\" rel=\"noopener\"><strong>Manuel du Programme <\/strong><\/a>POCTEFA 2021-2027. <a href=\"https:\/\/2014-2020.poctefa.eu\/wp-content\/uploads\/2023\/05\/20230306-Manuel-du-Programme-FR-2.pdf\" target=\"_blank\" rel=\"noopener\"><strong>Ici.<\/strong><\/a><\/li>\n<\/ol>\n<p>Si le projet pr\u00e9voit une infrastructure dont la dur\u00e9e de vie pr\u00e9vue est sup\u00e9rieure \u00e0 5 ans, pour la pr\u00e9paration de l&rsquo;\u00e9valuation des impacts attendus du changement climatique \u00e0 fournir, nous vous recommandons de consulter la Communication de la Commission &#8211; Orientations techniques pour la prise en compte des <a href=\"https:\/\/eur-lex.europa.eu\/legal-content\/ES\/TXT\/?uri=CELEX:52021XC0916(03)\" target=\"_blank\" rel=\"noopener\"><strong>enjeux climatiques dans les projets d\u2019infrastructure pour la p\u00e9riode 2021-2027 disponible ici<\/strong>.<\/a><\/p>\n\n","protected":false},"excerpt":{"rendered":"<p><a href=\"https:\/\/2014-2020.poctefa.eu\/fr\/premier-appel-a-projets-poctefa-2021-2027\/\">Voir plus<\/a><\/p>\n","protected":false},"author":4,"featured_media":0,"parent":0,"menu_order":0,"comment_status":"closed","ping_status":"closed","template":"","meta":[],"_links":{"self":[{"href":"https:\/\/2014-2020.poctefa.eu\/fr\/wp-json\/wp\/v2\/pages\/10789"}],"collection":[{"href":"https:\/\/2014-2020.poctefa.eu\/fr\/wp-json\/wp\/v2\/pages"}],"about":[{"href":"https:\/\/2014-2020.poctefa.eu\/fr\/wp-json\/wp\/v2\/types\/page"}],"author":[{"embeddable":true,"href":"https:\/\/2014-2020.poctefa.eu\/fr\/wp-json\/wp\/v2\/users\/4"}],"replies":[{"embeddable":true,"href":"https:\/\/2014-2020.poctefa.eu\/fr\/wp-json\/wp\/v2\/comments?post=10789"}],"version-history":[{"count":33,"href":"https:\/\/2014-2020.poctefa.eu\/fr\/wp-json\/wp\/v2\/pages\/10789\/revisions"}],"predecessor-version":[{"id":11387,"href":"https:\/\/2014-2020.poctefa.eu\/fr\/wp-json\/wp\/v2\/pages\/10789\/revisions\/11387"}],"wp:attachment":[{"href":"https:\/\/2014-2020.poctefa.eu\/fr\/wp-json\/wp\/v2\/media?parent=10789"}],"curies":[{"name":"wp","href":"https:\/\/api.w.org\/{rel}","templated":true}]}}