{"id":11471,"date":"2023-10-05T10:12:36","date_gmt":"2023-10-05T08:12:36","guid":{"rendered":"https:\/\/2014-2020.poctefa.eu\/?page_id=11471"},"modified":"2023-10-05T10:14:48","modified_gmt":"2023-10-05T08:14:48","slug":"approbation-et-texte-du-programme-poctefa-2021-2027","status":"publish","type":"page","link":"https:\/\/2014-2020.poctefa.eu\/fr\/approbation-et-texte-du-programme-poctefa-2021-2027\/","title":{"rendered":"Approbation et Texte du Programme POCTEFA 2021-2027"},"content":{"rendered":"<div class=\"fusion-one-full fusion-layout-column fusion-column-last fusion-spacing-yes\" style=\"margin-top:0px;margin-bottom:20px;\"><div class=\"fusion-column-wrapper\"><p>La Commission Europ\u00e9enne a <strong>approuv\u00e9 le 23 novembre 2022 le Programme de coop\u00e9ration transfrontali\u00e8re Interreg VI-A Espagne-France-Andorre (POCTEFA)<\/strong>, pr\u00e9sent\u00e9 par l&rsquo;Autorit\u00e9 de Gestion, et qui comprend les <strong>\u00e9l\u00e9ments<\/strong> suivants du Programme POCTEFA 2021-2027.<\/p>\n<ul class=\"p-rich_text_list p-rich_text_list__bullet\" data-stringify-type=\"unordered-list\" data-indent=\"0\" data-border=\"0\">\n<li data-stringify-indent=\"0\" data-stringify-border=\"0\">Documents d&rsquo;<strong>approbation<\/strong> du POCTEFA 2021-2027:\n<ul>\n<li data-stringify-indent=\"0\" data-stringify-border=\"0\"><strong><a href=\"https:\/\/2014-2020.poctefa.eu\/wp-content\/uploads\/2022\/12\/C_2022_8647_1_FR_ACT_part1_v3.pdf\" target=\"_blank\" rel=\"noopener\">D\u00e9cision d&rsquo;ex\u00e9cution C(2022) 8647 dat\u00e9e du 23\/11\/2022<\/a><\/strong><\/li>\n<li data-stringify-indent=\"0\" data-stringify-border=\"0\"><strong><a href=\"https:\/\/2014-2020.poctefa.eu\/wp-content\/uploads\/2022\/12\/C_2022_8647_1_FR_annexe_acte_autonome_nlw_part1_v1.pdf\" target=\"_blank\" rel=\"noopener\">Annexe I: Enveloppes financi\u00e8res par ann\u00e9e<\/a> <\/strong><\/li>\n<li data-stringify-indent=\"0\" data-stringify-border=\"0\"><strong><a href=\"https:\/\/2014-2020.poctefa.eu\/wp-content\/uploads\/2022\/12\/C_2022_8647_2_FR_annexe_acte_autonome_nlw_part1_v1.pdf\" target=\"_blank\" rel=\"noopener\">Annexe II: Enveloppes financi\u00e8res totales par fond et cofinancement national<\/a><\/strong><\/li>\n<li data-stringify-indent=\"0\" data-stringify-border=\"0\"><strong><a href=\"https:\/\/www.boe.es\/boe\/dias\/2022\/12\/05\/pdfs\/BOE-A-2022-20518.pdf\" target=\"_blank\" rel=\"noopener\">R\u00e9solution du 30 novembre 2022, de la direction g\u00e9n\u00e9rale des fonds europ\u00e9ens, publiant l&rsquo;approbation par la Commission europ\u00e9enne du programme de coop\u00e9ration transfrontali\u00e8re Interreg VI-A Espagne-France-Andorre 2021-2027. (Journal officiel de l&rsquo;\u00c9tat espagnol).<\/a><\/strong><\/li>\n<\/ul>\n<\/li>\n<\/ul>\n<div class=\"fusion-clearfix\"><\/div><\/div><\/div><div class=\"fusion-clearfix\"><\/div><div class=\"fusion-two-third fusion-layout-column fusion-spacing-yes\" style=\"margin-top:0px;margin-bottom:20px;\"><div class=\"fusion-column-wrapper\"><ul class=\"p-rich_text_list p-rich_text_list__bullet\" data-stringify-type=\"unordered-list\" data-indent=\"0\" data-border=\"0\">\n<li><strong>Documents concernant le Programme:<\/strong><\/li>\n<\/ul>\n<ul>\n<li style=\"list-style-type: none;\">\n<ul>\n<li>\n<h3><a href=\"https:\/\/2014-2020.poctefa.eu\/wp-content\/uploads\/2023\/04\/20220927_Programme-POCTEFA-2021-2027.pdf\" target=\"_blank\" rel=\"noopener\"><strong>Version finale du Texte du programme POCTEFA 2021-2027<\/strong><\/a><\/h3>\n<\/li>\n<li><strong>Annexe 1 : <a href=\"https:\/\/ctp.org\/wp-content\/uploads\/2023\/01\/20220927-ANNEXE-1-Doc-methodologie-dindicateurs.pdf\" target=\"_blank\" rel=\"noopener\">M\u00e9thodologie des indicateurs<\/a><\/strong><\/li>\n<li><strong>Annexe 2 : <a href=\"https:\/\/ctp.org\/wp-content\/uploads\/2023\/01\/20220912-ANEXO-2-ANNEXE-2-Complemento-I-Tablas-sinteticas-ES-FR.xlsx\" target=\"_blank\" rel=\"noopener\">Tableaux r\u00e9capitulatifs des indicateurs<\/a><\/strong><\/li>\n<li><strong>Annexe 3 : <a href=\"https:\/\/ctp.org\/wp-content\/uploads\/2023\/01\/20220912-ANEXO-3-ANNEXE-3-Complemento-II-Parametros-calculo-indicadores_ES_FR.xlsx\" target=\"_blank\" rel=\"noopener\">Param\u00e8tres de calcul des indicateurs<\/a><\/strong><\/li>\n<li><strong>Annexe 4 : <a href=\"https:\/\/2014-2020.poctefa.eu\/wp-content\/uploads\/2022\/10\/20220330-ANNEXE-4-Introduction-Aires-fonctionnelles-FR.pdf\" target=\"_blank\" rel=\"noopener\">Introduction Zones Fonctionnelles : carte g\u00e9n\u00e9rale et table des mati\u00e8res<\/a><\/strong><\/li>\n<li><strong>Annexe 5 : <a href=\"https:\/\/2014-2020.poctefa.eu\/wp-content\/uploads\/2022\/10\/20220330-ANNEXE-5-Zone-fonctionnelle-Ouest_FR.pdf\" target=\"_blank\" rel=\"noopener\">Zone fonctionnelle Ouest<\/a><\/strong><\/li>\n<li><strong>Annexe 6 : <a href=\"https:\/\/2014-2020.poctefa.eu\/wp-content\/uploads\/2022\/10\/20220330-ANNEXE-6-Zone-fonctionnelle-centre-FR.pdf\" target=\"_blank\" rel=\"noopener\">Zone fonctionnelle Centre<\/a><\/strong><\/li>\n<li><strong>Annexe 7 : <a href=\"https:\/\/2014-2020.poctefa.eu\/wp-content\/uploads\/2022\/10\/20220330-ANNEXE-7-Zone-fonctionnelle-montagne-Est-FR.pdf\" target=\"_blank\" rel=\"noopener\">Zone fonctionnelle Montagne Est<\/a><\/strong><\/li>\n<li><strong>Annexe 8 : <a href=\"https:\/\/ctp.org\/wp-content\/uploads\/2023\/01\/20220330-ANNEXE-8-Zone-fonctionnelle-Espace-Catalan-Transfrontaliere-FR.pdf\" target=\"_blank\" rel=\"noopener\">Zone fonctionnelle Espace Catalan Transfrontalier Est<\/a><\/strong><\/li>\n<li><strong>Annexe 9 : <a href=\"https:\/\/2014-2020.poctefa.eu\/wp-content\/uploads\/2023\/03\/20220330-ANNEXE-9-Zone-fonctionnelle-littorale-Est_FR.pdf\" target=\"_blank\" rel=\"noopener\">Zone fonctionnelle Littoral Est<\/a><\/strong><\/li>\n<\/ul>\n<\/li>\n<\/ul>\n<div class=\"fusion-clearfix\"><\/div><\/div><\/div><div class=\"fusion-one-third one_third fusion-layout-column fusion-column-last fusion-spacing-yes\" style=\"margin-top:0px;margin-bottom:20px;\"><div class=\"fusion-column-wrapper\"><p><img decoding=\"async\" loading=\"lazy\" class=\"aligncenter size-full wp-image-11464\" src=\"https:\/\/2014-2020.poctefa.eu\/wp-content\/uploads\/2023\/10\/Logotipo-POCTEFA_RGB_2.jpg\" alt=\"\" width=\"834\" height=\"213\" srcset=\"https:\/\/2014-2020.poctefa.eu\/wp-content\/uploads\/2023\/10\/Logotipo-POCTEFA_RGB_2.jpg 834w, https:\/\/2014-2020.poctefa.eu\/wp-content\/uploads\/2023\/10\/Logotipo-POCTEFA_RGB_2-300x77.jpg 300w, https:\/\/2014-2020.poctefa.eu\/wp-content\/uploads\/2023\/10\/Logotipo-POCTEFA_RGB_2-768x196.jpg 768w, https:\/\/2014-2020.poctefa.eu\/wp-content\/uploads\/2023\/10\/Logotipo-POCTEFA_RGB_2-150x38.jpg 150w\" sizes=\"(max-width: 834px) 100vw, 834px\" \/><\/p>\n<div class=\"fusion-clearfix\"><\/div><\/div><\/div><div class=\"fusion-clearfix\"><\/div><div class=\"fusion-one-full fusion-layout-column fusion-column-last fusion-spacing-yes\" style=\"margin-top:0px;margin-bottom:20px;\"><div class=\"fusion-column-wrapper\"><p>D&rsquo;autres documents relatifs au programme comprennent :<\/p>\n<ul>\n<li><strong><a href=\"https:\/\/2014-2020.poctefa.eu\/wp-content\/uploads\/2022\/10\/20220916_ANNEXE-XI-Rapport-incidences-POCTEFA-21-27_compressed.pdf\" target=\"_blank\" rel=\"noopener\">\u00c9tude environnementale strat\u00e9gique.<\/a><\/strong><\/li>\n<li><strong><a href=\"https:\/\/2014-2020.poctefa.eu\/wp-content\/uploads\/2022\/10\/20220916_ANNEXE-XII-R\u00e9sum\u00e9-non-techn_EAE_2021-2027_FR.pdf\" target=\"_blank\" rel=\"noopener\">R\u00e9sum\u00e9 non technique de l\u2019\u00e9tude environnementale strat\u00e9gique.<\/a><\/strong><\/li>\n<li><strong><a href=\"https:\/\/2014-2020.poctefa.eu\/wp-content\/uploads\/2022\/07\/DAE_POCTEFA_21_27_BOE_11_julio_2022.pdf\" target=\"_blank\" rel=\"noopener\">D\u00e9claration strat\u00e9gique environnementale<\/a><\/strong> (d\u00e9cision du 23 juin 2022, de la direction g\u00e9n\u00e9rale de la qualit\u00e9 environnementale et de l&rsquo;\u00e9valuation du minist\u00e8re espagnol de la transition \u00e9cologique et du d\u00e9fi d\u00e9mographique).<\/li>\n<\/ul>\n<div class=\"fusion-clearfix\"><\/div><\/div><\/div><div class=\"fusion-clearfix\"><\/div>\n","protected":false},"excerpt":{"rendered":"<p><a href=\"https:\/\/2014-2020.poctefa.eu\/fr\/approbation-et-texte-du-programme-poctefa-2021-2027\/\">Voir plus<\/a><\/p>\n","protected":false},"author":4,"featured_media":0,"parent":0,"menu_order":0,"comment_status":"closed","ping_status":"closed","template":"","meta":[],"_links":{"self":[{"href":"https:\/\/2014-2020.poctefa.eu\/fr\/wp-json\/wp\/v2\/pages\/11471"}],"collection":[{"href":"https:\/\/2014-2020.poctefa.eu\/fr\/wp-json\/wp\/v2\/pages"}],"about":[{"href":"https:\/\/2014-2020.poctefa.eu\/fr\/wp-json\/wp\/v2\/types\/page"}],"author":[{"embeddable":true,"href":"https:\/\/2014-2020.poctefa.eu\/fr\/wp-json\/wp\/v2\/users\/4"}],"replies":[{"embeddable":true,"href":"https:\/\/2014-2020.poctefa.eu\/fr\/wp-json\/wp\/v2\/comments?post=11471"}],"version-history":[{"count":2,"href":"https:\/\/2014-2020.poctefa.eu\/fr\/wp-json\/wp\/v2\/pages\/11471\/revisions"}],"predecessor-version":[{"id":11473,"href":"https:\/\/2014-2020.poctefa.eu\/fr\/wp-json\/wp\/v2\/pages\/11471\/revisions\/11473"}],"wp:attachment":[{"href":"https:\/\/2014-2020.poctefa.eu\/fr\/wp-json\/wp\/v2\/media?parent=11471"}],"curies":[{"name":"wp","href":"https:\/\/api.w.org\/{rel}","templated":true}]}}