{"id":1408,"date":"2015-12-16T11:54:30","date_gmt":"2015-12-16T10:54:30","guid":{"rendered":"https:\/\/2014-2020.poctefa.eu\/fr\/?page_id=1408"},"modified":"2015-12-16T13:30:48","modified_gmt":"2015-12-16T12:30:48","slug":"voir-tous-les-evenements","status":"publish","type":"page","link":"https:\/\/2014-2020.poctefa.eu\/fr\/nouvelles-et-evenements\/voir-tous-les-evenements\/","title":{"rendered":"Voir tous les \u00e9v\u00e9nements"},"content":{"rendered":"<div class='css-events-list'><div class=\"eventosListado\"><div class=\"eventosListadoReg\">\r\n<div class=\"media\">\r\n    <div class=\"entry-thumbnail\"><\/div>\r\n<\/div>\r\n<div class=\"data\">\r\n <h3><a href=\"https:\/\/2014-2020.poctefa.eu\/fr\/evenement\/webinaire-sur-les-declarations-de-depenses-et-de-financement\/\">Webinaire sur les d\u00e9clarations de d\u00e9penses et de financement<\/a> <\/h3>\r\n  <div class=\"fecha\">\r\n  03\/03\/2022 \r\n  <span>9:30   - 1:00  <\/span>\r\n  <\/div>\r\n<div class=\"categoria-evento\"  style=\"background-color:#83cdfa\"><span>Programme<\/span><\/div>\r\n  <article>\r\n \r\n  Le jeudi\u00a03 mars 2022,\u00a0aura lieu un\u00a0s\u00e9minaire virtuel interactif (webinaire) sur les\u00a0d\u00e9clarations de d\u00e9penses et de financement\u00a0des projets programm\u00e9s de l\u2019INTERREG V-A Espagne-France-Andorre (POCTEFA 2014-2020) : mesures et recommandations pour tenter de raccourcir le circuit de paiement. Ce s\u00e9minaire est destin\u00e9 \u00e0 tous les b\u00e9n\u00e9ficiaires et partenaires de projets POCTEFA programm\u00e9s....\r\n  <\/article>\r\n<\/div>\r\n<\/div>\r\n<div class=\"eventosListadoReg\">\r\n<div class=\"media\">\r\n    <div class=\"entry-thumbnail\"><\/div>\r\n<\/div>\r\n<div class=\"data\">\r\n <h3><a href=\"https:\/\/2014-2020.poctefa.eu\/fr\/evenement\/colloque-international-la-montagne-pour-lelite-ou-pour-le-peuple\/\">Colloque International \u00ab La montagne: pour l\u2019\u00e9lite ou pour le peuple ? \u00bb<\/a> <\/h3>\r\n  <div class=\"fecha\">\r\n  11\/12\/2019 - 12\/12\/2019 \r\n  <span>Toute la journ\u00e9e<\/span>\r\n  <\/div>\r\n<div class=\"categoria-evento\"  style=\"background-color:#61d59d\"><span>Projets<\/span><\/div>\r\n  <article>\r\n \r\n  L\u2019Observatoire transfrontalier des refuges des Pyr\u00e9n\u00e9es organise les 11 et 12 d\u00e9cembre 2019 le colloque international \u00ab La montagne: pour l\u2019\u00e9lite ou pour le peuple ? Usages des loisirs en montagne, cultures nationales et traditions locales en Europe Occidentale depuis la fin du XIXe si\u00e8cle \u00bb. Ce colloque s'inscrit dans...\r\n  <\/article>\r\n<\/div>\r\n<\/div>\r\n<div class=\"eventosListadoReg\">\r\n<div class=\"media\">\r\n    <div class=\"entry-thumbnail\"><\/div>\r\n<\/div>\r\n<div class=\"data\">\r\n <h3><a href=\"https:\/\/2014-2020.poctefa.eu\/fr\/evenement\/journee-projectes-de-territori\/\">Journ\u00e9e \u00ab Projectes de territori \u00bb<\/a> <\/h3>\r\n  <div class=\"fecha\">\r\n  29\/11\/2019 \r\n  <span>9:15   - 2:00  <\/span>\r\n  <\/div>\r\n<div class=\"categoria-evento\"  style=\"background-color:#61d59d\"><span>Projets<\/span><\/div>\r\n  <article>\r\n \r\n  Le 29 novembre \u00e0 G\u00e9rone, se tiendra l\u2019\u00e9v\u00e9nement \u00ab Projectes de territori \u00bb, organis\u00e9 par Europa Direct Girona avec le soutien de la Comission europ\u00e9enne. Cette journ\u00e9e vise \u00e0 informer les citoyens du territoire sur la politique r\u00e9gionale de l\u2019Union europ\u00e9enne et les projets de coop\u00e9ration actifs dans la province...\r\n  <\/article>\r\n<\/div>\r\n<\/div>\r\n<div class=\"eventosListadoReg\">\r\n<div class=\"media\">\r\n    <div class=\"entry-thumbnail\"><\/div>\r\n<\/div>\r\n<div class=\"data\">\r\n <h3><a href=\"https:\/\/2014-2020.poctefa.eu\/fr\/evenement\/poctefa-et-vous-cooperons-pour-continuer-a-grandir\/\">POCTEFA ET VOUS : Coop\u00e9rons pour continuer \u00e0 grandir<\/a> <\/h3>\r\n  <div class=\"fecha\">\r\n  26\/11\/2019 - 27\/11\/2019 \r\n  <span>Toute la journ\u00e9e<\/span>\r\n  <\/div>\r\n<div class=\"categoria-evento\"  style=\"background-color:#83cdfa\"><span>Programme<\/span><\/div>\r\n  <article>\r\n \r\n  Les 26 et 27 novembre se tiendra \u00e0 Jaca (Huesca) le premier \u00e9v\u00e9nement du POCTEFA 2014-2020 d\u00e9di\u00e9 aux r\u00e9sultats, aux bonnes pratiques et \u00e0 l\u2019avenir du programme et ses projets. L'\u00e9v\u00e9nement r\u00e9unira d\u2019autres programmes Interreg, des repr\u00e9sentants de la Commission europ\u00e9enne et des acteurs locaux qui travaillent \u00e0 promouvoir la...\r\n  <\/article>\r\n<\/div>\r\n<\/div>\r\n<div class=\"eventosListadoReg\">\r\n<div class=\"media\">\r\n    <div class=\"entry-thumbnail\"><\/div>\r\n<\/div>\r\n<div class=\"data\">\r\n <h3><a href=\"https:\/\/2014-2020.poctefa.eu\/fr\/evenement\/8eme-congres-iberique-sur-les-prions-avec-le-projet-redprion\/\">8\u00e8me Congr\u00e8s Ib\u00e9rique sur les Prions avec le projet REDPRION<\/a> <\/h3>\r\n  <div class=\"fecha\">\r\n  24\/10\/2019 - 26\/10\/2019 \r\n  <span>8:30   - 6:00  <\/span>\r\n  <\/div>\r\n<div class=\"categoria-evento\"  style=\"background-color:#61d59d\"><span>Projets<\/span><\/div>\r\n  <article>\r\n \r\n  Le projet POCTEFA REDPRION participera au 8\u00e8me Congr\u00e8s Ib\u00e9rique sur les Prions\u00a0\u00e0 Castelo Branco (Portugal) o\u00f9 seront pr\u00e9sent\u00e9s les principaux r\u00e9sultats du projet \u00e0 ce jour. REDPRION est un projet du premier appel du POCTEFA 2014-2020 qui vise \u00e0 cr\u00e9er un r\u00e9seau scientifique dans le domaine des maladies \u00e0 prions,...\r\n  <\/article>\r\n<\/div>\r\n<\/div>\r\n<\/div><span class=\"em-pagination\" > <strong><span class=\"page-numbers current\">1<\/span><\/strong> <a class=\"page-numbers\" href=\"\/fr\/wp-json\/wp\/v2\/pages\/1408?pno=2\" title=\"2\">2<\/a>  <a class=\"page-numbers\" href=\"\/fr\/wp-json\/wp\/v2\/pages\/1408?pno=3\" title=\"3\">3<\/a>  <a class=\"page-numbers\" href=\"\/fr\/wp-json\/wp\/v2\/pages\/1408?pno=4\" title=\"4\">4<\/a>  <a class=\"page-numbers\" href=\"\/fr\/wp-json\/wp\/v2\/pages\/1408?pno=5\" title=\"5\">5<\/a>  <a class=\"page-numbers\" href=\"\/fr\/wp-json\/wp\/v2\/pages\/1408?pno=6\" title=\"6\">6<\/a>  <a class=\"page-numbers\" href=\"\/fr\/wp-json\/wp\/v2\/pages\/1408?pno=7\" title=\"7\">7<\/a>  <a class=\"page-numbers\" href=\"\/fr\/wp-json\/wp\/v2\/pages\/1408?pno=8\" title=\"8\">8<\/a>  <a class=\"page-numbers\" href=\"\/fr\/wp-json\/wp\/v2\/pages\/1408?pno=9\" title=\"9\">9<\/a>  <a class=\"page-numbers\" href=\"\/fr\/wp-json\/wp\/v2\/pages\/1408?pno=10\" title=\"10\">10<\/a>  <a class=\"next page-numbers\" href=\"\/fr\/wp-json\/wp\/v2\/pages\/1408?pno=2\" title=\"2\">&gt;<\/a>  <a class=\"next page-numbers\" href=\"\/fr\/wp-json\/wp\/v2\/pages\/1408?pno=14\" title=\"14\">&gt;&gt;<\/a> <\/span><\/div>\n","protected":false},"excerpt":{"rendered":"<p><a href=\"https:\/\/2014-2020.poctefa.eu\/fr\/nouvelles-et-evenements\/voir-tous-les-evenements\/\">Voir plus<\/a><\/p>\n","protected":false},"author":1,"featured_media":0,"parent":381,"menu_order":4,"comment_status":"closed","ping_status":"closed","template":"","meta":[],"_links":{"self":[{"href":"https:\/\/2014-2020.poctefa.eu\/fr\/wp-json\/wp\/v2\/pages\/1408"}],"collection":[{"href":"https:\/\/2014-2020.poctefa.eu\/fr\/wp-json\/wp\/v2\/pages"}],"about":[{"href":"https:\/\/2014-2020.poctefa.eu\/fr\/wp-json\/wp\/v2\/types\/page"}],"author":[{"embeddable":true,"href":"https:\/\/2014-2020.poctefa.eu\/fr\/wp-json\/wp\/v2\/users\/1"}],"replies":[{"embeddable":true,"href":"https:\/\/2014-2020.poctefa.eu\/fr\/wp-json\/wp\/v2\/comments?post=1408"}],"version-history":[{"count":2,"href":"https:\/\/2014-2020.poctefa.eu\/fr\/wp-json\/wp\/v2\/pages\/1408\/revisions"}],"predecessor-version":[{"id":1439,"href":"https:\/\/2014-2020.poctefa.eu\/fr\/wp-json\/wp\/v2\/pages\/1408\/revisions\/1439"}],"up":[{"embeddable":true,"href":"https:\/\/2014-2020.poctefa.eu\/fr\/wp-json\/wp\/v2\/pages\/381"}],"wp:attachment":[{"href":"https:\/\/2014-2020.poctefa.eu\/fr\/wp-json\/wp\/v2\/media?parent=1408"}],"curies":[{"name":"wp","href":"https:\/\/api.w.org\/{rel}","templated":true}]}}