{"id":1592,"date":"2015-12-21T16:33:29","date_gmt":"2015-12-21T15:33:29","guid":{"rendered":"https:\/\/2014-2020.poctefa.eu\/fr\/?page_id=1592"},"modified":"2023-07-19T13:53:03","modified_gmt":"2023-07-19T11:53:03","slug":"partenaires-institutionnels-du-programme","status":"publish","type":"page","link":"https:\/\/2014-2020.poctefa.eu\/fr\/partenaires-institutionnels-du-programme\/","title":{"rendered":"Partenaires institutionnels du programme"},"content":{"rendered":"<div class=\"fusion-fullwidth fullwidth-box fusion-fullwidth-1  fusion-parallax-none nonhundred-percent-fullwidth\" style=\"border-color:#eae9e9;border-bottom-width: 0px;border-top-width: 0px;border-bottom-style: solid;border-top-style: solid;padding-bottom:20px;padding-top:20px;padding-left:px;padding-right:px;\"><style type=\"text\/css\" scoped=\"scoped\">.fusion-fullwidth-1 {\r\n                            padding-left: px !important;\r\n                            padding-right: px !important;\r\n                        }<\/style><div class=\"fusion-row\"><h3><strong><span style=\"color: #8a0015;\">Coordinateurs Territoriaux<\/span><br \/>\n<\/strong><\/h3>\n<div class=\"fusion-one-third one_third fusion-layout-column fusion-spacing-yes\" style=\"margin-top:0px;margin-bottom:20px;\"><div class=\"fusion-column-wrapper\"><p>Ouest<\/p>\n<p>D\u00e9partement des Pyr\u00e9n\u00e9es Atlantiques. Direction G\u00e9n\u00e9rale du D\u00e9veloppement Economique et Territorial.<\/p>\n<p>Mission coop\u00e9ration transfrontali\u00e8re et ext\u00e9rieure<\/p>\n<p>Emilie de Bailliencourt<br \/>\n+33 (0)\u00a0 559 11 40 22<br \/>\n<span id=\"OBJ_PREFIX_DWT9116_ZmEmailObjectHandler\" class=\"Object\"><span id=\"OBJ_PREFIX_DWT9143_ZmEmailObjectHandler\" class=\"Object\"><a href=\"mailto:emilie.de-bailliencourt@le64.fr\" target=\"_blank\" rel=\"nofollow noopener noreferrer\">emilie.de-bailliencourt@le64.fr<br \/>\n<\/a><\/span><\/span><a href=\"http:\/\/www.le64.fr\">www.le64.fr<\/a><\/p>\n<div class=\"fusion-clearfix\"><\/div><\/div><\/div><div class=\"fusion-one-third one_third fusion-layout-column fusion-spacing-yes\" style=\"margin-top:0px;margin-bottom:20px;\"><div class=\"fusion-column-wrapper\"><p>Centre<\/p>\n<p>Gobierno de Arag\u00f3n. Departamento de Hacienda y Administraci\u00f3n P\u00fablica<\/p>\n<p>Servicio de Fondos Europeos<\/p>\n<p>Gabriel Navarro<br \/>\n+ 34 976 714 271<br \/>\n<a href=\"mailto:gnavarrom@aragon.es\" target=\"_blank\" rel=\"noopener\">gnavarrom@aragon.es<\/a><br \/>\n<a href=\"http:\/\/www.aragon.es\">www.aragon.es<\/a><\/p>\n<div class=\"fusion-clearfix\"><\/div><\/div><\/div><div class=\"fusion-one-third one_third fusion-layout-column fusion-column-last fusion-spacing-yes\" style=\"margin-top:0px;margin-bottom:20px;\"><div class=\"fusion-column-wrapper\"><p>Est<\/p>\n<p>Generalitat de Catalunya.<br \/>\nDirecci\u00f3 General de Promoci\u00f3 Econ\u00f2mica, Compet\u00e8ncia i Regulaci\u00f3.<\/p>\n<p>Teresa Medina<br \/>\n+ 34 935 528 107<br \/>\n<a href=\"mailto:t.medina@gencat.cat\">t.medina@gencat.cat<\/a><br \/>\n<a href=\"http:\/\/www.gencat.cat\" target=\"_blank\" rel=\"noopener\">www.gencat.cat<\/a><\/p>\n<div class=\"fusion-clearfix\"><\/div><\/div><\/div><div class=\"fusion-clearfix\"><\/div><div class=\"fusion-sep-clear\"><\/div><div class=\"fusion-separator fusion-full-width-sep sep-single sep-dotted\" style=\"border-color:#001489;border-top-width:1px;margin-left: auto;margin-right: auto;margin-top:35px;\"><\/div><h3><span style=\"color: #8a0015;\">Coordonn\u00e9es des partenaires institutionnels du Programme<\/span><\/h3>\n<h3 style=\"text-align: center;\"><span style=\"color: #001489;\">France<\/span><\/h3>\n<p><strong>D\u00e9partements<\/strong><\/p>\n<div class=\"fusion-one-half fusion-layout-column fusion-spacing-yes\" style=\"margin-top:0px;margin-bottom:20px;\"><div class=\"fusion-column-wrapper\"><p><strong>D\u00e9partement des Pyr\u00e9n\u00e9es Atlantiques<\/strong><br \/>\nD\u00e9l\u00e9gation de Bayonne<br \/>\n4 all\u00e9e des Platanes \u2013 BP 431<br \/>\n64104 BAYONNE CEDEX<br \/>\nTel. +33 559\u00a0 11 40 98 \/ +33 559\u00a0 11 40 22<br \/>\n<u>Contact<\/u>: Julien Latour, Emilie de Bailliencourt<br \/>\n<span id=\"OBJ_PREFIX_DWT9114_ZmEmailObjectHandler\" class=\"Object\"><span id=\"OBJ_PREFIX_DWT9142_ZmEmailObjectHandler\" class=\"Object\"><a href=\"mailto:julien.latour@le64.fr\">julien.latour@le64.fr<\/a> <\/span><\/span>; <span id=\"OBJ_PREFIX_DWT9116_ZmEmailObjectHandler\" class=\"Object\"><span id=\"OBJ_PREFIX_DWT9143_ZmEmailObjectHandler\" class=\"Object\"><a href=\"mailto:emilie.de-bailliencourt@le64.fr\" target=\"_blank\" rel=\"nofollow noopener noreferrer\">emilie.de-bailliencourt@le64.fr<\/a><\/span><\/span><\/p>\n<p><strong>D\u00e9partement de la Haute-Garonne<\/strong><br \/>\nH\u00f4tel du D\u00e9partement<br \/>\n1, Boulevard de la Marquette<br \/>\n31 090 TOULOUSE Cedex 09 (France)<br \/>\nTel: 33 &#8211; 5 34 33 43 72<br \/>\n<u>Contact<\/u>: Denise Marty<br \/>\n<u><a href=\"mailto:denise.marty@cd31.fr\">denise.marty@cd31.fr<\/a><br \/>\n<\/u><\/p>\n<p><strong>D\u00e9partement des Pyr\u00e9n\u00e9es-Orientales<\/strong><br \/>\nH\u00f4tel du D\u00e9partement<br \/>\n24, quai Sadi Carnot<br \/>\n66 009 PERPIGNAN Cedex (France)<br \/>\nTel: 33 &#8211; 4 68 85 82 88 \/ 4 68 85 82 94<br \/>\n<u>Contacts<\/u> : Florent Martiche, Vanessa Garcia Alonso<br \/>\n<a href=\"mailto:florent.martiche@cd66.fr\">florent.martiche@cd66.fr<\/a>; <a href=\"mailto:vanessa.garciaalonso@cd66.fr\">vanessa.garciaalonso@cd66.fr<\/a><\/p>\n<div class=\"fusion-clearfix\"><\/div><\/div><\/div><div class=\"fusion-one-half fusion-layout-column fusion-column-last fusion-spacing-yes\" style=\"margin-top:0px;margin-bottom:20px;\"><div class=\"fusion-column-wrapper\"><p><strong>D\u00e9partement des Hautes-Pyr\u00e9n\u00e9es<\/strong><br \/>\nH\u00f4tel du D\u00e9partement<br \/>\n6-11, rue Gaston MANENT<br \/>\nBP 1324<br \/>\n65 013 TARBES Cedex 09 (France)<br \/>\nTel : +33 5 62 56 78 65; + 33 5 62 56 78 62<br \/>\n<u>Contacts<\/u> : Am\u00e9lie Soeiro; Clara Durand<br \/>\n<span id=\"OBJ_PREFIX_DWT2563_com_zimbra_email\" class=\"Object\"><span id=\"OBJ_PREFIX_DWT2703_com_zimbra_email\" class=\"Object\"><\/span><\/span><span class=\"Object\"><a href=\"mailto:amelie.soeiro@ha-py.fr\" target=\"_blank\" rel=\"noopener\">amelie.soeiro@ha-py.fr<\/a>; <a href=\"mailto:clara.durand@ha-py.fr\" target=\"_blank\" rel=\"noopener\">clara.durand@ha-py.fr<\/a><\/span><\/p>\n<p><strong>D\u00e9partement de l\u2019Ari\u00e8ge<\/strong><br \/>\nH\u00f4tel du D\u00e9partement<br \/>\n5-7, rue du Cap de la Ville<br \/>\n09 001 FOIX Cedex (France)<br \/>\nTel: + 33 \u2013 5 61 02 09 51<br \/>\n<u>Contacts<\/u> : <em>Ingrid Chantoiseau<br \/>\n<em><a href=\"mailto:ichantoiseau@ariege.fr\">ichantoiseau@ariege.fr<\/a><\/em><\/em><\/p>\n<div class=\"fusion-clearfix\"><\/div><\/div><\/div><div class=\"fusion-clearfix\"><\/div><p>Conseils R\u00e9gionaux<\/p>\n<div class=\"fusion-one-half fusion-layout-column fusion-spacing-yes\" style=\"margin-top:0px;margin-bottom:20px;\"><div class=\"fusion-column-wrapper\"><p><strong>Conseil R\u00e9gional de la Nouvelle Aquitaine<\/strong><\/p>\n<p>H\u00f4tel de R\u00e9gion<br \/>\n14, rue Fran\u00e7ois de Sourdis<br \/>\n33 077 BORDEAUX Cedex (France)<br \/>\nTel: 33 &#8211; 5 57 57 80 00<br \/>\n<u>Contacts<\/u> : Jean-Michel Arriv\u00e9, Ludovic Lareynie<em>, <\/em>J\u00e9r\u00e9my Amoreau, Sof\u00eda Munevar <em><br \/>\n<\/em><a href=\"mailto:jean-michel.arrive@nouvelle-aquitaine.fr\">jean-michel.arrive@nouvelle-aquitaine.fr<\/a> ;\u00a0<a href=\"mailto:ludovic.lareynie@nouvelle-aquitaine.fr\">ludovic.lareynie@nouvelle-aquitaine.fr<\/a>; <a href=\"mailto:jeremy.amoreau@nouvelle-aquitaine.fr\">jeremy.amoreau@nouvelle-aquitaine.fr<\/a>; <a href=\"mailto:sofia.munevar@nouvelle-aquitaine.fr\" target=\"_blank\" rel=\"noopener\">sofia.munevar@nouvelle-aquitaine.fr<\/a><\/p>\n<div class=\"fusion-clearfix\"><\/div><\/div><\/div><div class=\"fusion-one-half fusion-layout-column fusion-column-last fusion-spacing-yes\" style=\"margin-top:0px;margin-bottom:20px;\"><div class=\"fusion-column-wrapper\"><p><strong>Conseil R\u00e9gional\u00a0Occitanie \/ Pyr\u00e9n\u00e9es-M\u00e9diterran\u00e9e <\/strong><\/p>\n<p>H\u00f4tel de R\u00e9gion<\/p>\n<p><strong>Toulouse<\/strong><br \/>\n22, Boulevard du Mar\u00e9chal Juin<br \/>\n31406 TOULOUSE Cedex 4 (France)<\/p>\n<p><strong>Montpellier<\/strong><br \/>\n201, Avenue de la Pompignane<br \/>\n34064 MONTPELLIER Cedex 2 (France)<\/p>\n<p><u>Contacts<\/u> : Gloria Paulhe-Perarnau<br \/>\n<a href=\"mailto:gloria.paulhe@laregion.fr\" target=\"_blank\" rel=\"noopener\">gloria.paulhe@laregion.fr<\/a><br \/>\nTel: + 33 \u2013 5 61 39 67 28<br \/>\n<a href=\"http:\/\/www.laregion.fr\" target=\"_blank\" rel=\"noopener\">www.laregion.fr<\/a><\/p>\n<div class=\"fusion-clearfix\"><\/div><\/div><\/div><div class=\"fusion-clearfix\"><\/div><p>Etat Fran\u00e7ais<\/p>\n<div class=\"fusion-one-half fusion-layout-column fusion-spacing-yes\" style=\"margin-top:0px;margin-bottom:20px;\"><div class=\"fusion-column-wrapper\"><p><strong>Pr\u00e9fecture de la R\u00e9gion<strong>\u00a0Occitanie<\/strong><\/strong><br \/>\nSecr\u00e9tariat G\u00e9n\u00e9ral pour les Affaires r\u00e9gionales &#8211; Mission Affaires europ\u00e9ennes et internationales<br \/>\n1, Place Saint Etienne<br \/>\n31 038 TOULOUSE Cedex 9 (France)<br \/>\nTel: 33 &#8211; 5 34 45 33 34<\/p>\n<p><u>Contacts<\/u> :<\/p>\n<p>Fabien Pichon &#8211; Charg\u00e9 de mission Affaires europ\u00e9ennes et internationales<br \/>\n<a href=\"mailto:fabien.pichon@occitanie.gouv.fr\">fabien.pichon@occitanie.gouv.fr\u00a0<\/a><br \/>\nS\u00e9bastien Ruffel &#8211; Cadre d&rsquo;appui SCEC<br \/>\n<a href=\"mailto:sebastien.ruffel@occitanie.gouv.fr\">sebastien.ruffel@occitanie.gouv.fr<\/a><\/p>\n<div class=\"fusion-clearfix\"><\/div><\/div><\/div><div class=\"fusion-one-half fusion-layout-column fusion-column-last fusion-spacing-yes\" style=\"margin-top:0px;margin-bottom:20px;\"><div class=\"fusion-column-wrapper\"><p><strong>Commissariat \u00e0 l\u2019Am\u00e9nagement, au D\u00e9veloppement et \u00e0 la Protection du Massif des Pyr\u00e9n\u00e9es<\/strong><br \/>\nH\u00f4tel St Jean<br \/>\n32, rue de la Dalbade<br \/>\n31000 Toulouse (France)<br \/>\nTel : + 33 \u2013 5 61 28 73 66<br \/>\n<u>Contacts<\/u> : Thomas Bunel<a href=\"mailto:thomas.bunel@cget.gouv.fr\"><em><br \/>\nthomas.bunel@cget.gouv.fr<\/em><\/a><\/p>\n<div class=\"fusion-clearfix\"><\/div><\/div><\/div><div class=\"fusion-clearfix\"><\/div><div class=\"fusion-sep-clear\"><\/div><div class=\"fusion-separator fusion-full-width-sep sep-single\" style=\"border-color:#001489;border-top-width:1px;margin-left: auto;margin-right: auto;margin-top:20px;margin-bottom:30px;\"><span class=\"icon-wrapper\" style=\"border-color:#001489;\"><i class=\"fa fa-star\" style=\"color:#001489;\"><\/i><\/span><\/div><h3 style=\"text-align: center;\"><span style=\"color: #001489;\">Espagne<\/span><\/h3>\n<p>Communaut\u00e9s autonomes<\/p>\n<div class=\"fusion-one-half fusion-layout-column fusion-spacing-yes\" style=\"margin-top:0px;margin-bottom:20px;\"><div class=\"fusion-column-wrapper\"><p><strong>Eusko Jaurlaritza \/ Gobierno Vasco<\/strong><br \/>\nLehendakaritza\/Presidencia<br \/>\nSecretar\u00eda General de Uni\u00f3n Europea y Acci\u00f3n Exterior-Direcci\u00f3n para la Uni\u00f3n Europea<br \/>\nC\/ Navarra, 2<br \/>\n01007 VITORIA-GASTEIZ<br \/>\nTel: + 34 \u2013 945 01 78 10<br \/>\n<u>Personas de contacto<\/u>:\u00a0 Amaia Herr\u00e1n, Ibon Mendibelzua<br \/>\n<a href=\"mailto:a-herran@euskadi.eus\">a-herran@euskadi.eus<\/a> ; <a href=\"mailto:i-mendibelzua@euskadi.eus\">i-mendibelzua@euskadi.eus<\/a><\/p>\n<p><strong>Gobierno\u00a0de Navarra \/ Nafarroako Gobernua<\/strong><br \/>\nDirecci\u00f3n General de Acci\u00f3n Exterior<br \/>\nC\/ Yanguas y Miranda 27, 1\u00ba<br \/>\n31 003 PAMPLONA<br \/>\nTel: + 34 \u2013 848 42 19 81<br \/>\n<u>Contacts<\/u>\u00a0: Pello Pellejero Go\u00f1i, Marina Roncal<br \/>\n<span id=\"OBJ_PREFIX_DWT4323_com_zimbra_email\" class=\"Object\"><span id=\"OBJ_PREFIX_DWT4340_com_zimbra_email\" class=\"Object\"><a href=\"mailto:pello.pellejero.goni@navarra.es\" target=\"_blank\" rel=\"noopener\">pello.pellejero.goni@navarra.es<\/a><\/span><\/span>\u00a0; <a href=\"mailto:mroncald@navarra.es\">mroncald@navarra.es<\/a><\/p>\n<p><strong>Gobierno de la Rioja<\/strong><br \/>\nOficina de Control Presupuestario<br \/>\nConsejer\u00eda de Administraci\u00f3n P\u00fablica y Hacienda<br \/>\nPortales, 46<br \/>\n26 071 LOGRO\u00d1O (Espa\u00f1a)<br \/>\nTel: 34 &#8211; 941 29 12 50<br \/>\n<u>Contacts<\/u> : Rebeca Fern\u00e1ndez<br \/>\n<a href=\"mailto:rfernandez@larioja.org\" target=\"_blank\" rel=\"noopener\">rfernandez@larioja.org<\/a><\/p>\n<div class=\"fusion-clearfix\"><\/div><\/div><\/div><div class=\"fusion-one-half fusion-layout-column fusion-column-last fusion-spacing-yes\" style=\"margin-top:0px;margin-bottom:20px;\"><div class=\"fusion-column-wrapper\"><p><strong>Generalitat de Catalunya<\/strong><\/p>\n<p><strong>Generalitat de Catalunya<\/strong><br \/>\nDirecci\u00f3n General de Fondos Europeos y Ayudas de Estado<br \/>\nPasseig de Gr\u00e0cia, 19<br \/>\n08007 BARCELONA<br \/>\nTel: +34 \u2013 935 52 81 07<br \/>\n<u>Contacts<\/u>: Teresa Medina, Mar\u00eda Jos\u00e9 Guill\u00e9n D\u00edaz, Quira Oms<br \/>\n<a href=\"mailto:t.medina@gencat.cat\" target=\"_blank\" rel=\"noopener\">t.medina@gencat.cat<\/a>, <a href=\"mailto:mariajose.guillen@gencat.cat\" target=\"_blank\" rel=\"noopener\">mariajose.guillen@gencat.cat<\/a>, <a href=\"mailto:rosariochiquinquiraoms@gencat.cat\" target=\"_blank\" rel=\"noopener\">rosariochiquinquiraoms@gencat.cat<\/a>,\u00a0 <a href=\"mailto:subgprogramacio.eco@gencat.cat\" target=\"_blank\" rel=\"noopener\">subgprogramacio.eco@gencat.cat<\/a>,<\/p>\n<p>&nbsp;<\/p>\n<p><strong>Gobierno de Arag\u00f3n<\/strong><br \/>\nDiputaci\u00f3n General de Arag\u00f3n<br \/>\nDepartamento de Econom\u00eda, Hacienda y Empleo<br \/>\nPlaza de los Sitios 7<br \/>\n50.071 Zaragoza<br \/>\nTel: +34 976 714103 &#8211; 976 715 955<br \/>\n<u>Contacts<\/u> : Gabriel Navarro, Elena Amaro<br \/>\n<a href=\"mailto:gnavarrom@aragon.es\">gnavarrom@aragon.es<\/a>; <a href=\"mailto:eamaros@aragon.es\" target=\"_blank\" rel=\"noopener\">eamaros@aragon.es <\/a><\/p>\n<div class=\"fusion-clearfix\"><\/div><\/div><\/div><div class=\"fusion-clearfix\"><\/div><p>Etat Espagnol<\/p>\n<p><strong>Ministerio de Hacienda y Funci\u00f3n P\u00fablica<\/strong><br \/>\nDirecci\u00f3n General de Fondos\u00a0Europeos<br \/>\nSubdirecci\u00f3n General de Cooperaci\u00f3n Territorial Europea<br \/>\nPaseo de la Castellana, 162<br \/>\n28 026 MADRID (Espa\u00f1a)<br \/>\nTel: + 34 \u2013 91 583 00 31 \/ + 34 \u2013 91 583 57 10<br \/>\n<u>Contacts<\/u> : <em>Carmen Hern\u00e1ndez, Elena Barrios Barcia<\/em><em>, Ana Mar\u00eda Mart\u00ednez Bordas<a href=\"mailto:MCHernandez@sepg.minhap.es\"><br \/>\n<\/a><a href=\"mailto:MCHernandez@sepg.hacienda.gob.es\">MCHernandez@sepg.hacienda.gob.es<\/a><a href=\"mailto:MCHernandez@sepg.minhap.es\">; <\/a><a href=\"mailto: ebarriosb@sepg.hacienda.gob.es\">ebarriosb@sepg.hacienda.gob.es\u00a0<\/a>; <a href=\"mailto:ammartinezb@sepg.hacienda.gob.es\" target=\"_blank\" rel=\"nofollow noopener noreferrer\">ammartinezb@sepg.hacienda.gob.es<\/a>\u00a0<a href=\"mailto:MCHernandez@sepg.minhap.es\"><br \/>\n<\/a><\/em><\/p>\n<div class=\"fusion-sep-clear\"><\/div><div class=\"fusion-separator fusion-full-width-sep sep-single\" style=\"border-color:#001489;border-top-width:1px;margin-left: auto;margin-right: auto;margin-top:px;margin-bottom:50px;\"><span class=\"icon-wrapper\" style=\"border-color:#001489;\"><i class=\"fa fa-star\" style=\"color:#001489;\"><\/i><\/span><\/div><h3 style=\"text-align: center;\"><span style=\"color: #001489;\">Andorre<\/span><\/h3>\n<p><strong>Principat d\u2019Andorra<\/strong><br \/>\nMinisterio de Asuntos Exteriores<br \/>\nEdifici Administratiu de Govern<br \/>\nC\/ Prat de la Creu, 62-64<br \/>\nAD 500 ANDORRA la VELLA (Andorra)<br \/>\nTel: 376 &#8211; 875 700<br \/>\n<u>Contacts<\/u> : Andreu Jordi; Maira L\u00f3pez<br \/>\n<a href=\"mailto:andreujordi@govern.ad\" target=\"_blank\" rel=\"noopener\">andreujordi@govern.ad<\/a><br \/>\n<a href=\"mailto:maira_lopez@govern.ad\">maira_lopez@govern.ad<\/a><\/p>\n<\/div><\/div>\n","protected":false},"excerpt":{"rendered":"<p><a href=\"https:\/\/2014-2020.poctefa.eu\/fr\/partenaires-institutionnels-du-programme\/\">Voir plus<\/a><\/p>\n","protected":false},"author":4,"featured_media":0,"parent":0,"menu_order":0,"comment_status":"closed","ping_status":"closed","template":"","meta":[],"_links":{"self":[{"href":"https:\/\/2014-2020.poctefa.eu\/fr\/wp-json\/wp\/v2\/pages\/1592"}],"collection":[{"href":"https:\/\/2014-2020.poctefa.eu\/fr\/wp-json\/wp\/v2\/pages"}],"about":[{"href":"https:\/\/2014-2020.poctefa.eu\/fr\/wp-json\/wp\/v2\/types\/page"}],"author":[{"embeddable":true,"href":"https:\/\/2014-2020.poctefa.eu\/fr\/wp-json\/wp\/v2\/users\/4"}],"replies":[{"embeddable":true,"href":"https:\/\/2014-2020.poctefa.eu\/fr\/wp-json\/wp\/v2\/comments?post=1592"}],"version-history":[{"count":98,"href":"https:\/\/2014-2020.poctefa.eu\/fr\/wp-json\/wp\/v2\/pages\/1592\/revisions"}],"predecessor-version":[{"id":11342,"href":"https:\/\/2014-2020.poctefa.eu\/fr\/wp-json\/wp\/v2\/pages\/1592\/revisions\/11342"}],"wp:attachment":[{"href":"https:\/\/2014-2020.poctefa.eu\/fr\/wp-json\/wp\/v2\/media?parent=1592"}],"curies":[{"name":"wp","href":"https:\/\/api.w.org\/{rel}","templated":true}]}}