{"id":1982,"date":"2016-04-11T11:14:15","date_gmt":"2016-04-11T09:14:15","guid":{"rendered":"https:\/\/2014-2020.poctefa.eu\/fr\/?page_id=1982"},"modified":"2020-04-22T11:21:29","modified_gmt":"2020-04-22T09:21:29","slug":"plan-anti-fraude-poctefa","status":"publish","type":"page","link":"https:\/\/2014-2020.poctefa.eu\/fr\/documentation\/les-documents-relatifs-au-programme\/plan-anti-fraude-poctefa\/","title":{"rendered":"Plan anti-fraude POCTEFA"},"content":{"rendered":"<p>La Commission Europ\u00e9enne recommande que les autorit\u00e9s de gestion des programmes europ\u00e9ens adoptent une approche proactive, structur\u00e9e et cibl\u00e9e vis-\u00e0-vis de la gestion du risque de fraude.<\/p>\n<p>Toutes les autorit\u00e9s charg\u00e9es de la mise en \u0153uvre des programmes s\u2019engagent \u00e0 maintenir une politique de tol\u00e9rance z\u00e9ro et ont la responsabilit\u00e9 de d\u00e9montrer que toute tentative de fraude relative au budget de l\u2019Union Europ\u00e9enne est inacceptable et ne sera pas tol\u00e9r\u00e9e.<\/p>\n<p>Le programme POCTEFA dispose de trois documents relatifs au risque de fraude :<\/p>\n<ul>\n<li><strong>D\u00e9claration de lutte contre la fraude<\/strong><\/li>\n<\/ul>\n<p>Parmi les documents recommand\u00e9s par la Commission, figure un mod\u00e8le optionnel pour les autorit\u00e9s de gestion qui souhaitent exprimer leur position officielle concernant la fraude et la corruption.<\/p>\n<p>L\u00b4Autorit\u00e9 de Gestion du POCTEFA a adopt\u00e9 cette <strong>d\u00e9claration de politique g\u00e9n\u00e9rale de lutte contre la fraude pour la programmation 2014-2020 et nous vous la pr\u00e9sentons <a href=\"https:\/\/2014-2020.poctefa.eu\/wp-content\/uploads\/2016\/04\/Politique-antifraude-AG.pdf\" target=\"_blank\">ici<\/a>.<\/strong><\/p>\n<p><em>Extraits de la note EGESIF_14-0021-00 \u00ab\u00a0NOTE D\u2019ORIENTATION RELATIVE \u00c0 L\u2019\u00c9VALUATION DU RISQUE DE FRAUDE ET AUX MESURES ANTIFRAUDE EFFICACES ET PROPORTIONN\u00c9ES\u00a0\u00bb<\/em><\/p>\n<ul>\n<li><strong>Code de conduite \u00e9thique du Consorcio de la CTP.<\/strong> T\u00e9l\u00e9charger en cliquant<strong> <a href=\"https:\/\/2014-2020.poctefa.eu\/wp-content\/uploads\/2020\/04\/20200420-Code-de-Conduite-\u00c9thique-du-Consorcio-de-la-CTP.pdf\" target=\"_blank\">ici.<\/a><\/strong><\/li>\n<\/ul>\n<ul>\n<li><strong>Comment notifier une fraude.<\/strong> T\u00e9l\u00e9charger en cliquant<strong> <a href=\"https:\/\/2014-2020.poctefa.eu\/wp-content\/uploads\/2020\/04\/20200420-Comment-notifier-une-fraude.pdf\" target=\"_blank\">ici.<\/a><\/strong><\/li>\n<\/ul>\n","protected":false},"excerpt":{"rendered":"<p>La Commission Europ\u00e9enne recommande que les autorit\u00e9s de gestion des programmes europ\u00e9ens adoptent une approche proactive, structur\u00e9e et cibl\u00e9e vis-\u00e0-vis de la gestion du risque de fraude.<\/p>\n<p>Toutes les autorit\u00e9s charg\u00e9es de la mise en \u0153uvre des programmes s\u2019engagent \u00e0 maintenir une politique de tol\u00e9rance z\u00e9ro et ont la responsabilit\u00e9 de d\u00e9montrer que toute tentative de fraude relative au budget de l\u2019Union Europ\u00e9enne est inacceptable et ne sera pas tol\u00e9r\u00e9e.<\/p>\n<p><a href=\"https:\/\/2014-2020.poctefa.eu\/fr\/documentation\/les-documents-relatifs-au-programme\/plan-anti-fraude-poctefa\/\">Voir plus<\/a><\/p>\n","protected":false},"author":4,"featured_media":0,"parent":3647,"menu_order":3,"comment_status":"closed","ping_status":"closed","template":"","meta":[],"_links":{"self":[{"href":"https:\/\/2014-2020.poctefa.eu\/fr\/wp-json\/wp\/v2\/pages\/1982"}],"collection":[{"href":"https:\/\/2014-2020.poctefa.eu\/fr\/wp-json\/wp\/v2\/pages"}],"about":[{"href":"https:\/\/2014-2020.poctefa.eu\/fr\/wp-json\/wp\/v2\/types\/page"}],"author":[{"embeddable":true,"href":"https:\/\/2014-2020.poctefa.eu\/fr\/wp-json\/wp\/v2\/users\/4"}],"replies":[{"embeddable":true,"href":"https:\/\/2014-2020.poctefa.eu\/fr\/wp-json\/wp\/v2\/comments?post=1982"}],"version-history":[{"count":4,"href":"https:\/\/2014-2020.poctefa.eu\/fr\/wp-json\/wp\/v2\/pages\/1982\/revisions"}],"predecessor-version":[{"id":6727,"href":"https:\/\/2014-2020.poctefa.eu\/fr\/wp-json\/wp\/v2\/pages\/1982\/revisions\/6727"}],"up":[{"embeddable":true,"href":"https:\/\/2014-2020.poctefa.eu\/fr\/wp-json\/wp\/v2\/pages\/3647"}],"wp:attachment":[{"href":"https:\/\/2014-2020.poctefa.eu\/fr\/wp-json\/wp\/v2\/media?parent=1982"}],"curies":[{"name":"wp","href":"https:\/\/api.w.org\/{rel}","templated":true}]}}