{"id":2122,"date":"2016-05-20T12:09:14","date_gmt":"2016-05-20T10:09:14","guid":{"rendered":"https:\/\/2014-2020.poctefa.eu\/fr\/?page_id=2122"},"modified":"2019-05-31T10:19:28","modified_gmt":"2019-05-31T08:19:28","slug":"information-concernant-lappel","status":"publish","type":"page","link":"https:\/\/2014-2020.poctefa.eu\/fr\/appels-a-projets\/2eme-appel\/information-concernant-lappel\/","title":{"rendered":"Information concernant l&rsquo;appel"},"content":{"rendered":"<p>Le deuxi\u00e8me appel \u00e0 projets du <strong>Programme Interreg V-A Espagne-France-Andorre<\/strong> a \u00e9t\u00e9 cl\u00f4tur\u00e9 sur une programmation de <strong>62 projets <\/strong>pour un total de <strong>71 millions d\u2019euros<\/strong> de FEDER. Le Comit\u00e9 de Programmation du POCTEFA 2014-2020 a ratifi\u00e9 le 31 janvier 2018 sa d\u00e9cision de programmation prise \u00e0 Biarritz le 8 novembre 2017 par laquelle ces 62 nouveaux projets ont \u00e9t\u00e9 programm\u00e9s, repr\u00e9sentant 40% du total des fonds du programme.<\/p>\n<div class=\"fusion-sep-clear\"><\/div><div class=\"fusion-separator fusion-full-width-sep sep-none\" style=\"border-color:#e0dede;margin-left: auto;margin-right: auto;margin-top:px;\"><\/div><div class=\"fusion-one-half fusion-layout-column fusion-spacing-yes\" style=\"margin-top:0px;margin-bottom:20px;\"><div class=\"fusion-column-wrapper\"><p><a href=\"https:\/\/2014-2020.poctefa.eu\/wp-content\/uploads\/2016\/05\/Captura-P2C-3.jpg\"><img decoding=\"async\" loading=\"lazy\" class=\"alignleft wp-image-4826 size-full\" src=\"https:\/\/2014-2020.poctefa.eu\/wp-content\/uploads\/2016\/05\/Captura-P2C-3.jpg\" alt=\"Captura P2C 3\" width=\"729\" height=\"433\" srcset=\"https:\/\/2014-2020.poctefa.eu\/wp-content\/uploads\/2016\/05\/Captura-P2C-3.jpg 729w, https:\/\/2014-2020.poctefa.eu\/wp-content\/uploads\/2016\/05\/Captura-P2C-3-300x178.jpg 300w, https:\/\/2014-2020.poctefa.eu\/wp-content\/uploads\/2016\/05\/Captura-P2C-3-150x89.jpg 150w\" sizes=\"(max-width: 729px) 100vw, 729px\" \/><\/a><\/p>\n<div class=\"fusion-clearfix\"><\/div><\/div><\/div><div class=\"fusion-one-half fusion-layout-column fusion-column-last fusion-spacing-yes\" style=\"margin-top:0px;margin-bottom:20px;\"><div class=\"fusion-column-wrapper\"><p><a href=\"https:\/\/2014-2020.poctefa.eu\/wp-content\/uploads\/2016\/05\/Captura-P2C-4.jpg\"><img decoding=\"async\" loading=\"lazy\" class=\"alignright wp-image-4825 size-full\" src=\"https:\/\/2014-2020.poctefa.eu\/wp-content\/uploads\/2016\/05\/Captura-P2C-4.jpg\" alt=\"Captura P2C 4\" width=\"732\" height=\"434\" srcset=\"https:\/\/2014-2020.poctefa.eu\/wp-content\/uploads\/2016\/05\/Captura-P2C-4.jpg 732w, https:\/\/2014-2020.poctefa.eu\/wp-content\/uploads\/2016\/05\/Captura-P2C-4-300x178.jpg 300w, https:\/\/2014-2020.poctefa.eu\/wp-content\/uploads\/2016\/05\/Captura-P2C-4-150x89.jpg 150w\" sizes=\"(max-width: 732px) 100vw, 732px\" \/><\/a><\/p>\n<div class=\"fusion-clearfix\"><\/div><\/div><\/div><div class=\"fusion-clearfix\"><\/div><div class=\"fusion-sep-clear\"><\/div><div class=\"fusion-separator fusion-full-width-sep sep-none\" style=\"border-color:#e0dede;margin-left: auto;margin-right: auto;margin-top:px;\"><\/div><p><strong>La liste des projets programm\u00e9s dans le 2\u00e8me appel \u00e0 projets POCTEFA 2014-2020 est disponible <\/strong><a href=\"https:\/\/2014-2020.poctefa.eu\/fr\/appels-a-projets\/2eme-appel\/projets-programmes\/\" target=\"_blank\">ici<\/a><strong>. \u00a0<\/strong><\/p>\n<p>Le texte du\u00a0<strong><a href=\"https:\/\/2014-2020.poctefa.eu\/wp-content\/uploads\/2016\/11\/0.-Texte-2%C3%A8me-appel-%C3%A0-projets-_FR.pdf\" target=\"_blank\">2\u00e8me appel \u00e0 projets est disponible ici.<\/a><\/strong><\/p>\n<p>Les FEDER subventionne 65% du co\u00fbt total des projets approuv\u00e9s tel que d\u00e9fini dans le Programme Op\u00e9ratif. Apr\u00e8s avoir programm\u00e9 40% du budget du programme dans ce deuxi\u00e8me appel, un 20% restant est disponible pour un troisi\u00e8me appel \u00e0 projets.<\/p>\n\n","protected":false},"excerpt":{"rendered":"<p><a href=\"https:\/\/2014-2020.poctefa.eu\/fr\/appels-a-projets\/2eme-appel\/information-concernant-lappel\/\">Voir plus<\/a><\/p>\n","protected":false},"author":4,"featured_media":0,"parent":472,"menu_order":0,"comment_status":"closed","ping_status":"closed","template":"","meta":[],"_links":{"self":[{"href":"https:\/\/2014-2020.poctefa.eu\/fr\/wp-json\/wp\/v2\/pages\/2122"}],"collection":[{"href":"https:\/\/2014-2020.poctefa.eu\/fr\/wp-json\/wp\/v2\/pages"}],"about":[{"href":"https:\/\/2014-2020.poctefa.eu\/fr\/wp-json\/wp\/v2\/types\/page"}],"author":[{"embeddable":true,"href":"https:\/\/2014-2020.poctefa.eu\/fr\/wp-json\/wp\/v2\/users\/4"}],"replies":[{"embeddable":true,"href":"https:\/\/2014-2020.poctefa.eu\/fr\/wp-json\/wp\/v2\/comments?post=2122"}],"version-history":[{"count":35,"href":"https:\/\/2014-2020.poctefa.eu\/fr\/wp-json\/wp\/v2\/pages\/2122\/revisions"}],"predecessor-version":[{"id":5983,"href":"https:\/\/2014-2020.poctefa.eu\/fr\/wp-json\/wp\/v2\/pages\/2122\/revisions\/5983"}],"up":[{"embeddable":true,"href":"https:\/\/2014-2020.poctefa.eu\/fr\/wp-json\/wp\/v2\/pages\/472"}],"wp:attachment":[{"href":"https:\/\/2014-2020.poctefa.eu\/fr\/wp-json\/wp\/v2\/media?parent=2122"}],"curies":[{"name":"wp","href":"https:\/\/api.w.org\/{rel}","templated":true}]}}