{"id":2171,"date":"2016-05-25T10:29:47","date_gmt":"2016-05-25T08:29:47","guid":{"rendered":"https:\/\/2014-2020.poctefa.eu\/fr\/?page_id=2171"},"modified":"2020-10-19T14:07:28","modified_gmt":"2020-10-19T12:07:28","slug":"axe-1","status":"publish","type":"page","link":"https:\/\/2014-2020.poctefa.eu\/fr\/axe-1\/","title":{"rendered":"Axe 1: Dynamiser l&rsquo;innovation et la comp\u00e9titivit\u00e9"},"content":{"rendered":"<p><strong>L&rsquo;axe 1, Dynamiser l&rsquo;innovation et la comp\u00e9titivit\u00e9, est organis\u00e9 autour de deux priorit\u00e9s d&rsquo;investissement (PI), 1b et 3b.<\/strong><\/p>\n<div class=\"fusion-one-fourth fusion-layout-column fusion-spacing-yes\" style=\"margin-top:0px;margin-bottom:20px;\"><div class=\"fusion-column-wrapper\"><span style=\"margin-left:25px;float:right;\" class=\"fusion-imageframe imageframe-none imageframe-1 hover-type-none\"> <img decoding=\"async\" src=\"https:\/\/2014-2020.poctefa.eu\/wp-content\/uploads\/2015\/11\/Eje01.png\" alt=\"Icono Eje 1\" class=\"img-responsive\"\/><\/span><div class=\"fusion-clearfix\"><\/div><\/div><\/div><div class=\"fusion-three-fourth fusion-layout-column fusion-column-last fusion-spacing-yes\" style=\"margin-top:0px;margin-bottom:20px;\"><div class=\"fusion-column-wrapper\"><ul class=\"fusion-checklist fusion-checklist-1\" style=\"font-size:13px;line-height:22.1px;\"><li class=\"fusion-li-item\"><span style=\"height:22.1px;width:22.1px;margin-right:9.1px;\" class=\"icon-wrapper circle-no\"><i class=\"fusion-li-icon fa fa-chevron-right\" style=\"color:#003399;\"><\/i><\/span><div class=\"fusion-li-item-content\" style=\"margin-left:31.2px;\">La Priorit\u00e9 1b se centre, d&rsquo;une part, sur le renforcement de la coop\u00e9ration entre les diff\u00e9rents acteurs du territoire des deux c\u00f4t\u00e9s de la fronti\u00e8re en mati\u00e8re de R+D+i et, d&rsquo;autre part, sur l&rsquo;aide au d\u00e9veloppement de technologies innovantes en mati\u00e8re de ressources naturelles gr\u00e2ce \u00e0 la coop\u00e9ration.<br \/>\n<\/div><\/li><li class=\"fusion-li-item\"><span style=\"height:22.1px;width:22.1px;margin-right:9.1px;\" class=\"icon-wrapper circle-no\"><i class=\"fusion-li-icon fa fa-chevron-right\" style=\"color:#003399;\"><\/i><\/span><div class=\"fusion-li-item-content\" style=\"margin-left:31.2px;\">La priorit\u00e9 3b vise \u00e0 favoriser les actions conjointes de d\u00e9veloppement des entreprises du territoire transfrontalier \u00e0 l&rsquo;\u00e9chelle internationale, et en particulier les PME.<\/div><\/li><\/ul><div class=\"fusion-clearfix\"><\/div><\/div><\/div><div class=\"fusion-clearfix\"><\/div><div class=\"fusion-sep-clear\"><\/div><div class=\"fusion-separator fusion-full-width-sep sep-single\" style=\"border-color:#e0dede;border-top-width:2px;margin-left: auto;margin-right: auto;margin-top:10px;margin-bottom:20px;\"><\/div><p><strong>Projets de l&rsquo;Axe 1\u00a0<a href=\"https:\/\/2014-2020.poctefa.eu\/wp-content\/uploads\/2016\/05\/Imagen1.png\"><img decoding=\"async\" loading=\"lazy\" class=\"size-medium wp-image-7084 alignright\" src=\"https:\/\/2014-2020.poctefa.eu\/wp-content\/uploads\/2016\/05\/Imagen1-300x170.png\" alt=\"Imagen1\" width=\"300\" height=\"170\" srcset=\"https:\/\/2014-2020.poctefa.eu\/wp-content\/uploads\/2016\/05\/Imagen1-300x170.png 300w, https:\/\/2014-2020.poctefa.eu\/wp-content\/uploads\/2016\/05\/Imagen1-150x85.png 150w, https:\/\/2014-2020.poctefa.eu\/wp-content\/uploads\/2016\/05\/Imagen1.png 545w\" sizes=\"(max-width: 300px) 100vw, 300px\" \/><\/a><\/strong><\/p>\n<p><strong>61 projets ont \u00e9t\u00e9 programm\u00e9s dans l\u2019axe 1<\/strong>\u00a0; 49 dans la Pi1b et 12 dans la Pi3b. 53.265.900,14 euros de FEDER ont \u00e9t\u00e9 programm\u00e9s en tout sur cet axe.<\/p>\n<p>Les projets de cet axe comprennent des d\u00e9marches li\u00e9es \u00e0 la R+D+i, la promotion de l\u2019innovation dans des secteurs tels que les produits laitiers et vinicoles, l\u2019obtention de biodi\u00e9sel gr\u00e2ce \u00e0 la culture de micro-algues, la coop\u00e9ration transfrontali\u00e8re dans le domaine de la biom\u00e9decine, la gestion des risques naturels, l\u2019augmentation de la comp\u00e9titivit\u00e9 des PME et le recyclage des bouteilles en plastique, l\u2019am\u00e9lioration de la sant\u00e9 et de l\u2019innovation, ainsi que la mise en valeur des produits issus de la for\u00eat, agroalimentaires et ceux li\u00e9s \u00e0 l\u2019\u00e9levage ovin.<\/p>\n<p style=\"text-align: justify;\">Vous pouvez consulter la<a href=\"https:\/\/2014-2020.poctefa.eu\/fr\/liste-des-projets-programmes\/\" target=\"_blank\"> <strong>liste compl\u00e8te des projets<\/strong>\u00a0ici.\u00a0<\/a><\/p>\n\n","protected":false},"excerpt":{"rendered":"<p><a href=\"https:\/\/2014-2020.poctefa.eu\/fr\/axe-1\/\">Voir plus<\/a><\/p>\n","protected":false},"author":4,"featured_media":0,"parent":0,"menu_order":0,"comment_status":"closed","ping_status":"closed","template":"","meta":[],"_links":{"self":[{"href":"https:\/\/2014-2020.poctefa.eu\/fr\/wp-json\/wp\/v2\/pages\/2171"}],"collection":[{"href":"https:\/\/2014-2020.poctefa.eu\/fr\/wp-json\/wp\/v2\/pages"}],"about":[{"href":"https:\/\/2014-2020.poctefa.eu\/fr\/wp-json\/wp\/v2\/types\/page"}],"author":[{"embeddable":true,"href":"https:\/\/2014-2020.poctefa.eu\/fr\/wp-json\/wp\/v2\/users\/4"}],"replies":[{"embeddable":true,"href":"https:\/\/2014-2020.poctefa.eu\/fr\/wp-json\/wp\/v2\/comments?post=2171"}],"version-history":[{"count":7,"href":"https:\/\/2014-2020.poctefa.eu\/fr\/wp-json\/wp\/v2\/pages\/2171\/revisions"}],"predecessor-version":[{"id":2763,"href":"https:\/\/2014-2020.poctefa.eu\/fr\/wp-json\/wp\/v2\/pages\/2171\/revisions\/2763"}],"wp:attachment":[{"href":"https:\/\/2014-2020.poctefa.eu\/fr\/wp-json\/wp\/v2\/media?parent=2171"}],"curies":[{"name":"wp","href":"https:\/\/api.w.org\/{rel}","templated":true}]}}