{"id":2173,"date":"2016-05-25T10:41:14","date_gmt":"2016-05-25T08:41:14","guid":{"rendered":"https:\/\/2014-2020.poctefa.eu\/fr\/?page_id=2173"},"modified":"2020-10-19T14:59:05","modified_gmt":"2020-10-19T12:59:05","slug":"axe-2","status":"publish","type":"page","link":"https:\/\/2014-2020.poctefa.eu\/fr\/axe-2\/","title":{"rendered":"Axe 2: Promouvoir l\u2019adaptation au changement climatique ainsi que la pr\u00e9vention et la gestion des risques"},"content":{"rendered":"<div class=\"fusion-one-fourth fusion-layout-column fusion-spacing-yes\" style=\"margin-top:0px;margin-bottom:20px;\"><div class=\"fusion-column-wrapper\"><span style=\"margin-left:25px;float:right;\" class=\"fusion-imageframe imageframe-none imageframe-1 hover-type-none\"> <img decoding=\"async\" src=\"https:\/\/2014-2020.poctefa.eu\/wp-content\/uploads\/2015\/11\/eje02.png\" alt=\"Icono Eje 2\" class=\"img-responsive\"\/><\/span><div class=\"fusion-clearfix\"><\/div><\/div><\/div><div class=\"fusion-three-fourth fusion-layout-column fusion-column-last fusion-spacing-yes\" style=\"margin-top:0px;margin-bottom:20px;\"><div class=\"fusion-column-wrapper\"><p><strong>L&rsquo;axe 2 a pour objectif de promouvoir la protection, la mise en valeur et l&rsquo;utilisation durable des ressources locales. <\/strong><strong>Cet axe est organis\u00e9 autour de deux Priorit\u00e9s d&rsquo;investissement (PI)\u00a0: il s&rsquo;agit de la PI 5a et de la PI 5b.<\/strong><\/p>\n<ul class=\"fusion-checklist fusion-checklist-1\" style=\"font-size:13px;line-height:22.1px;\"><li class=\"fusion-li-item\"><span style=\"height:22.1px;width:22.1px;margin-right:9.1px;\" class=\"icon-wrapper circle-no\"><i class=\"fusion-li-icon fa fa-chevron-right\" style=\"color:#003399;\"><\/i><\/span><div class=\"fusion-li-item-content\" style=\"margin-left:31.2px;\">La PI 5a vise \u00e0 am\u00e9liorer l&rsquo;adaptation des territoires au changement climatique<br \/>\n<\/div><\/li><li class=\"fusion-li-item\"><span style=\"height:22.1px;width:22.1px;margin-right:9.1px;\" class=\"icon-wrapper circle-no\"><i class=\"fusion-li-icon fa fa-chevron-right\" style=\"color:#003399;\"><\/i><\/span><div class=\"fusion-li-item-content\" style=\"margin-left:31.2px;\">La PI 5b vise \u00e0 augmenter la capacit\u00e9 d&rsquo;anticipation et de r\u00e9ponse des acteurs du territoire aux risques sp\u00e9cifiques et \u00e0 la gestion des catastrophes naturelles.<\/div><\/li><\/ul><div class=\"fusion-clearfix\"><\/div><\/div><\/div><div class=\"fusion-clearfix\"><\/div><div class=\"fusion-sep-clear\"><\/div><div class=\"fusion-separator fusion-full-width-sep sep-single\" style=\"border-color:#e0dede;border-top-width:2px;margin-left: auto;margin-right: auto;margin-top:10px;margin-bottom:10px;\"><\/div><p><strong>Projets de l&rsquo;axe 2<a href=\"https:\/\/2014-2020.poctefa.eu\/wp-content\/uploads\/2016\/05\/Imagen2.png\"><img decoding=\"async\" loading=\"lazy\" class=\"size-medium wp-image-7086 alignright\" src=\"https:\/\/2014-2020.poctefa.eu\/wp-content\/uploads\/2016\/05\/Imagen2-300x170.png\" alt=\"Imagen2\" width=\"300\" height=\"170\" srcset=\"https:\/\/2014-2020.poctefa.eu\/wp-content\/uploads\/2016\/05\/Imagen2-300x170.png 300w, https:\/\/2014-2020.poctefa.eu\/wp-content\/uploads\/2016\/05\/Imagen2-150x85.png 150w, https:\/\/2014-2020.poctefa.eu\/wp-content\/uploads\/2016\/05\/Imagen2.png 545w\" sizes=\"(max-width: 300px) 100vw, 300px\" \/><\/a><\/strong><\/p>\n<p>Vingt-six projets ont \u00e9t\u00e9 programm\u00e9s sur l\u2019Axe 2 pour\u00a0<strong>un montant FEDER total s\u2019\u00e9levant \u00e0 28.476.946,18<\/strong><strong>\u00a0<\/strong><strong>\u20ac.<\/strong><\/p>\n<p>Les projets de la\u00a0<strong>PI 5a sont au nombre de quinze<\/strong>. En g\u00e9n\u00e9ral, tous les projets de cet axe tiennent compte de l\u2019aspect sensibilisation en mati\u00e8re de changement climatique.<\/p>\n<p><strong>Onze projets ont \u00e9t\u00e9 approuv\u00e9s dans la priorit\u00e9 5b<\/strong>.<\/p>\n<p>Vous pouvez consulter la<strong>\u00a0<\/strong><a href=\"https:\/\/2014-2020.poctefa.eu\/fr\/liste-des-projets-programmes\/\" target=\"_blank\"><strong>liste compl\u00e8te des projets<\/strong><strong>\u00a0<\/strong>ici<\/a>.<\/p>\n\n","protected":false},"excerpt":{"rendered":"<p><a href=\"https:\/\/2014-2020.poctefa.eu\/fr\/axe-2\/\">Voir plus<\/a><\/p>\n","protected":false},"author":4,"featured_media":0,"parent":0,"menu_order":0,"comment_status":"closed","ping_status":"closed","template":"","meta":[],"_links":{"self":[{"href":"https:\/\/2014-2020.poctefa.eu\/fr\/wp-json\/wp\/v2\/pages\/2173"}],"collection":[{"href":"https:\/\/2014-2020.poctefa.eu\/fr\/wp-json\/wp\/v2\/pages"}],"about":[{"href":"https:\/\/2014-2020.poctefa.eu\/fr\/wp-json\/wp\/v2\/types\/page"}],"author":[{"embeddable":true,"href":"https:\/\/2014-2020.poctefa.eu\/fr\/wp-json\/wp\/v2\/users\/4"}],"replies":[{"embeddable":true,"href":"https:\/\/2014-2020.poctefa.eu\/fr\/wp-json\/wp\/v2\/comments?post=2173"}],"version-history":[{"count":11,"href":"https:\/\/2014-2020.poctefa.eu\/fr\/wp-json\/wp\/v2\/pages\/2173\/revisions"}],"predecessor-version":[{"id":7087,"href":"https:\/\/2014-2020.poctefa.eu\/fr\/wp-json\/wp\/v2\/pages\/2173\/revisions\/7087"}],"wp:attachment":[{"href":"https:\/\/2014-2020.poctefa.eu\/fr\/wp-json\/wp\/v2\/media?parent=2173"}],"curies":[{"name":"wp","href":"https:\/\/api.w.org\/{rel}","templated":true}]}}