{"id":2176,"date":"2016-05-26T14:24:54","date_gmt":"2016-05-26T12:24:54","guid":{"rendered":"https:\/\/2014-2020.poctefa.eu\/fr\/?page_id=2176"},"modified":"2020-10-19T15:08:01","modified_gmt":"2020-10-19T13:08:01","slug":"axe-3","status":"publish","type":"page","link":"https:\/\/2014-2020.poctefa.eu\/fr\/axe-3\/","title":{"rendered":"Axe 3:  Promouvoir la protection, la mise en valeur et l&rsquo;utilisation durable des ressources locales"},"content":{"rendered":"<div class=\"fusion-one-fourth fusion-layout-column fusion-spacing-yes\" style=\"margin-top:0px;margin-bottom:20px;\"><div class=\"fusion-column-wrapper\"><span style=\"margin-left:25px;float:right;\" class=\"fusion-imageframe imageframe-none imageframe-1 hover-type-none\"> <img decoding=\"async\" src=\"https:\/\/2014-2020.poctefa.eu\/wp-content\/uploads\/2015\/11\/eje03.png\" alt=\"Icono Eje 3\" class=\"img-responsive\"\/><\/span><div class=\"fusion-clearfix\"><\/div><\/div><\/div><div class=\"fusion-three-fourth fusion-layout-column fusion-column-last fusion-spacing-yes\" style=\"margin-top:0px;margin-bottom:20px;\"><div class=\"fusion-column-wrapper\"><p><strong>L&rsquo;axe 3, Promouvoir la protection, la mise en valeur et l&rsquo;utilisation durable des ressources locales s&rsquo;articule autour de deux priorit\u00e9s d&rsquo;investissement, la PI 6c et la PI 6d.<\/strong><\/p>\n<ul class=\"fusion-checklist fusion-checklist-1\" style=\"font-size:13px;line-height:22.1px;\"><li class=\"fusion-li-item\"><span style=\"height:22.1px;width:22.1px;margin-right:9.1px;\" class=\"icon-wrapper circle-no\"><i class=\"fusion-li-icon fa fa-chevron-right\" style=\"color:#003399;\"><\/i><\/span><div class=\"fusion-li-item-content\" style=\"margin-left:31.2px;\">La Pi 6c vise \u00e0 mettre en valeur le patrimoine naturel et culturel au moyen d&rsquo;approches conjointes en ce qui concerne le d\u00e9veloppement durable.<\/div><\/li><li class=\"fusion-li-item\"><span style=\"height:22.1px;width:22.1px;margin-right:9.1px;\" class=\"icon-wrapper circle-no\"><i class=\"fusion-li-icon fa fa-chevron-right\" style=\"color:#003399;\"><\/i><\/span><div class=\"fusion-li-item-content\" style=\"margin-left:31.2px;\">La Pi 6d a pour but de prot\u00e9ger et d&rsquo;am\u00e9liorer la qualit\u00e9 des \u00e9cosyst\u00e8mes transfrontaliers.<\/div><\/li><\/ul><div class=\"fusion-clearfix\"><\/div><\/div><\/div><div class=\"fusion-clearfix\"><\/div><div class=\"fusion-sep-clear\"><\/div><div class=\"fusion-separator fusion-full-width-sep sep-single\" style=\"border-color:#e0dede;border-top-width:2px;margin-left: auto;margin-right: auto;margin-top:10px;margin-bottom:20px;\"><\/div><p><strong>Projets de l&rsquo;Axe 3\u00a0<a href=\"https:\/\/2014-2020.poctefa.eu\/wp-content\/uploads\/2016\/05\/Imagen3.png\"><img decoding=\"async\" loading=\"lazy\" class=\"size-medium wp-image-7088 alignright\" src=\"https:\/\/2014-2020.poctefa.eu\/wp-content\/uploads\/2016\/05\/Imagen3-300x171.png\" alt=\"Imagen3\" width=\"300\" height=\"171\" srcset=\"https:\/\/2014-2020.poctefa.eu\/wp-content\/uploads\/2016\/05\/Imagen3-300x171.png 300w, https:\/\/2014-2020.poctefa.eu\/wp-content\/uploads\/2016\/05\/Imagen3-150x85.png 150w, https:\/\/2014-2020.poctefa.eu\/wp-content\/uploads\/2016\/05\/Imagen3.png 545w\" sizes=\"(max-width: 300px) 100vw, 300px\" \/><\/a><\/strong><\/p>\n<p><strong>37<\/strong><strong> projets en tout ont \u00e9t\u00e9 programm\u00e9s sur l\u2019axe 3<\/strong>; 24 dans la 6c et 13 dans la 6d. Ces projets disposent de\u00a0<strong>46 millions d\u2019euros de fonds FEDER<\/strong>.<\/p>\n<p>Les projets de cet axe comprennent le d\u00e9veloppement d\u2019une gastronomie pyr\u00e9n\u00e9enne, l\u2019\u00e9laboration d\u2019une destination touristique unique dans les Pyr\u00e9n\u00e9es, la cr\u00e9ation d\u2019un r\u00e9seau de villes cr\u00e9atives et historiques, l\u2019\u00e9tude du basque, la mise en valeur du site patrimoine de l\u2019humanit\u00e9 des Pyr\u00e9n\u00e9es-Mont Perdu, la gestion de territoires comme la for\u00eat d\u2019Irati ou la r\u00e9gion de l\u2019Aneto, la promotion du tourisme durable et les connaissances concernant la protection de l\u2019environnement, l\u2019am\u00e9lioration de la coordination en mati\u00e8re environnementale et la conservation des habitats naturels et de leurs esp\u00e8ces, comme par exemple les rapaces.<\/p>\n<p>Vous pouvez consulter la\u00a0<a href=\"https:\/\/2014-2020.poctefa.eu\/fr\/liste-des-projets-programmes\/\" target=\"_blank\"><strong>liste compl\u00e8te des projets<\/strong>\u00a0ici.<\/a><\/p>\n\n","protected":false},"excerpt":{"rendered":"<p><a href=\"https:\/\/2014-2020.poctefa.eu\/fr\/axe-3\/\">Voir plus<\/a><\/p>\n","protected":false},"author":4,"featured_media":0,"parent":0,"menu_order":0,"comment_status":"closed","ping_status":"closed","template":"","meta":[],"_links":{"self":[{"href":"https:\/\/2014-2020.poctefa.eu\/fr\/wp-json\/wp\/v2\/pages\/2176"}],"collection":[{"href":"https:\/\/2014-2020.poctefa.eu\/fr\/wp-json\/wp\/v2\/pages"}],"about":[{"href":"https:\/\/2014-2020.poctefa.eu\/fr\/wp-json\/wp\/v2\/types\/page"}],"author":[{"embeddable":true,"href":"https:\/\/2014-2020.poctefa.eu\/fr\/wp-json\/wp\/v2\/users\/4"}],"replies":[{"embeddable":true,"href":"https:\/\/2014-2020.poctefa.eu\/fr\/wp-json\/wp\/v2\/comments?post=2176"}],"version-history":[{"count":11,"href":"https:\/\/2014-2020.poctefa.eu\/fr\/wp-json\/wp\/v2\/pages\/2176\/revisions"}],"predecessor-version":[{"id":7089,"href":"https:\/\/2014-2020.poctefa.eu\/fr\/wp-json\/wp\/v2\/pages\/2176\/revisions\/7089"}],"wp:attachment":[{"href":"https:\/\/2014-2020.poctefa.eu\/fr\/wp-json\/wp\/v2\/media?parent=2176"}],"curies":[{"name":"wp","href":"https:\/\/api.w.org\/{rel}","templated":true}]}}