{"id":2179,"date":"2016-05-25T10:52:30","date_gmt":"2016-05-25T08:52:30","guid":{"rendered":"https:\/\/2014-2020.poctefa.eu\/fr\/?page_id=2179"},"modified":"2020-10-19T15:26:20","modified_gmt":"2020-10-19T13:26:20","slug":"axe-4","status":"publish","type":"page","link":"https:\/\/2014-2020.poctefa.eu\/fr\/axe-4\/","title":{"rendered":"Axe 4: Favoriser la mobilit\u00e9 des biens et des personnes"},"content":{"rendered":"<div class=\"fusion-one-fourth fusion-layout-column fusion-spacing-yes\" style=\"margin-top:0px;margin-bottom:20px;\"><div class=\"fusion-column-wrapper\"><span style=\"margin-left:25px;float:right;\" class=\"fusion-imageframe imageframe-none imageframe-1 hover-type-none\"> <img decoding=\"async\" src=\"https:\/\/2014-2020.poctefa.eu\/wp-content\/uploads\/2015\/11\/eje04.png\" alt=\"Icono Eje 4\" class=\"img-responsive\"\/><\/span><div class=\"fusion-clearfix\"><\/div><\/div><\/div><div class=\"fusion-three-fourth fusion-layout-column fusion-column-last fusion-spacing-yes\" style=\"margin-top:0px;margin-bottom:20px;\"><div class=\"fusion-column-wrapper\"><p><strong>L&rsquo;axe 4, Favoriser la mobilit\u00e9 des biens et des personnes, comprend une unique priorit\u00e9 d&rsquo;investissement (PI), la 7c<\/strong>.<\/p>\n<ul class=\"fusion-checklist fusion-checklist-1\" style=\"font-size:13px;line-height:22.1px;\"><li class=\"fusion-li-item\"><span style=\"height:22.1px;width:22.1px;margin-right:9.1px;\" class=\"icon-wrapper circle-no\"><i class=\"fusion-li-icon fa fa-chevron-right\" style=\"color:#003399;\"><\/i><\/span><div class=\"fusion-li-item-content\" style=\"margin-left:31.2px;\">La priorit\u00e9 7c vise \u00e0 am\u00e9liorer l\u2019offre de transport transfrontalier respectueux de l&rsquo;environnement afin de favoriser les d\u00e9placements et la mobilit\u00e9 transfrontali\u00e8re des personnes et des marchandises.<\/div><\/li><\/ul><div class=\"fusion-clearfix\"><\/div><\/div><\/div><div class=\"fusion-clearfix\"><\/div><div class=\"fusion-sep-clear\"><\/div><div class=\"fusion-separator fusion-full-width-sep sep-single\" style=\"border-color:#e0dede;border-top-width:2px;margin-left: auto;margin-right: auto;margin-top:10px;margin-bottom:10px;\"><\/div><p><strong>Projets de l&rsquo;Axe 4\u00a0<a href=\"https:\/\/2014-2020.poctefa.eu\/wp-content\/uploads\/2016\/05\/Imagen4.png\"><img decoding=\"async\" loading=\"lazy\" class=\"size-medium wp-image-7090 alignright\" src=\"https:\/\/2014-2020.poctefa.eu\/wp-content\/uploads\/2016\/05\/Imagen4-300x170.png\" alt=\"Imagen4\" width=\"300\" height=\"170\" srcset=\"https:\/\/2014-2020.poctefa.eu\/wp-content\/uploads\/2016\/05\/Imagen4-300x170.png 300w, https:\/\/2014-2020.poctefa.eu\/wp-content\/uploads\/2016\/05\/Imagen4-150x85.png 150w, https:\/\/2014-2020.poctefa.eu\/wp-content\/uploads\/2016\/05\/Imagen4.png 546w\" sizes=\"(max-width: 300px) 100vw, 300px\" \/><\/a><\/strong><\/p>\n<p>Les onze projets de l&rsquo;Axe 4 sont financ\u00e9s par une enveloppe\u00a0<strong>FEDER totale s\u2019\u00e9levant \u00e0 22.284.491,54 <\/strong><strong>euros.<\/strong><\/p>\n<p>Les projets de cet axe visent \u00e0 offrir aux citoyens des alternatives de transport, autres que la voiture, que ce soit en favorisant les transports en commun par le biais de la promotion ou en cherchant de nouvelles voies, ferroviaires comme cyclables.<\/p>\n<p>Vous pouvez consulter la<strong>\u00a0<\/strong><strong><a href=\"https:\/\/2014-2020.poctefa.eu\/fr\/liste-des-projets-programmes\/\" target=\"_blank\">liste compl\u00e8te des projets ici.<\/a><\/strong><\/p>\n\n","protected":false},"excerpt":{"rendered":"<p><a href=\"https:\/\/2014-2020.poctefa.eu\/fr\/axe-4\/\">Voir plus<\/a><\/p>\n","protected":false},"author":4,"featured_media":0,"parent":0,"menu_order":0,"comment_status":"closed","ping_status":"closed","template":"","meta":[],"_links":{"self":[{"href":"https:\/\/2014-2020.poctefa.eu\/fr\/wp-json\/wp\/v2\/pages\/2179"}],"collection":[{"href":"https:\/\/2014-2020.poctefa.eu\/fr\/wp-json\/wp\/v2\/pages"}],"about":[{"href":"https:\/\/2014-2020.poctefa.eu\/fr\/wp-json\/wp\/v2\/types\/page"}],"author":[{"embeddable":true,"href":"https:\/\/2014-2020.poctefa.eu\/fr\/wp-json\/wp\/v2\/users\/4"}],"replies":[{"embeddable":true,"href":"https:\/\/2014-2020.poctefa.eu\/fr\/wp-json\/wp\/v2\/comments?post=2179"}],"version-history":[{"count":10,"href":"https:\/\/2014-2020.poctefa.eu\/fr\/wp-json\/wp\/v2\/pages\/2179\/revisions"}],"predecessor-version":[{"id":7094,"href":"https:\/\/2014-2020.poctefa.eu\/fr\/wp-json\/wp\/v2\/pages\/2179\/revisions\/7094"}],"wp:attachment":[{"href":"https:\/\/2014-2020.poctefa.eu\/fr\/wp-json\/wp\/v2\/media?parent=2179"}],"curies":[{"name":"wp","href":"https:\/\/api.w.org\/{rel}","templated":true}]}}