{"id":2181,"date":"2016-05-25T10:58:13","date_gmt":"2016-05-25T08:58:13","guid":{"rendered":"https:\/\/2014-2020.poctefa.eu\/fr\/?page_id=2181"},"modified":"2020-10-19T15:29:59","modified_gmt":"2020-10-19T13:29:59","slug":"axe-5","status":"publish","type":"page","link":"https:\/\/2014-2020.poctefa.eu\/fr\/axe-5\/","title":{"rendered":"Axe 5: Renforcer les comp\u00e9tences et l\u2019inclusion au sein des territoires"},"content":{"rendered":"<div class=\"fusion-one-fourth fusion-layout-column fusion-spacing-yes\" style=\"margin-top:0px;margin-bottom:20px;\"><div class=\"fusion-column-wrapper\"><span style=\"margin-left:25px;float:right;\" class=\"fusion-imageframe imageframe-none imageframe-1 hover-type-none\"> <img decoding=\"async\" src=\"https:\/\/2014-2020.poctefa.eu\/wp-content\/uploads\/2015\/11\/eje05.png\" alt=\"\" class=\"img-responsive\"\/><\/span><div class=\"fusion-clearfix\"><\/div><\/div><\/div><div class=\"fusion-three-fourth fusion-layout-column fusion-column-last fusion-spacing-yes\" style=\"margin-top:0px;margin-bottom:20px;\"><div class=\"fusion-column-wrapper\"><p><strong>L&rsquo;axe 5, Renforcer les comp\u00e9tences et l&rsquo;inclusion au sein des territoires, est compos\u00e9 de deux priorit\u00e9s d&rsquo;investissement (PI), la 8e et la 9a.<\/strong><\/p>\n<ul class=\"fusion-checklist fusion-checklist-1\" style=\"font-size:13px;line-height:22.1px;\"><li class=\"fusion-li-item\"><span style=\"height:22.1px;width:22.1px;margin-right:9.1px;\" class=\"icon-wrapper circle-no\"><i class=\"fusion-li-icon fa fa-chevron-right\" style=\"color:#003399;\"><\/i><\/span><div class=\"fusion-li-item-content\" style=\"margin-left:31.2px;\">La Priorit\u00e9 8e vise \u00e0 promouvoir le potentiel interne, le d\u00e9veloppement des syst\u00e8mes de formation et les comp\u00e9tences des personnes du territoire transfrontalier afin d\u2019am\u00e9liorer l\u2019acc\u00e8s \u00e0 l\u2019emploi.<\/div><\/li><li class=\"fusion-li-item\"><span style=\"height:22.1px;width:22.1px;margin-right:9.1px;\" class=\"icon-wrapper circle-no\"><i class=\"fusion-li-icon fa fa-chevron-right\" style=\"color:#003399;\"><\/i><\/span><div class=\"fusion-li-item-content\" style=\"margin-left:31.2px;\">La Priorit\u00e9 9a a pour but d&rsquo;am\u00e9liorer l&rsquo;acc\u00e8s aux services, sociaux comme de sant\u00e9 ou culturels.<\/div><\/li><\/ul><div class=\"fusion-clearfix\"><\/div><\/div><\/div><div class=\"fusion-clearfix\"><\/div><div class=\"fusion-sep-clear\"><\/div><div class=\"fusion-separator fusion-full-width-sep sep-single\" style=\"border-color:#e0dede;border-top-width:2px;margin-left: auto;margin-right: auto;margin-top:10px;margin-bottom:40px;\"><\/div><p><strong>Projets de l&rsquo;axe 5\u00a0<a href=\"https:\/\/2014-2020.poctefa.eu\/wp-content\/uploads\/2016\/05\/Imagen5.png\"><img decoding=\"async\" loading=\"lazy\" class=\"size-medium wp-image-7095 alignright\" src=\"https:\/\/2014-2020.poctefa.eu\/wp-content\/uploads\/2016\/05\/Imagen5-300x170.png\" alt=\"Imagen5\" width=\"300\" height=\"170\" srcset=\"https:\/\/2014-2020.poctefa.eu\/wp-content\/uploads\/2016\/05\/Imagen5-300x170.png 300w, https:\/\/2014-2020.poctefa.eu\/wp-content\/uploads\/2016\/05\/Imagen5-150x85.png 150w, https:\/\/2014-2020.poctefa.eu\/wp-content\/uploads\/2016\/05\/Imagen5.png 546w\" sizes=\"(max-width: 300px) 100vw, 300px\" \/><\/a><\/strong><\/p>\n<p><strong>38<\/strong><strong> projets ont \u00e9t\u00e9 programm\u00e9s<\/strong>\u00a0sur l\u2019axe 5<strong>\u00a0<\/strong>; 23 dans la Priorit\u00e9 8e et 15 dans la Priorit\u00e9 9a.\u00a0<strong>27.907.498,79<\/strong><strong> euros de FEDER<\/strong><strong>\u00a0<\/strong>ont \u00e9t\u00e9 programm\u00e9s en tout sur cet axe.<\/p>\n<p>Les projets de cet axe visent \u00e0 am\u00e9liorer la mobilit\u00e9 des professionnels entre les deux versants des Pyr\u00e9n\u00e9es, de cr\u00e9er une \u00e9cole de coop\u00e9ration ainsi que de g\u00e9n\u00e9rer des projets d\u2019\u00e9conomie sociale, d\u2019aider les professionnels du cirque, de permettre l\u2019acc\u00e8s aux services de formation professionnelles aux \u00e9tudiants de tout le massif, de promouvoir l\u2019emploi forestier, d\u2019am\u00e9liorer l\u2019offre en mati\u00e8re de sant\u00e9, d\u2019augmenter l\u2019acc\u00e8s des plus jeunes aux services sociaux et \u00e9ducatifs, et de permettre aux personnes atteintes d\u2019un handicap un meilleur acc\u00e8s au patrimoine culturel et naturel.<\/p>\n<p>Vous pouvez consulter la<a href=\"https:\/\/2014-2020.poctefa.eu\/fr\/liste-des-projets-programmes\/\" target=\"_blank\">\u00a0<strong>liste compl\u00e8te des projets<\/strong>.<\/a><\/p>\n\n","protected":false},"excerpt":{"rendered":"<p><a href=\"https:\/\/2014-2020.poctefa.eu\/fr\/axe-5\/\">Voir plus<\/a><\/p>\n","protected":false},"author":4,"featured_media":0,"parent":0,"menu_order":0,"comment_status":"closed","ping_status":"closed","template":"","meta":[],"_links":{"self":[{"href":"https:\/\/2014-2020.poctefa.eu\/fr\/wp-json\/wp\/v2\/pages\/2181"}],"collection":[{"href":"https:\/\/2014-2020.poctefa.eu\/fr\/wp-json\/wp\/v2\/pages"}],"about":[{"href":"https:\/\/2014-2020.poctefa.eu\/fr\/wp-json\/wp\/v2\/types\/page"}],"author":[{"embeddable":true,"href":"https:\/\/2014-2020.poctefa.eu\/fr\/wp-json\/wp\/v2\/users\/4"}],"replies":[{"embeddable":true,"href":"https:\/\/2014-2020.poctefa.eu\/fr\/wp-json\/wp\/v2\/comments?post=2181"}],"version-history":[{"count":10,"href":"https:\/\/2014-2020.poctefa.eu\/fr\/wp-json\/wp\/v2\/pages\/2181\/revisions"}],"predecessor-version":[{"id":7096,"href":"https:\/\/2014-2020.poctefa.eu\/fr\/wp-json\/wp\/v2\/pages\/2181\/revisions\/7096"}],"wp:attachment":[{"href":"https:\/\/2014-2020.poctefa.eu\/fr\/wp-json\/wp\/v2\/media?parent=2181"}],"curies":[{"name":"wp","href":"https:\/\/api.w.org\/{rel}","templated":true}]}}