{"id":2280,"date":"2016-05-27T10:13:55","date_gmt":"2016-05-27T08:13:55","guid":{"rendered":"https:\/\/2014-2020.poctefa.eu\/fr\/?page_id=2280"},"modified":"2020-06-23T14:04:14","modified_gmt":"2020-06-23T12:04:14","slug":"guide-dindicateurs","status":"publish","type":"page","link":"https:\/\/2014-2020.poctefa.eu\/fr\/documentation\/guide-dindicateurs\/","title":{"rendered":"Guide d&rsquo;indicateurs"},"content":{"rendered":"<p style=\"text-align: justify;\">Le Guide d&rsquo;indicateurs est un outil s\u2019adressant aux b\u00e9n\u00e9ficiaires des projets approuv\u00e9s ayant pour objectif d\u2019orienter ces derniers dans le suivi r\u00e9aliste et op\u00e9rationnel des indicateurs du programme POCTEFA.<\/p>\n<p style=\"text-align: justify;\">Ces indicateurs permettent de mesurer et de garantir le suivi des changements survenus sur le territoire. Au cours de la p\u00e9riode 2014-2020, la Commission europ\u00e9enne et le POCTEFA consid\u00e8rent l\u2019orientation vers les r\u00e9sultats des projets indispensable, entra\u00eenant ainsi le respect obligatoire des indicateurs. Ce guide aidera les b\u00e9n\u00e9ficiaires \u00e0 respecter cette obligation. Il est donc indispensable de le consulter.<\/p>\n<p>Vous pouvez t\u00e9l\u00e9charger le Guide d&rsquo;indicateurs (<strong>version mise \u00e0 jour en juin 2020<\/strong>) <strong><a href=\"https:\/\/2014-2020.poctefa.eu\/wp-content\/uploads\/2020\/06\/Indicateurs_FR-VERSION-JUIN-2020.pdf\" target=\"_blank\">ici<\/a><\/strong>.<\/p>\n<div class=\"fusion-button-wrapper\"><style type=\"text\/css\" scoped=\"scoped\">.fusion-button.button-1{border-width:0px;color:#ffffff;border-color:#ffffff;}.fusion-button.button-1:hover,.fusion-button.button-1:focus,.fusion-button.button-1:active{border-width:0px;border-color:#ffffff;color:#ffffff;}.fusion-button.button-1{background: #003399;}.fusion-button.button-1:hover,.button-1:focus,.fusion-button.button-1:active{background: #003399;}.fusion-button.button-1{width:100%;}<\/style><a class=\"fusion-button button-flat button-round button-large button-custom button-1\" target=\"_blank\" href=\"https:\/\/2014-2020.poctefa.eu\/wp-content\/uploads\/2020\/06\/Indicateurs_FR-VERSION-JUIN-2020.pdf\"><span class=\"fusion-button-text\">Guide d&rsquo;indicateurs (version mise \u00e0 jour en juin 2020)<\/span><\/a><\/div>\n","protected":false},"excerpt":{"rendered":"<p><a href=\"https:\/\/2014-2020.poctefa.eu\/fr\/documentation\/guide-dindicateurs\/\">Voir plus<\/a><\/p>\n","protected":false},"author":4,"featured_media":0,"parent":379,"menu_order":0,"comment_status":"closed","ping_status":"closed","template":"","meta":[],"_links":{"self":[{"href":"https:\/\/2014-2020.poctefa.eu\/fr\/wp-json\/wp\/v2\/pages\/2280"}],"collection":[{"href":"https:\/\/2014-2020.poctefa.eu\/fr\/wp-json\/wp\/v2\/pages"}],"about":[{"href":"https:\/\/2014-2020.poctefa.eu\/fr\/wp-json\/wp\/v2\/types\/page"}],"author":[{"embeddable":true,"href":"https:\/\/2014-2020.poctefa.eu\/fr\/wp-json\/wp\/v2\/users\/4"}],"replies":[{"embeddable":true,"href":"https:\/\/2014-2020.poctefa.eu\/fr\/wp-json\/wp\/v2\/comments?post=2280"}],"version-history":[{"count":10,"href":"https:\/\/2014-2020.poctefa.eu\/fr\/wp-json\/wp\/v2\/pages\/2280\/revisions"}],"predecessor-version":[{"id":6886,"href":"https:\/\/2014-2020.poctefa.eu\/fr\/wp-json\/wp\/v2\/pages\/2280\/revisions\/6886"}],"up":[{"embeddable":true,"href":"https:\/\/2014-2020.poctefa.eu\/fr\/wp-json\/wp\/v2\/pages\/379"}],"wp:attachment":[{"href":"https:\/\/2014-2020.poctefa.eu\/fr\/wp-json\/wp\/v2\/media?parent=2280"}],"curies":[{"name":"wp","href":"https:\/\/api.w.org\/{rel}","templated":true}]}}