{"id":2296,"date":"2016-05-30T11:05:54","date_gmt":"2016-05-30T09:05:54","guid":{"rendered":"https:\/\/2014-2020.poctefa.eu\/fr\/?page_id=2296"},"modified":"2021-01-27T10:56:22","modified_gmt":"2021-01-27T09:56:22","slug":"projets-programmes-2","status":"publish","type":"page","link":"https:\/\/2014-2020.poctefa.eu\/fr\/projets-programmes-2\/","title":{"rendered":"Projets Programm\u00e9s"},"content":{"rendered":"<div class=\"fusion-sep-clear\"><\/div><div class=\"fusion-separator fusion-full-width-sep sep-none\" style=\"border-color:#e0dede;margin-left: auto;margin-right: auto;margin-top:10px;margin-bottom:10px;\"><\/div><h2 style=\"text-align: justify;\" data-fontsize=\"18\" data-lineheight=\"27\">58 projets de coop\u00e9ration transfrontali\u00e8re programm\u00e9s au 1er appel \u00e0 projets<\/h2>\n<p style=\"text-align: justify;\"><a href=\"https:\/\/2014-2020.poctefa.eu\/wp-content\/uploads\/2015\/10\/Comite-de-Programacion-POCTEFA-11-de-mayo-e1464177132887.jpg\"><img decoding=\"async\" loading=\"lazy\" class=\"size-full wp-image-2082 alignright\" src=\"https:\/\/2014-2020.poctefa.eu\/wp-content\/uploads\/2015\/10\/Comite-de-Programacion-POCTEFA-11-de-mayo-e1464177132887.jpg\" alt=\"Comite de Programacion POCTEFA 11 de mayo\" width=\"365\" height=\"193\" \/><\/a>Le Comit\u00e9 de Programmation du programme POCTEFA 2014-2020, c\u00e9l\u00e9br\u00e9 le 11 mai dernier, a programm\u00e9 <strong><a href=\"https:\/\/2014-2020.poctefa.eu\/wp-content\/uploads\/2019\/12\/Liste-des-projets-programm\u00e9s-au-premier-appel-\u00e0-projets-du-POCTEFA-2014.pdf\" target=\"_blank\">58 projets<\/a><\/strong>\u00a0de coop\u00e9ration transfrontali\u00e8re, avec<strong> 71,2 millions d\u2019euros<\/strong>\u00a0<strong>du Fonds Europ\u00e9en de D\u00e9veloppement R\u00e9gional (FEDER)<\/strong>. Ce montant repr\u00e9sente 40% de l\u2019enveloppe totale du programme, hors Assistance Technique.<\/p>\n<p style=\"text-align: justify;\">Les 58 projets programm\u00e9s sont des initiatives dans le domaine du tourisme, de la R&amp;D, de l\u00b4adaptation au changement climatique, de la pr\u00e9vention des risques naturels, de la protection du patrimoine naturel et culturel, de la formation et de l\u00b4insertion sociale.<\/p>\n<p style=\"text-align: justify;\">POCTEFA 2014-2020 est divis\u00e9 en cinq axes. L\u2019<a href=\"https:\/\/2014-2020.poctefa.eu\/fr\/axe-3\/\">axe 3, \u00ab\u00a0Promouvoir la protection, la mise en valeur et l\u2019utilisation durable des ressources locales\u00a0\u00bb<\/a> est le plus programm\u00e9 au 1er appel \u00e0 projets, avec 24 millions d\u2019euros au 17 projets. \u00c0 son tour, l\u2019<a href=\"https:\/\/2014-2020.poctefa.eu\/fr\/axe-1\/\">axe 1 \u00a0\u00ab Dynamiser l\u2019innovation et la comp\u00e9titivit\u00e9 \u00bb<\/a>\u00a0est l\u2019axe avec plus de projets, 18. \u00a0Pour l\u2019<a href=\"https:\/\/2014-2020.poctefa.eu\/fr\/axe-2\/\">axe\u00a02 \u00ab Promouvoir l\u2019adaptation au changement climatique ainsi que la pr\u00e9vention et la gestion des risques \u00bb<\/a>\u00a010,5 millions de euros de\u00a0 FEDER ont \u00e9t\u00e9 programm\u00e9s. \u00a0L<a href=\"https:\/\/2014-2020.poctefa.eu\/fr\/axe-4\/\">\u2019axe 4 \u00abFavoriser la mobilit\u00e9 des biens et des personnes\u00a0\u00bb<\/a> a re\u00e7u 7 millions d\u2019euros de fonds europ\u00e9ens. En ce qui concerne \u00e0 l\u2019<a href=\"https:\/\/2014-2020.poctefa.eu\/fr\/axe-5\/\">axe 5 \u00abRenforcer les comp\u00e9tences et l\u2019inclusion au sein des territoires\u00a0\u00bb<\/a> pr\u00e8s de 10 millions d\u2019euros ont \u00e9t\u00e9 financ\u00e9s. Les fonds FEDER subventionnent 65% du co\u00fbt total des projets approuv\u00e9s, comme l\u2019\u00e9tablit le Programme Op\u00e9rationnel.<\/p>\n<p style=\"text-align: justify;\"><a href=\"https:\/\/2014-2020.poctefa.eu\/wp-content\/uploads\/2016\/05\/GRAFICOS-FR-e1464164649337.png\"><img decoding=\"async\" loading=\"lazy\" class=\"alignnone size-full wp-image-2220\" src=\"https:\/\/2014-2020.poctefa.eu\/wp-content\/uploads\/2016\/05\/GRAFICOS-FR-e1464164649337.png\" alt=\"GRAFICOS FR\" width=\"1031\" height=\"488\" srcset=\"https:\/\/2014-2020.poctefa.eu\/wp-content\/uploads\/2016\/05\/GRAFICOS-FR-e1464164649337.png 1031w, https:\/\/2014-2020.poctefa.eu\/wp-content\/uploads\/2016\/05\/GRAFICOS-FR-e1464164649337-300x142.png 300w, https:\/\/2014-2020.poctefa.eu\/wp-content\/uploads\/2016\/05\/GRAFICOS-FR-e1464164649337-1024x485.png 1024w, https:\/\/2014-2020.poctefa.eu\/wp-content\/uploads\/2016\/05\/GRAFICOS-FR-e1464164649337-150x71.png 150w\" sizes=\"(max-width: 1031px) 100vw, 1031px\" \/><\/a> <a href=\"https:\/\/2014-2020.poctefa.eu\/wp-content\/uploads\/2016\/05\/leyenda-fr.png\"><img decoding=\"async\" loading=\"lazy\" class=\"alignnone size-full wp-image-2221\" src=\"https:\/\/2014-2020.poctefa.eu\/wp-content\/uploads\/2016\/05\/leyenda-fr.png\" alt=\"leyenda fr\" width=\"724\" height=\"161\" srcset=\"https:\/\/2014-2020.poctefa.eu\/wp-content\/uploads\/2016\/05\/leyenda-fr.png 724w, https:\/\/2014-2020.poctefa.eu\/wp-content\/uploads\/2016\/05\/leyenda-fr-300x67.png 300w, https:\/\/2014-2020.poctefa.eu\/wp-content\/uploads\/2016\/05\/leyenda-fr-150x33.png 150w\" sizes=\"(max-width: 724px) 100vw, 724px\" \/><\/a><\/p>\n<p style=\"text-align: justify;\">Pendant la p\u00e9riode de pr\u00e9sentation des candidatures, 122 candidatures ont \u00e9t\u00e9 re\u00e7ues, sollicitant un total de 151 millions d\u2019euros.<\/p>\n\n","protected":false},"excerpt":{"rendered":"<p><a href=\"https:\/\/2014-2020.poctefa.eu\/fr\/projets-programmes-2\/\">Voir plus<\/a><\/p>\n","protected":false},"author":4,"featured_media":0,"parent":0,"menu_order":0,"comment_status":"closed","ping_status":"closed","template":"","meta":[],"_links":{"self":[{"href":"https:\/\/2014-2020.poctefa.eu\/fr\/wp-json\/wp\/v2\/pages\/2296"}],"collection":[{"href":"https:\/\/2014-2020.poctefa.eu\/fr\/wp-json\/wp\/v2\/pages"}],"about":[{"href":"https:\/\/2014-2020.poctefa.eu\/fr\/wp-json\/wp\/v2\/types\/page"}],"author":[{"embeddable":true,"href":"https:\/\/2014-2020.poctefa.eu\/fr\/wp-json\/wp\/v2\/users\/4"}],"replies":[{"embeddable":true,"href":"https:\/\/2014-2020.poctefa.eu\/fr\/wp-json\/wp\/v2\/comments?post=2296"}],"version-history":[{"count":17,"href":"https:\/\/2014-2020.poctefa.eu\/fr\/wp-json\/wp\/v2\/pages\/2296\/revisions"}],"predecessor-version":[{"id":7353,"href":"https:\/\/2014-2020.poctefa.eu\/fr\/wp-json\/wp\/v2\/pages\/2296\/revisions\/7353"}],"wp:attachment":[{"href":"https:\/\/2014-2020.poctefa.eu\/fr\/wp-json\/wp\/v2\/media?parent=2296"}],"curies":[{"name":"wp","href":"https:\/\/api.w.org\/{rel}","templated":true}]}}