{"id":2898,"date":"2016-08-31T10:53:51","date_gmt":"2016-08-31T08:53:51","guid":{"rendered":"https:\/\/2014-2020.poctefa.eu\/fr\/?page_id=2898"},"modified":"2021-01-27T10:55:32","modified_gmt":"2021-01-27T09:55:32","slug":"liste-des-projets-programmes","status":"publish","type":"page","link":"https:\/\/2014-2020.poctefa.eu\/fr\/liste-des-projets-programmes\/","title":{"rendered":"Liste des projets programm\u00e9s"},"content":{"rendered":"<p>Vous trouverez tous les projets de coop\u00e9ration transfontali\u00e8re du premier, du deuxi\u00e8me et du troisi\u00e8me appel \u00e0 projets ici:<\/p>\n<div class=\"fusion-button-wrapper fusion-aligncenter\"><style type=\"text\/css\" scoped=\"scoped\">.fusion-button.button-1{border-width:0px;color:#ffffff;border-color:#ffffff;}.fusion-button.button-1.button-3d{-webkit-box-shadow: inset 0px 1px 0px #fff,0px 3px 0px #ffffff,1px 5px 5px 3px rgba(0,0,0,0.3);-moz-box-shadow: inset 0px 1px 0px #fff,0px 3px 0px #ffffff,1px 5px 5px 3px rgba(0,0,0,0.3);box-shadow: inset 0px 1px 0px #fff,0px 3px 0px #ffffff,1px 5px 5px 3px rgba(0,0,0,0.3);}.button-1.button-3d:active{-webkit-box-shadow: inset 0px 1px 0px #fff,0px 3px 0px #ffffff,1px 5px 5px 3px rgba(0,0,0,0.3);-moz-box-shadow: inset 0px 1px 0px #fff,0px 3px 0px #ffffff,1px 5px 5px 3px rgba(0,0,0,0.3);box-shadow: inset 0px 1px 0px #fff,0px 3px 0px #ffffff,1px 5px 5px 3px rgba(0,0,0,0.3);}.fusion-button.button-1:hover,.fusion-button.button-1:focus,.fusion-button.button-1:active{border-width:0px;border-color:#ffffff;color:#ffffff;}.fusion-button.button-1{background: #003399;}.fusion-button.button-1:hover,.button-1:focus,.fusion-button.button-1:active{background: #003399;}.fusion-button.button-1{width:auto;}<\/style><a class=\"fusion-button button-3d button-round button-medium button-custom button-1 fusion-animated\" data-animationType=\"zoomInUp\" data-animationDuration=\"0.1\" target=\"_blank\" href=\"https:\/\/2014-2020.poctefa.eu\/wp-content\/uploads\/2021\/01\/Proyectos-26_01_2021_Update_FR.xlsx\"><span class=\"fusion-button-text\">Tous les projets programm\u00e9s<\/span><\/a><\/div>\n","protected":false},"excerpt":{"rendered":"<p><a href=\"https:\/\/2014-2020.poctefa.eu\/fr\/liste-des-projets-programmes\/\">Voir plus<\/a><\/p>\n","protected":false},"author":1,"featured_media":0,"parent":0,"menu_order":0,"comment_status":"closed","ping_status":"closed","template":"","meta":[],"_links":{"self":[{"href":"https:\/\/2014-2020.poctefa.eu\/fr\/wp-json\/wp\/v2\/pages\/2898"}],"collection":[{"href":"https:\/\/2014-2020.poctefa.eu\/fr\/wp-json\/wp\/v2\/pages"}],"about":[{"href":"https:\/\/2014-2020.poctefa.eu\/fr\/wp-json\/wp\/v2\/types\/page"}],"author":[{"embeddable":true,"href":"https:\/\/2014-2020.poctefa.eu\/fr\/wp-json\/wp\/v2\/users\/1"}],"replies":[{"embeddable":true,"href":"https:\/\/2014-2020.poctefa.eu\/fr\/wp-json\/wp\/v2\/comments?post=2898"}],"version-history":[{"count":9,"href":"https:\/\/2014-2020.poctefa.eu\/fr\/wp-json\/wp\/v2\/pages\/2898\/revisions"}],"predecessor-version":[{"id":7352,"href":"https:\/\/2014-2020.poctefa.eu\/fr\/wp-json\/wp\/v2\/pages\/2898\/revisions\/7352"}],"wp:attachment":[{"href":"https:\/\/2014-2020.poctefa.eu\/fr\/wp-json\/wp\/v2\/media?parent=2898"}],"curies":[{"name":"wp","href":"https:\/\/api.w.org\/{rel}","templated":true}]}}