{"id":2900,"date":"2016-08-31T10:56:31","date_gmt":"2016-08-31T08:56:31","guid":{"rendered":"https:\/\/2014-2020.poctefa.eu\/fr\/?page_id=2900"},"modified":"2016-09-08T15:26:12","modified_gmt":"2016-09-08T13:26:12","slug":"listes-de-projets","status":"publish","type":"page","link":"https:\/\/2014-2020.poctefa.eu\/fr\/listes-de-projets\/","title":{"rendered":"Recherche de projets"},"content":{"rendered":"<div class=\"fusion-widget-area fusion-widget-area-1 fusion-content-widget-area\"><div class=\"row\" ><div class=\"col-lg-3 col-md-3 col-sm-12 col-xs-12\" id=\"campoBusqueda\"><div id=\"acronimoc\" class=\"col-lg-12 col-md-12 col-sm-12 col-xs-12\"><label for=\"acronimo\">Acronyme<\/label><input type=\"text\" id=\"acronimo\" placeholder=\"\u00c9crivez l\u2019acronyme\"\/><div id=\"acronimo_container\"><\/div><\/div><div class=\"col-lg-12 col-md-12 col-sm-12 col-xs-12\"><label id=\"l_eje\" for=\"eje\">Axe<\/label><span id=\"sp-eje\"><\/span><select name=\"eje\" class=\"col-lg-12 col-md-12 col-sm-12 col-xs-12\" id=\"eje\" ><option value=\"0\">S\u00e9lectionnez l\u2019axe<\/option><option value=\"1\">AXE 1<\/option><option value=\"2\">AXE 2<\/option><option value=\"3\">AXE 3<\/option><option value=\"4\">AXE 4<\/option><option value=\"5\">AXE 5<\/option><\/select><div id=\"eje_container\"><\/div><\/div><div id=\"dv-areas\" class=\"col-lg-12 col-md-12 col-sm-12 col-xs-12\"><label id=\"l_areas\">Priorit\u00e9 d'investissement <\/label>\r\n\t\t\t\t<select name=\"areas\" class=\"col-lg-12 col-md-12 col-sm-12 col-xs-12\" id=\"areas\"><option class=\"none\" value=\"0\">S\u00e9lectionnez la priorit\u00e9<\/option><option class=\"none\" value=\"1b\" >1b Favoriser les investissements des entreprises dans la R&I, en d\u00e9veloppant des liens et des synergies entre les entreprises, les centres de recherche et d\u00e9veloppement et l'enseignement sup\u00e9rieur<\/option><option class=\"none\" value=\"3b\" >3b D\u00e9velopper et mettre en \u0153uvre de nouveaux mod\u00e8les d'activit\u00e9 \u00e0 l'intention des PME, en particulier en ce qui concerne leur internationalisation.<\/option><option class=\"none\" value=\"5a\" >5a Soutien \u00e0 l\u2019investissement destin\u00e9 \u00e0 l\u2019adaptation au changement climatique, y compris les approches fond\u00e9es sur les \u00e9cosyst\u00e8mes.<\/option><option class=\"none\" value=\"5b\" >5b Promotion de l\u2019investissement pour faire face \u00e0 des risques sp\u00e9cifiques, en assurant une r\u00e9silience face aux catastrophes et en d\u00e9veloppant des syst\u00e8mes de gestion des catastrophes. <\/option><option class=\"none\" value=\"6c\" >6c Conserver, prot\u00e9ger, favoriser et d\u00e9velopper le patrimoine naturel et culturel.   <\/option><option class=\"none\" value=\"6d\" >6d Prot\u00e9ger et restaurer la biodiversit\u00e9 et les sols en favorisant des services li\u00e9s aux \u00e9cosyst\u00e8mes, y compris au travers de Natura 2000 et des infrastructures vertes.   <\/option><option class=\"none\" value=\"7c\" >7c \u00c9laborer et am\u00e9liorer des syst\u00e8mes de transport respectueux de l\u2019environnement (y compris les syst\u00e8mes peu bruyants) et \u00e0 faible \u00e9mission de carbone, y compris le transport maritime et sur les voies navigables, les ports, les liens multimodaux et les infrastructures a\u00e9roportuaires, de fa\u00e7on \u00e0 promouvoir une mobilit\u00e9 locale et r\u00e9gionale durable.<\/option><option class=\"none\" value=\"8C\" >8CTE Favoriser un emploi durable et de qualit\u00e9 et soutenir la mobilit\u00e9 de la main d\u2019\u0153uvre par l\u2019int\u00e9gration des march\u00e9s transfrontaliers du travail, y compris la mobilit\u00e9 transfrontali\u00e8re, les initiatives locales communes en mati\u00e8re d\u2019emploi, les services d\u2019information et de conseil et la formation commune.  <\/option><option class=\"none\" value=\"9a\" >9a Investir dans des infrastructures sociales et sanitaires contribuant au d\u00e9veloppement national, r\u00e9gional et local, en r\u00e9duisant les in\u00e9galit\u00e9s sur le plan de l'\u00e9tat de sant\u00e9, en favorisant l'inclusion sociale par un acc\u00e8s am\u00e9lior\u00e9 aux services sociaux, culturels et r\u00e9cr\u00e9atifs et le passage de services institutionnels \u00e0 des services de proximit\u00e9. <\/option><\/select><div id=\"area_container\"><\/div><\/div><div class=\"col-lg-12 col-md-12 col-sm-12 col-xs-12\"><label id=\"l_pais\" for=\"pais\">Pays<\/label><span id=\"sp-pais\"><\/span><select name=\"pais\" class=\"col-lg-12 col-md-12 col-sm-12 col-xs-12\" id=\"pais\"><option value=\"0\">S\u00e9lectionez le pays<\/option><option value=\"1\">Andorra<\/option><option value=\"2\">Espa\u00f1a<\/option><option value=\"3\">Francia<\/option><option value=\"4\">Autre<\/option><\/select><div id=\"pais_container\"><\/div><\/div><div class=\"form-group col-lg-12 col-md-12 col-sm-12 col-xs-12\"><label id=\"l_region\" for=\"region\">Territoire d\u2019intervention<\/label><select name=\"region\" class=\"col-lg-12 col-md-12 col-sm-12 col-xs-12\" id=\"region\"><option value=\"0\">S\u00e9lectionez la zone<\/option><option value=\"1\" >Andorra<\/option><option value=\"2\">Araba\/\u00c1lava<\/option><option value=\"3\" >Ari\u00e8ge<\/option><option value=\"4\" >Barcelona<\/option><option value=\"5\" >Bizkaia<\/option><option value=\"6\" >Gipuzkoa<\/option><option value=\"7\" >Girona<\/option><option value=\"8\" >Haute Garonne<\/option><option value=\"9\" >Hautes Pyr\u00e9n\u00e9es<\/option><option value=\"10\" >Huesca<\/option><option value=\"11\" >La Rioja<\/option><option value=\"12\" >Lleida<\/option><option value=\"13\" >Navarra<\/option><option value=\"14\" >Pyr\u00e9n\u00e9es Atlantiques<\/option><option value=\"15\" >Pyr\u00e9n\u00e9es Orientales<\/option><option value=\"16\" >Tarragona<\/option><option value=\"17\" >Zaragoza<\/option><option value=\"18\" >Autre<\/option><\/select><div id=\"region_container\"><\/div><\/div><\/div><div id=\"contenedor_resultados\" class=\"col-lg-9 col-md-9 col-sm-12 col-xs-12\" ><h2 style=\"font-size: 30px;\">RECHERCHE AVANC\u00c9E PROJETS PROGRAMM\u00c9S<\/h2><article><header><h3>R\u00e9sultats de la recherche<\/h3><\/header><div class=\"col-lg-12 col-md-12 col-sm-12 col-xs-12 \" id=\"paginacion_cabecera\"><\/div><div id=\"resultados\" class=\"col-lg-12 col-md-12 col-sm-12 col-xs-12 resultado\"><img src=\"\/wp-content\/uploads\/2015\/11\/search-animated-icon.gif\" id=\"loading-gif\"\/><\/div><div class=\"col-lg-12 col-md-12 col-sm-12 col-xs-12 \" id=\"paginacion_footer\"><\/div><\/article><\/div><\/div><div class=\"fusion-additional-widget-content\"><\/div><\/div>\n","protected":false},"excerpt":{"rendered":"<p><a href=\"https:\/\/2014-2020.poctefa.eu\/fr\/listes-de-projets\/\">Voir plus<\/a><\/p>\n","protected":false},"author":1,"featured_media":0,"parent":0,"menu_order":0,"comment_status":"closed","ping_status":"closed","template":"","meta":[],"_links":{"self":[{"href":"https:\/\/2014-2020.poctefa.eu\/fr\/wp-json\/wp\/v2\/pages\/2900"}],"collection":[{"href":"https:\/\/2014-2020.poctefa.eu\/fr\/wp-json\/wp\/v2\/pages"}],"about":[{"href":"https:\/\/2014-2020.poctefa.eu\/fr\/wp-json\/wp\/v2\/types\/page"}],"author":[{"embeddable":true,"href":"https:\/\/2014-2020.poctefa.eu\/fr\/wp-json\/wp\/v2\/users\/1"}],"replies":[{"embeddable":true,"href":"https:\/\/2014-2020.poctefa.eu\/fr\/wp-json\/wp\/v2\/comments?post=2900"}],"version-history":[{"count":3,"href":"https:\/\/2014-2020.poctefa.eu\/fr\/wp-json\/wp\/v2\/pages\/2900\/revisions"}],"predecessor-version":[{"id":2975,"href":"https:\/\/2014-2020.poctefa.eu\/fr\/wp-json\/wp\/v2\/pages\/2900\/revisions\/2975"}],"wp:attachment":[{"href":"https:\/\/2014-2020.poctefa.eu\/fr\/wp-json\/wp\/v2\/media?parent=2900"}],"curies":[{"name":"wp","href":"https:\/\/api.w.org\/{rel}","templated":true}]}}