{"id":2972,"date":"2016-09-08T15:23:45","date_gmt":"2016-09-08T13:23:45","guid":{"rendered":"https:\/\/2014-2020.poctefa.eu\/fr\/?page_id=2972"},"modified":"2021-12-09T09:33:48","modified_gmt":"2021-12-09T08:33:48","slug":"information-generale","status":"publish","type":"page","link":"https:\/\/2014-2020.poctefa.eu\/fr\/information-generale\/","title":{"rendered":"Information g\u00e9n\u00e9rale"},"content":{"rendered":"<p>Le Programme Interreg V-A Espagne-France-Andorre (POCTEFA 2014-2020) compte actuellement <strong>175 projets programm\u00e9s<\/strong> issus de ses trois appels, ce qui repr\u00e9sente plus de <strong>182<\/strong> <strong>millions d\u2019euros du Fonds Europ\u00e9en de D\u00e9veloppement R\u00e9gional (FEDER)<\/strong>.<\/p>\n<p>Le Comit\u00e9 de Programmation du POCTEFA 2014-2020, tenu le 11 mai 2016 \u00e0 Jaca, a programm\u00e9 <strong>58 projets de coop\u00e9ration transfrontali\u00e8re<\/strong> avec un cofinancement de 71,2 millions d\u2019euros du FEDER. Le 31 janvier 2018, ce m\u00eame Comit\u00e9 a ratifi\u00e9 la programmation approuv\u00e9e \u00e0 Biarritz le 8 novembre 2017, dans laquelle 71 autres millions d\u2019euros du FEDER sont allou\u00e9s \u00e0 <strong>62 nouveaux projets programm\u00e9s<\/strong>.\u00a0Le Comit\u00e9 de Programmation du POCTEFA 2014-2020 qui s\u2019est tenu le 15 octobre 2019 \u00e0 Jaca a<strong>\u00a0approuv\u00e9 43 projets<\/strong>\u00a0de coop\u00e9ration transfrontali\u00e8re et\u00a0<strong>31,1 millions d\u2019euros du Fonds Europ\u00e9en de D\u00e9veloppement R\u00e9gional (FEDER)<\/strong>.<\/p>\n<p>Le Comit\u00e9 de programmation du POCTEFA 2014-2020 a approuv\u00e9 le 22 juin 2020 la <strong>d\u00e9cision d\u00e9finitive II du 3\u00e8me appel \u00e0 projets<\/strong> concernant la programmation des candidatures de la liste de r\u00e9serve avec <strong>10 projets programm\u00e9s et 7,5 millions d&rsquo;euros<\/strong> du Fonds europ\u00e9en de d\u00e9veloppement r\u00e9gional (FEDER).<br \/>\nLe 24 juin 2021, le Comit\u00e9 de programmation a approuv\u00e9 la <strong>d\u00e9cision d\u00e9finitive III du 3\u00e8me appel \u00e0 projets<\/strong> dans laquelle <strong>deux projets<\/strong> de la liste de r\u00e9serve ont \u00e9t\u00e9 programm\u00e9s avec <strong>1,26 millions d&rsquo;euros.<\/strong><\/p>\n<p>Les 175 projets programm\u00e9s sont des initiatives li\u00e9es au domaine du tourisme, de la R&amp;D, de l\u2019adaptation au changement climatique, de la pr\u00e9vention des catastrophes naturelles, de la protection du patrimoine naturel et culturel, de la formation et de l\u2019inclusion sociale.<\/p>\n<p>Parmi les cinq axes du Programme, l<a href=\"https:\/\/2014-2020.poctefa.eu\/fr\/axe-1\/\" target=\"_blank\">\u2019axe 1, \u00ab\u00a0Dynamiser l\u2019innovation et la comp\u00e9titivit\u00e9\u00a0\u00bb<\/a> est celui qui a re\u00e7u la dotation FEDER la plus importante entre les trois appels. En effet, 56,1 millions d\u2019euros ont \u00e9t\u00e9 r\u00e9partis sur 63 projets. Il est suivi de\u00a0<a href=\"https:\/\/2014-2020.poctefa.eu\/fr\/axe-3\/\" target=\"_blank\">l\u2019axe 3 \u00ab\u00a0Promouvoir la protection, la valorisation et l\u2019utilisation durable des ressources locales\u00a0\u00bb<\/a>\u00a0\u00a0, avec 47,2 millions d\u2019euros pour 37 projets, est l\u2019axe dans lequel le plus grand nombre de projets ont \u00e9t\u00e9 approuv\u00e9s. Les <a href=\"https:\/\/2014-2020.poctefa.eu\/fr\/axe-2\/\" target=\"_blank\">axes 2 (\u00ab\u00a0Promouvoir l\u2019adaptation au changement climatique et la pr\u00e9vention et la gestion des risques\u00a0\u00bb<\/a>), <a href=\"https:\/\/2014-2020.poctefa.eu\/fr\/axe-5\/\" target=\"_blank\">5 (\u00ab\u00a0Renforcer les comp\u00e9tences et l\u2019inclusion des territoires\u00a0\u00bb<\/a>) et <a href=\"https:\/\/2014-2020.poctefa.eu\/fr\/axe-4\/\" target=\"_blank\">4 (\u00ab\u00a0Favoriser la mobilit\u00e9 des biens et des personnes\u00a0\u00bb<\/a>) ont enregistr\u00e9 la programmation respectivement de 28,5 millions d\u2019euros\u00a0; 28,1 millions d\u2019euros et 22,3 millions d\u2019euros de FEDER. En nombre de projets programm\u00e9s\u00a0: 26, 38 et 11 respectivement.<\/p>\n<p>IMPORTANT : ces chiffres correspondent au FEDER programm\u00e9 et non au FEDER ex\u00e9cut\u00e9<\/p>\n<div class=\"fusion-sep-clear\"><\/div><div class=\"fusion-separator fusion-full-width-sep sep-none\" style=\"border-color:#e0dede;margin-left: auto;margin-right: auto;margin-top:10px;margin-bottom:10px;\"><\/div><div class=\"fusion-one-half fusion-layout-column fusion-spacing-yes\" style=\"margin-top:0px;margin-bottom:20px;\"><div class=\"fusion-column-wrapper\"><p><a href=\"https:\/\/2014-2020.poctefa.eu\/wp-content\/uploads\/2021\/10\/Projets-programm\u00e9s-FR.jpg\" target=\"_blank\"><img decoding=\"async\" loading=\"lazy\" class=\"alignleft size-medium wp-image-7131\" src=\"https:\/\/2014-2020.poctefa.eu\/wp-content\/uploads\/2021\/10\/Projets-programm\u00e9s-FR.jpg\" alt=\"image (5)\" width=\"300\" height=\"215\" \/><\/a><\/p>\n<div class=\"fusion-clearfix\"><\/div><\/div><\/div><div class=\"fusion-one-half fusion-layout-column fusion-column-last fusion-spacing-yes\" style=\"margin-top:0px;margin-bottom:20px;\"><div class=\"fusion-column-wrapper\"><p><a href=\"https:\/\/2014-2020.poctefa.eu\/wp-content\/uploads\/2021\/10\/FEDER-programm\u00e9-FR.jpg\" target=\"_blank\"><img decoding=\"async\" loading=\"lazy\" class=\"alignleft size-medium wp-image-7133\" src=\"https:\/\/2014-2020.poctefa.eu\/wp-content\/uploads\/2021\/10\/FEDER-programm\u00e9-FR.jpg\" alt=\"image (6)\" width=\"300\" height=\"201\" \/><\/a><\/p>\n<div class=\"fusion-clearfix\"><\/div><\/div><\/div><div class=\"fusion-clearfix\"><\/div><div class=\"fusion-sep-clear\"><\/div><div class=\"fusion-separator fusion-full-width-sep sep-none\" style=\"border-color:#e0dede;margin-left: auto;margin-right: auto;margin-top:10px;margin-bottom:10px;\"><\/div><p><a href=\"https:\/\/2014-2020.poctefa.eu\/wp-content\/uploads\/2016\/05\/leyenda-fr.png\"><img decoding=\"async\" loading=\"lazy\" class=\"alignleft wp-image-2221 size-full\" src=\"https:\/\/2014-2020.poctefa.eu\/wp-content\/uploads\/2016\/05\/leyenda-fr.png\" alt=\"leyenda fr\" width=\"724\" height=\"161\" srcset=\"https:\/\/2014-2020.poctefa.eu\/wp-content\/uploads\/2016\/05\/leyenda-fr.png 724w, https:\/\/2014-2020.poctefa.eu\/wp-content\/uploads\/2016\/05\/leyenda-fr-300x67.png 300w, https:\/\/2014-2020.poctefa.eu\/wp-content\/uploads\/2016\/05\/leyenda-fr-150x33.png 150w\" sizes=\"(max-width: 724px) 100vw, 724px\" \/><\/a><\/p>\n<div class=\"fusion-sep-clear\"><\/div><div class=\"fusion-separator fusion-full-width-sep sep-none\" style=\"border-color:#e0dede;margin-left: auto;margin-right: auto;margin-top:10px;margin-bottom:10px;\"><\/div><p>Le FEDER subventionne 65% du co\u00fbt total des projets approuv\u00e9s, tel qu\u2019\u00e9tabli dans le Programme Op\u00e9ratif.<\/p>\n<p>Toute l\u2019information sur chacun des projets peut \u00eatre trouv\u00e9 dans le moteur de <a href=\"https:\/\/2014-2020.poctefa.eu\/fr\/projets\/listes-de-projets\/\" target=\"_blank\">recherche des projets programm\u00e9s.<\/a><\/p>\n<p>Les listes avec les donn\u00e9es des projets programm\u00e9s peuvent \u00eatre consult\u00e9es ici\u00a0:<\/p>\n<div class=\"fusion-sep-clear\"><\/div><div class=\"fusion-separator fusion-full-width-sep sep-none\" style=\"border-color:#e0dede;margin-left: auto;margin-right: auto;margin-top:10px;margin-bottom:10px;\"><\/div><div class=\"fusion-one-third one_third fusion-layout-column fusion-spacing-yes\" style=\"margin-top:0px;margin-bottom:20px;\"><div class=\"fusion-column-wrapper\"><div class=\"fusion-button-wrapper\"><style type=\"text\/css\" scoped=\"scoped\">.fusion-button.button-1{border-width:0px;color:#ffffff;border-color:#ffffff;}.fusion-button.button-1:hover,.fusion-button.button-1:focus,.fusion-button.button-1:active{border-width:0px;border-color:#ffffff;color:#ffffff;}.fusion-button.button-1{background: #003399;}.fusion-button.button-1:hover,.button-1:focus,.fusion-button.button-1:active{background: #003399;}.fusion-button.button-1{width:100%;}<\/style><a class=\"fusion-button button-flat button-round button-xlarge button-custom button-1\" target=\"_blank\" href=\"https:\/\/2014-2020.poctefa.eu\/fr\/projets-programmes-2\/\"><span class=\"fusion-button-text\">Liste de projets programm\u00e9s 1er appel<\/span><\/a><\/div><div class=\"fusion-clearfix\"><\/div><\/div><\/div><div class=\"fusion-one-third one_third fusion-layout-column fusion-spacing-yes\" style=\"margin-top:0px;margin-bottom:20px;\"><div class=\"fusion-column-wrapper\"><div class=\"fusion-button-wrapper\"><style type=\"text\/css\" scoped=\"scoped\">.fusion-button.button-2{border-width:0px;color:#ffffff;border-color:#ffffff;}.fusion-button.button-2:hover,.fusion-button.button-2:focus,.fusion-button.button-2:active{border-width:0px;border-color:#ffffff;color:#ffffff;}.fusion-button.button-2{background: #003399;}.fusion-button.button-2:hover,.button-2:focus,.fusion-button.button-2:active{background: #003399;}.fusion-button.button-2{width:100%;}<\/style><a class=\"fusion-button button-flat button-round button-xlarge button-custom button-2\" target=\"_blank\" href=\"https:\/\/2014-2020.poctefa.eu\/fr\/appels-a-projets\/2eme-appel\/projets-programmes\/\"><span class=\"fusion-button-text\">Liste de projets programm\u00e9s 2\u00e9me appel<\/span><\/a><\/div><div class=\"fusion-clearfix\"><\/div><\/div><\/div><div class=\"fusion-one-third one_third fusion-layout-column fusion-column-last fusion-spacing-yes\" style=\"margin-top:0px;margin-bottom:20px;\"><div class=\"fusion-column-wrapper\"><div class=\"fusion-button-wrapper\"><style type=\"text\/css\" scoped=\"scoped\">.fusion-button.button-3{border-width:0px;color:#ffffff;border-color:#ffffff;}.fusion-button.button-3:hover,.fusion-button.button-3:focus,.fusion-button.button-3:active{border-width:0px;border-color:#ffffff;color:#ffffff;}.fusion-button.button-3{background: #003399;}.fusion-button.button-3:hover,.button-3:focus,.fusion-button.button-3:active{background: #003399;}.fusion-button.button-3{width:100%;}<\/style><a class=\"fusion-button button-flat button-round button-xlarge button-custom button-3\" target=\"_blank\" href=\"https:\/\/2014-2020.poctefa.eu\/fr\/projets-programmes\/\"><span class=\"fusion-button-text\">Liste de projets programm\u00e9s 3\u00e9me appel<\/span><\/a><\/div><div class=\"fusion-clearfix\"><\/div><\/div><\/div><div class=\"fusion-clearfix\"><\/div><div class=\"fusion-sep-clear\"><\/div><div class=\"fusion-separator fusion-full-width-sep sep-none\" style=\"border-color:#e0dede;margin-left: auto;margin-right: auto;margin-top:10px;margin-bottom:10px;\"><\/div>\n","protected":false},"excerpt":{"rendered":"<p><a href=\"https:\/\/2014-2020.poctefa.eu\/fr\/information-generale\/\">Voir plus<\/a><\/p>\n","protected":false},"author":4,"featured_media":0,"parent":0,"menu_order":0,"comment_status":"closed","ping_status":"closed","template":"","meta":[],"_links":{"self":[{"href":"https:\/\/2014-2020.poctefa.eu\/fr\/wp-json\/wp\/v2\/pages\/2972"}],"collection":[{"href":"https:\/\/2014-2020.poctefa.eu\/fr\/wp-json\/wp\/v2\/pages"}],"about":[{"href":"https:\/\/2014-2020.poctefa.eu\/fr\/wp-json\/wp\/v2\/types\/page"}],"author":[{"embeddable":true,"href":"https:\/\/2014-2020.poctefa.eu\/fr\/wp-json\/wp\/v2\/users\/4"}],"replies":[{"embeddable":true,"href":"https:\/\/2014-2020.poctefa.eu\/fr\/wp-json\/wp\/v2\/comments?post=2972"}],"version-history":[{"count":22,"href":"https:\/\/2014-2020.poctefa.eu\/fr\/wp-json\/wp\/v2\/pages\/2972\/revisions"}],"predecessor-version":[{"id":8251,"href":"https:\/\/2014-2020.poctefa.eu\/fr\/wp-json\/wp\/v2\/pages\/2972\/revisions\/8251"}],"wp:attachment":[{"href":"https:\/\/2014-2020.poctefa.eu\/fr\/wp-json\/wp\/v2\/media?parent=2972"}],"curies":[{"name":"wp","href":"https:\/\/api.w.org\/{rel}","templated":true}]}}