{"id":3339,"date":"2016-11-24T09:46:17","date_gmt":"2016-11-24T08:46:17","guid":{"rendered":"https:\/\/2014-2020.poctefa.eu\/fr\/?page_id=3339"},"modified":"2018-05-17T12:01:22","modified_gmt":"2018-05-17T10:01:22","slug":"avant-de-presenter-une-candidature","status":"publish","type":"page","link":"https:\/\/2014-2020.poctefa.eu\/fr\/appels-a-projets\/information-concernant-les-appels-a-projets\/avant-de-presenter-une-candidature\/","title":{"rendered":"Avant de pr\u00e9senter une candidature"},"content":{"rendered":"<p style=\"text-align: justify;\">Veuillez consulter les documents ci-dessous avant de la pr\u00e9sentation d&rsquo;une candidature \u00e0 un appel \u00e0 projet du programme\u00a0Interreg V-A Espagne-France-Andorre (POCTEFA 2014-2020):<\/p>\n<p style=\"text-align: justify;\">\n<p style=\"text-align: center;\"><a href=\"https:\/\/www.youtube.com\/watch?v=ERwY4w1rlgY&amp;t=6s\" target=\"_blank\"><span style=\"text-decoration: none;\"><b>Vid\u00e9o sur le\u00a0Plan d&rsquo;action<\/b><\/span><\/a><\/p>\n<div class=\"fusion-one-fifth fusion-layout-column fusion-spacing-yes\" style=\"margin-top:0px;margin-bottom:20px;\"><div class=\"fusion-column-wrapper\"><div class=\"fusion-clearfix\"><\/div><\/div><\/div><div class=\"fusion-three-fifth fusion-layout-column fusion-spacing-yes\" style=\"margin-top:0px;margin-bottom:20px;\"><div class=\"fusion-column-wrapper\"><div class=\"fusion-video fusion-youtube\" style=\"max-width:600px;max-height:350px;\"><div class=\"video-shortcode\"><iframe title=\"YouTube video player\" src=\"https:\/\/www.youtube.com\/embed\/ERwY4w1rlgY?wmode=transparent&autoplay=0\" width=\"600\" height=\"350\" frameborder=\"0\" allowfullscreen><\/iframe><\/div><\/div><div class=\"fusion-clearfix\"><\/div><\/div><\/div><div class=\"fusion-one-fifth fusion-layout-column fusion-column-last fusion-spacing-yes\" style=\"margin-top:0px;margin-bottom:20px;\"><div class=\"fusion-column-wrapper\"><div class=\"fusion-clearfix\"><\/div><\/div><\/div><div class=\"fusion-clearfix\"><\/div><div class=\"fusion-one-half fusion-layout-column fusion-spacing-yes\" style=\"margin-top:0px;margin-bottom:20px;\"><div class=\"fusion-column-wrapper\"><p style=\"text-align: justify;\"><strong><span style=\"text-decoration: none;\"><a href=\"https:\/\/2014-2020.poctefa.eu\/wp-content\/uploads\/2016\/11\/12.-Recommandations-pour-la-pr\u00e9sentations-des-candidatures_FR.pdf\">9 recommandations pour la pr\u00e9sentation des candidatures aux appels \u00e0 projets du POCTEFA 2014-2020<\/a><\/span><\/strong><\/p>\n<div class=\"imageframe-align-center\"><span class=\"fusion-imageframe imageframe-none imageframe-1 hover-type-none\"><a class=\"fusion-no-lightbox\" href=\"https:\/\/2014-2020.poctefa.eu\/wp-content\/uploads\/2016\/11\/12.-Recommandations-pour-la-pr\u00e9sentations-des-candidatures_FR.pdf\" target=\"_blank\"> <img decoding=\"async\" src=\"https:\/\/2014-2020.poctefa.eu\/wp-content\/uploads\/2016\/11\/RECOMENDACIONES-FR1-212x300.jpg\" alt=\"\" class=\"img-responsive\"\/><\/a><\/span><\/div><div class=\"fusion-clearfix\"><\/div><\/div><\/div><div class=\"fusion-one-half fusion-layout-column fusion-column-last fusion-spacing-yes\" style=\"margin-top:0px;margin-bottom:20px;\"><div class=\"fusion-column-wrapper\"><p><span style=\"text-decoration: none;\"><strong><a href=\"https:\/\/2014-2020.poctefa.eu\/wp-content\/uploads\/2016\/11\/13.-Recommendations-pour-la-pr\u00e9paration-de-laction-de-communication-action-2_FR.pdf\" target=\"_blank\">Recommandations pour la pr\u00e9paration de l&rsquo;action de communication (action 2)<\/a><\/strong><\/span><\/p>\n<div class=\"fusion-sep-clear\"><\/div><div class=\"fusion-separator fusion-full-width-sep sep-none\" style=\"border-color:#e0dede;margin-left: auto;margin-right: auto;margin-top:10px;\"><\/div><div class=\"imageframe-align-center\"><span class=\"fusion-imageframe imageframe-none imageframe-2 hover-type-none\"><a class=\"fusion-no-lightbox\" href=\"https:\/\/2014-2020.poctefa.eu\/wp-content\/uploads\/2016\/11\/13.-Recommendations-pour-la-pr\u00e9paration-de-laction-de-communication-action-2_FR.pdf\" target=\"_blank\"> <img decoding=\"async\" src=\"https:\/\/2014-2020.poctefa.eu\/wp-content\/uploads\/2016\/10\/Recommendations-pr\u00e9sentations-candidatures11-200x300.jpg\" alt=\"\" class=\"img-responsive\"\/><\/a><\/span><\/div><div class=\"fusion-clearfix\"><\/div><\/div><\/div><div class=\"fusion-clearfix\"><\/div>\n","protected":false},"excerpt":{"rendered":"<p><a href=\"https:\/\/2014-2020.poctefa.eu\/fr\/appels-a-projets\/information-concernant-les-appels-a-projets\/avant-de-presenter-une-candidature\/\">Voir plus<\/a><\/p>\n","protected":false},"author":4,"featured_media":0,"parent":2933,"menu_order":0,"comment_status":"closed","ping_status":"closed","template":"","meta":[],"_links":{"self":[{"href":"https:\/\/2014-2020.poctefa.eu\/fr\/wp-json\/wp\/v2\/pages\/3339"}],"collection":[{"href":"https:\/\/2014-2020.poctefa.eu\/fr\/wp-json\/wp\/v2\/pages"}],"about":[{"href":"https:\/\/2014-2020.poctefa.eu\/fr\/wp-json\/wp\/v2\/types\/page"}],"author":[{"embeddable":true,"href":"https:\/\/2014-2020.poctefa.eu\/fr\/wp-json\/wp\/v2\/users\/4"}],"replies":[{"embeddable":true,"href":"https:\/\/2014-2020.poctefa.eu\/fr\/wp-json\/wp\/v2\/comments?post=3339"}],"version-history":[{"count":5,"href":"https:\/\/2014-2020.poctefa.eu\/fr\/wp-json\/wp\/v2\/pages\/3339\/revisions"}],"predecessor-version":[{"id":4901,"href":"https:\/\/2014-2020.poctefa.eu\/fr\/wp-json\/wp\/v2\/pages\/3339\/revisions\/4901"}],"up":[{"embeddable":true,"href":"https:\/\/2014-2020.poctefa.eu\/fr\/wp-json\/wp\/v2\/pages\/2933"}],"wp:attachment":[{"href":"https:\/\/2014-2020.poctefa.eu\/fr\/wp-json\/wp\/v2\/media?parent=3339"}],"curies":[{"name":"wp","href":"https:\/\/api.w.org\/{rel}","templated":true}]}}