{"id":3580,"date":"2017-01-20T12:54:14","date_gmt":"2017-01-20T11:54:14","guid":{"rendered":"https:\/\/2014-2020.poctefa.eu\/fr\/?page_id=3580"},"modified":"2017-01-20T13:11:56","modified_gmt":"2017-01-20T12:11:56","slug":"procedure-de-recours","status":"publish","type":"page","link":"https:\/\/2014-2020.poctefa.eu\/fr\/procedure-de-recours\/","title":{"rendered":"Proc\u00e9dure de recours"},"content":{"rendered":"<p>Document approuv\u00e9 le 9 janvier 2017 par le Comit\u00e9 de Suivi pour l&rsquo;introduction des recours gracieux (recursos potestativos de reposici\u00f3n) ou des recours hi\u00e9rarchique (recursos de alzada) dans le cadre des appels \u00e0 projets organis\u00e9s par le programme Interreg V-A Espagne-France-Andorre (POCTEFA 2014-2020).<\/p>\n<p>Vous pouvez t\u00e9l\u00e9charger le document en cliquant <a href=\"https:\/\/2014-2020.poctefa.eu\/wp-content\/uploads\/2017\/01\/Document-recours-approuv\u00e9_FR.pdf\" target=\"_blank\">ici<\/a>.<\/p>\n","protected":false},"excerpt":{"rendered":"<p>Document approuv\u00e9 le 9 janvier 2017 par le Comit\u00e9 de Suivi pour l&rsquo;introduction des recours gracieux (recursos potestativos de reposici\u00f3n) ou des recours hi\u00e9rarchique (recursos de alzada) dans le cadre des appels \u00e0 projets organis\u00e9s par le programme Interreg V-A Espagne-France-Andorre (POCTEFA 2014-2020).<\/p>\n<p><a href=\"https:\/\/2014-2020.poctefa.eu\/fr\/procedure-de-recours\/\">Voir plus<\/a><\/p>\n","protected":false},"author":4,"featured_media":0,"parent":0,"menu_order":0,"comment_status":"closed","ping_status":"closed","template":"","meta":[],"_links":{"self":[{"href":"https:\/\/2014-2020.poctefa.eu\/fr\/wp-json\/wp\/v2\/pages\/3580"}],"collection":[{"href":"https:\/\/2014-2020.poctefa.eu\/fr\/wp-json\/wp\/v2\/pages"}],"about":[{"href":"https:\/\/2014-2020.poctefa.eu\/fr\/wp-json\/wp\/v2\/types\/page"}],"author":[{"embeddable":true,"href":"https:\/\/2014-2020.poctefa.eu\/fr\/wp-json\/wp\/v2\/users\/4"}],"replies":[{"embeddable":true,"href":"https:\/\/2014-2020.poctefa.eu\/fr\/wp-json\/wp\/v2\/comments?post=3580"}],"version-history":[{"count":1,"href":"https:\/\/2014-2020.poctefa.eu\/fr\/wp-json\/wp\/v2\/pages\/3580\/revisions"}],"predecessor-version":[{"id":3581,"href":"https:\/\/2014-2020.poctefa.eu\/fr\/wp-json\/wp\/v2\/pages\/3580\/revisions\/3581"}],"wp:attachment":[{"href":"https:\/\/2014-2020.poctefa.eu\/fr\/wp-json\/wp\/v2\/media?parent=3580"}],"curies":[{"name":"wp","href":"https:\/\/api.w.org\/{rel}","templated":true}]}}