{"id":3647,"date":"2017-02-02T12:54:09","date_gmt":"2017-02-02T11:54:09","guid":{"rendered":"https:\/\/2014-2020.poctefa.eu\/fr\/?page_id=3647"},"modified":"2024-02-28T17:05:10","modified_gmt":"2024-02-28T16:05:10","slug":"les-documents-relatifs-au-programme","status":"publish","type":"page","link":"https:\/\/2014-2020.poctefa.eu\/fr\/documentation\/les-documents-relatifs-au-programme\/","title":{"rendered":"Les documents relatifs au programme"},"content":{"rendered":"<p>Liste de documents relatifs au Programme Interreg V-A Espagne-France-Andorre (POCTEFA 2014-2020)\u00a0:<\/p>\n<ul>\n<li><a href=\"https:\/\/2014-2020.poctefa.eu\/fr\/documentation\/les-documents-relatifs-au-programme\/evaluation-strategique-environnementale\/\" target=\"_blank\" rel=\"noopener\">Evaluation strat\u00e9gique environnementale<\/a>. T\u00e9l\u00e9charger en cliquant <strong><a href=\"https:\/\/2014-2020.poctefa.eu\/fr\/documentation\/les-documents-relatifs-au-programme\/evaluation-strategique-environnementale\/\" target=\"_blank\" rel=\"noopener\">ici<\/a><\/strong>.<\/li>\n<li><a href=\"https:\/\/2014-2020.poctefa.eu\/fr\/documentation\/les-documents-relatifs-au-programme\/strategie-de-communication\/\">Strat\u00e9gie de communication<\/a>. T\u00e9l\u00e9charger en cliquant <strong><a href=\"https:\/\/2014-2020.poctefa.eu\/fr\/documentation\/les-documents-relatifs-au-programme\/strategie-de-communication\/\">ici<\/a><\/strong>.<\/li>\n<li><a href=\"https:\/\/2014-2020.poctefa.eu\/fr\/documentation\/les-documents-relatifs-au-programme\/rapports-dexecution\/\" target=\"_blank\" rel=\"noopener\">Rapports d\u2019ex\u00e9cution\u00a0et r\u00e9sum\u00e9s de citoyens<\/a>. T\u00e9l\u00e9charger en cliquant <strong><a href=\"https:\/\/2014-2020.poctefa.eu\/fr\/documentation\/les-documents-relatifs-au-programme\/rapports-dexecution\/\" target=\"_blank\" rel=\"noopener\">ici<\/a><\/strong>.<\/li>\n<li><a href=\"https:\/\/2014-2020.poctefa.eu\/fr\/documentation\/les-documents-relatifs-au-programme\/evaluations\/\">Plan d&rsquo;\u00e9valuation et \u00e9valuations du programme<\/a>.\u00a0Disponibles\u00a0en cliquant <strong><a href=\"https:\/\/2014-2020.poctefa.eu\/fr\/documentation\/les-documents-relatifs-au-programme\/evaluations\/\" target=\"_blank\" rel=\"noopener\">ici<\/a><\/strong>.<\/li>\n<li><a href=\"https:\/\/2014-2020.poctefa.eu\/wp-content\/uploads\/2024\/02\/20200129-PROPOSITION-schema-cloture-14-20.pdf\" target=\"_blank\" rel=\"noopener\">Sch\u00e9ma proc\u00e9dure de cl\u00f4ture des op\u00e9rations p\u00e9riode 2014-2020<\/a>. T\u00e9l\u00e9charger en cliquant <a href=\"https:\/\/2014-2020.poctefa.eu\/wp-content\/uploads\/2024\/02\/20200129-PROPOSITION-schema-cloture-14-20.pdf\" target=\"_blank\" rel=\"noopener\"><strong>ici.<\/strong><\/a><\/li>\n<\/ul>\n","protected":false},"excerpt":{"rendered":"<p>Liste de documents relatifs au Programme Interreg V-A Espagne-France-Andorre (POCTEFA 2014-2020)\u00a0:<\/p>\n<ul>\n<li><a href=\"https:\/\/2014-2020.poctefa.eu\/fr\/documentation\/les-documents-relatifs-au-programme\/evaluation-strategique-environnementale\/\" target=\"_blank\" rel=\"noopener\">Evaluation strat\u00e9gique environnementale<\/a>. T\u00e9l\u00e9charger en cliquant <strong><a href=\"https:\/\/2014-2020.poctefa.eu\/fr\/documentation\/les-documents-relatifs-au-programme\/evaluation-strategique-environnementale\/\" target=\"_blank\" rel=\"noopener\">ici<\/a><\/strong>.<\/li>\n<li><a href=\"https:\/\/2014-2020.poctefa.eu\/fr\/documentation\/les-documents-relatifs-au-programme\/strategie-de-communication\/\">Strat\u00e9gie de communication<\/a>. T\u00e9l\u00e9charger en cliquant <strong><a href=\"https:\/\/2014-2020.poctefa.eu\/fr\/documentation\/les-documents-relatifs-au-programme\/strategie-de-communication\/\">ici<\/a><\/strong>.<\/li>\n<\/ul>\n<p><a href=\"https:\/\/2014-2020.poctefa.eu\/fr\/documentation\/les-documents-relatifs-au-programme\/\">Voir plus<\/a><\/p>\n","protected":false},"author":1,"featured_media":0,"parent":379,"menu_order":0,"comment_status":"closed","ping_status":"closed","template":"","meta":[],"_links":{"self":[{"href":"https:\/\/2014-2020.poctefa.eu\/fr\/wp-json\/wp\/v2\/pages\/3647"}],"collection":[{"href":"https:\/\/2014-2020.poctefa.eu\/fr\/wp-json\/wp\/v2\/pages"}],"about":[{"href":"https:\/\/2014-2020.poctefa.eu\/fr\/wp-json\/wp\/v2\/types\/page"}],"author":[{"embeddable":true,"href":"https:\/\/2014-2020.poctefa.eu\/fr\/wp-json\/wp\/v2\/users\/1"}],"replies":[{"embeddable":true,"href":"https:\/\/2014-2020.poctefa.eu\/fr\/wp-json\/wp\/v2\/comments?post=3647"}],"version-history":[{"count":12,"href":"https:\/\/2014-2020.poctefa.eu\/fr\/wp-json\/wp\/v2\/pages\/3647\/revisions"}],"predecessor-version":[{"id":11562,"href":"https:\/\/2014-2020.poctefa.eu\/fr\/wp-json\/wp\/v2\/pages\/3647\/revisions\/11562"}],"up":[{"embeddable":true,"href":"https:\/\/2014-2020.poctefa.eu\/fr\/wp-json\/wp\/v2\/pages\/379"}],"wp:attachment":[{"href":"https:\/\/2014-2020.poctefa.eu\/fr\/wp-json\/wp\/v2\/media?parent=3647"}],"curies":[{"name":"wp","href":"https:\/\/api.w.org\/{rel}","templated":true}]}}