{"id":371,"date":"2015-11-11T13:07:32","date_gmt":"2015-11-11T12:07:32","guid":{"rendered":"https:\/\/2014-2020.poctefa.eu\/fr\/?page_id=371"},"modified":"2022-02-07T17:11:56","modified_gmt":"2022-02-07T16:11:56","slug":"quelestpoctefa","status":"publish","type":"page","link":"https:\/\/2014-2020.poctefa.eu\/fr\/programme\/quelestpoctefa\/","title":{"rendered":"POCTEFA, qu&rsquo;est-ce qu&rsquo;est?"},"content":{"rendered":"<p>T\u00e9l\u00e9chargez un r\u00e9sum\u00e9 du Programme <a href=\"https:\/\/2014-2020.poctefa.eu\/wp-content\/uploads\/2018\/03\/16-2-18-FR-FOLLETO-POCTEFA-2018.pdf\" target=\"_blank\">ici<\/a>.<\/p>\n<h2>POCTEFA, qu\u2019est-ce que c\u2019est?<\/h2>\n<p>POCTEFA 2014-2020 est l\u2019acronyme du Programme Interreg V-A Espagne-France-Andorre. C\u2019est un programme europ\u00e9en de coop\u00e9ration transfrontali\u00e8re cr\u00e9\u00e9 afin de promouvoir le d\u00e9veloppement durable des territoires frontaliers des trois pays.<\/p>\n<p>Le POCTEFA 2014-2020 constitue la cinqui\u00e8me g\u00e9n\u00e9ration de soutien financier communautaire destin\u00e9e \u00e0 renforcer l\u2019int\u00e9gration \u00e9conomique et sociale de cette zone frontali\u00e8re. Le POCTEFA cofinance des projets de coop\u00e9ration transfrontali\u00e8re con\u00e7us et g\u00e9r\u00e9s par des acteurs situ\u00e9s des deux c\u00f4t\u00e9s des Pyr\u00e9n\u00e9es et des zones littorales qui participent au Programme en pr\u00e9servant la croissance intelligente, durable et inclusive du territoire.<\/p>\n<p>Le programme promeut le d\u00e9veloppement durable du territoire frontalier de l&rsquo;Espagne, de la France et de l&rsquo;Andorre gr\u00e2ce \u00e0 la coop\u00e9ration transfrontali\u00e8re. Il contribue \u00e0 r\u00e9duire les diff\u00e9rences de d\u00e9veloppement du territoire et \u00e0 unir des forces afin de parvenir au d\u00e9veloppement durable de la r\u00e9gion et \u00e0 la coh\u00e9sion des r\u00e9gions qui la composent. En r\u00e9sum\u00e9, le programme, gr\u00e2ce \u00e0 des fonds europ\u00e9ens, contribue \u00e0 am\u00e9liorer la qualit\u00e9 de vie des habitants de la r\u00e9gion.<\/p>\n<p>Vous pouvez consulter le texte du Programme <a href=\"https:\/\/2014-2020.poctefa.eu\/fr\/documentation\/programme\/\" target=\"_blank\">ici<\/a>.<\/p>\n<h2>Comment cela fonctionne\u00a0?<\/h2>\n<p>Le POCTEFA 2014-2020 est organis\u00e9 en appels \u00e0 projets. Lors de chacun d\u2019entre eux, les acteurs du territoire souhaitant d\u00e9velopper des projets transfrontaliers dans la zone de coop\u00e9ration doivent pr\u00e9senter leurs candidatures au Programme. Une fois celles-ci pr\u00e9sent\u00e9es, les responsables du Programme choisissent les projets qui s\u2019adaptent aux besoins du territoire et aux crit\u00e8res de pr\u00e9sentation des propositions. Ces projets seront alors programm\u00e9s et pourront recevoir le cofinancement du FEDER.<\/p>\n<h2>Qui peut \u00eatre b\u00e9n\u00e9ficiaire ?<\/h2>\n<p>Le Programme s\u2019adresse aux acteurs du secteur public et priv\u00e9 de l\u2019espace de coop\u00e9ration. Lorsque ces acteurs deviennent les partenaires d\u2019un projet programm\u00e9, ils sont alors appel\u00e9s b\u00e9n\u00e9ficiaires. Peuvent \u00eatre b\u00e9n\u00e9ficiaires : des organismes publics, des entreprises, des agences de d\u00e9veloppement, des groupements europ\u00e9ens et des clusters, des associations, des fondations, des chambres de commerce, des centres d\u2019enseignement, parmi d\u2019autres types d\u2019organismes et de groupements.<\/p>\n<p style=\"text-align: center;\"><iframe loading=\"lazy\" src=\"https:\/\/www.youtube.com\/embed\/_aXmpyYW_lM\" width=\"350\" height=\"197\" frameborder=\"0\" allowfullscreen=\"allowfullscreen\"><\/iframe><\/p>\n<p>\u00a0<\/p>\n<div class=\"fusion-sep-clear\"><\/div><div class=\"fusion-separator fusion-full-width-sep sep-none\" style=\"border-color:#e0dede;margin-left: auto;margin-right: auto;margin-top:px;\"><\/div><div class=\"fusion-button-wrapper\"><style type=\"text\/css\" scoped=\"scoped\">.fusion-button.button-1{border-width:0px;color:#ffffff;border-color:#ffffff;}.fusion-button.button-1:hover,.fusion-button.button-1:focus,.fusion-button.button-1:active{border-width:0px;border-color:#ffffff;color:#ffffff;}.fusion-button.button-1{background: #003399;}.fusion-button.button-1:hover,.button-1:focus,.fusion-button.button-1:active{background: #5678bc;}.fusion-button.button-1{width:auto;}<\/style><a class=\"fusion-button button-flat button-pill button-medium button-custom button-1\" target=\"_blank\" href=\"https:\/\/2014-2020.poctefa.eu\/fr\/poctefa-en-anglais\/\"><span class=\"fusion-button-text\">POCTEFA EN ANGLAIS<\/span><\/a><\/div>\n","protected":false},"excerpt":{"rendered":"<p><a href=\"https:\/\/2014-2020.poctefa.eu\/fr\/programme\/quelestpoctefa\/\">Voir plus<\/a><\/p>\n","protected":false},"author":1,"featured_media":0,"parent":374,"menu_order":1,"comment_status":"closed","ping_status":"closed","template":"","meta":[],"_links":{"self":[{"href":"https:\/\/2014-2020.poctefa.eu\/fr\/wp-json\/wp\/v2\/pages\/371"}],"collection":[{"href":"https:\/\/2014-2020.poctefa.eu\/fr\/wp-json\/wp\/v2\/pages"}],"about":[{"href":"https:\/\/2014-2020.poctefa.eu\/fr\/wp-json\/wp\/v2\/types\/page"}],"author":[{"embeddable":true,"href":"https:\/\/2014-2020.poctefa.eu\/fr\/wp-json\/wp\/v2\/users\/1"}],"replies":[{"embeddable":true,"href":"https:\/\/2014-2020.poctefa.eu\/fr\/wp-json\/wp\/v2\/comments?post=371"}],"version-history":[{"count":18,"href":"https:\/\/2014-2020.poctefa.eu\/fr\/wp-json\/wp\/v2\/pages\/371\/revisions"}],"predecessor-version":[{"id":8439,"href":"https:\/\/2014-2020.poctefa.eu\/fr\/wp-json\/wp\/v2\/pages\/371\/revisions\/8439"}],"up":[{"embeddable":true,"href":"https:\/\/2014-2020.poctefa.eu\/fr\/wp-json\/wp\/v2\/pages\/374"}],"wp:attachment":[{"href":"https:\/\/2014-2020.poctefa.eu\/fr\/wp-json\/wp\/v2\/media?parent=371"}],"curies":[{"name":"wp","href":"https:\/\/api.w.org\/{rel}","templated":true}]}}