{"id":3892,"date":"2017-05-04T12:43:52","date_gmt":"2017-05-04T10:43:52","guid":{"rendered":"https:\/\/2014-2020.poctefa.eu\/fr\/?page_id=3892"},"modified":"2019-02-04T14:51:08","modified_gmt":"2019-02-04T13:51:08","slug":"guide-dutilisation-de-la-plate-forme-sigefa-pour-presenter-la-candidature-du-3e-appel-a-projets","status":"publish","type":"page","link":"https:\/\/2014-2020.poctefa.eu\/fr\/guide-dutilisation-de-la-plate-forme-sigefa-pour-presenter-la-candidature-du-3e-appel-a-projets\/","title":{"rendered":"Guide SIGEFA"},"content":{"rendered":"<div class=\"fusion-one-full fusion-layout-column fusion-column-last fusion-spacing-yes\" style=\"margin-top:0px;margin-bottom:20px;\"><div class=\"fusion-column-wrapper\"><p>Le Guide explique comment remplir le formulaire du 3<sup>e<\/sup> appel \u00e0 projets sur la plate-forme SIGEFA.<\/p>\n<p>Guide d&rsquo;utilisation de la plate-forme SIGEFA pour pr\u00e9senter la candidature du 3e appel \u00e0 projets :<\/p>\n<div class=\"fusion-clearfix\"><\/div><\/div><\/div><div class=\"fusion-clearfix\"><\/div><div class=\"fusion-one-third one_third fusion-layout-column fusion-spacing-yes\" style=\"margin-top:0px;margin-bottom:20px;\"><div class=\"fusion-column-wrapper\"><div class=\"fusion-clearfix\"><\/div><\/div><\/div><div class=\"fusion-one-third one_third fusion-layout-column fusion-spacing-yes\" style=\"margin-top:0px;margin-bottom:20px;\"><div class=\"fusion-column-wrapper\"><div class=\"fusion-button-wrapper\"><style type=\"text\/css\" scoped=\"scoped\">.fusion-button.button-1{border-width:0px;color:#ffffff;border-color:#ffffff;}.fusion-button.button-1:hover,.fusion-button.button-1:focus,.fusion-button.button-1:active{border-width:0px;border-color:#ffffff;color:#ffffff;}.fusion-button.button-1{background: #003399;}.fusion-button.button-1:hover,.button-1:focus,.fusion-button.button-1:active{background: #003399;}.fusion-button.button-1{width:auto;}<\/style><a class=\"fusion-button button-flat button-pill button-small button-custom button-1\" target=\"_blank\" href=\"https:\/\/2014-2020.poctefa.eu\/wp-content\/uploads\/2019\/02\/8-Guide-utilisation-plateforme-SIGEFA.pdf\"><span class=\"fusion-button-text\">Guide SIGEFA<\/span><\/a><\/div><div class=\"fusion-clearfix\"><\/div><\/div><\/div><div class=\"fusion-one-third one_third fusion-layout-column fusion-column-last fusion-spacing-yes\" style=\"margin-top:0px;margin-bottom:20px;\"><div class=\"fusion-column-wrapper\"><div class=\"fusion-clearfix\"><\/div><\/div><\/div><div class=\"fusion-clearfix\"><\/div><div class=\"fusion-one-full fusion-layout-column fusion-column-last fusion-spacing-yes\" style=\"margin-top:0px;margin-bottom:20px;\"><div class=\"fusion-column-wrapper\"><p>Le formulaire de candidature et les documents requis lors du troisi\u00e8me appel \u00e0 projets peuvent \u00eatre pr\u00e9sent\u00e9s <strong>entre le 7 f\u00e9vrier et le 15 avril\u00a02019 \u00e0 14\u00a0h. <\/strong>L\u2019ensemble de la documentation est transmis par le biais de la plate-forme SIGEFA.<\/p>\n<p>Dans le\u00a0<a href=\"https:\/\/2014-2020.poctefa.eu\/fr\/information-concernant-le-3eme-appel\/\" target=\"_blank\">texte du 3<sup>e<\/sup> appel \u00e0 projets<\/a>, vous pouvez consulter tous les documents qui doivent \u00eatre fournis ainsi que les crit\u00e8res de s\u00e9lection applicables au troisi\u00e8me appel \u00e0 projets\u00a0.<\/p>\n<div class=\"fusion-clearfix\"><\/div><\/div><\/div><div class=\"fusion-clearfix\"><\/div>\n","protected":false},"excerpt":{"rendered":"<p><a href=\"https:\/\/2014-2020.poctefa.eu\/fr\/guide-dutilisation-de-la-plate-forme-sigefa-pour-presenter-la-candidature-du-3e-appel-a-projets\/\">Voir plus<\/a><\/p>\n","protected":false},"author":4,"featured_media":0,"parent":0,"menu_order":0,"comment_status":"closed","ping_status":"closed","template":"","meta":[],"_links":{"self":[{"href":"https:\/\/2014-2020.poctefa.eu\/fr\/wp-json\/wp\/v2\/pages\/3892"}],"collection":[{"href":"https:\/\/2014-2020.poctefa.eu\/fr\/wp-json\/wp\/v2\/pages"}],"about":[{"href":"https:\/\/2014-2020.poctefa.eu\/fr\/wp-json\/wp\/v2\/types\/page"}],"author":[{"embeddable":true,"href":"https:\/\/2014-2020.poctefa.eu\/fr\/wp-json\/wp\/v2\/users\/4"}],"replies":[{"embeddable":true,"href":"https:\/\/2014-2020.poctefa.eu\/fr\/wp-json\/wp\/v2\/comments?post=3892"}],"version-history":[{"count":5,"href":"https:\/\/2014-2020.poctefa.eu\/fr\/wp-json\/wp\/v2\/pages\/3892\/revisions"}],"predecessor-version":[{"id":5481,"href":"https:\/\/2014-2020.poctefa.eu\/fr\/wp-json\/wp\/v2\/pages\/3892\/revisions\/5481"}],"wp:attachment":[{"href":"https:\/\/2014-2020.poctefa.eu\/fr\/wp-json\/wp\/v2\/media?parent=3892"}],"curies":[{"name":"wp","href":"https:\/\/api.w.org\/{rel}","templated":true}]}}