{"id":401,"date":"2015-11-10T09:06:58","date_gmt":"2015-11-10T08:06:58","guid":{"rendered":"https:\/\/2014-2020.poctefa.eu\/fr\/?page_id=401"},"modified":"2016-01-11T12:16:00","modified_gmt":"2016-01-11T11:16:00","slug":"recherche-partenaires","status":"publish","type":"page","link":"https:\/\/2014-2020.poctefa.eu\/fr\/appels-a-projets\/recherche-partenaires\/","title":{"rendered":"Recherche partenaires"},"content":{"rendered":"<div class=\"fusion-fullwidth fullwidth-box fusion-fullwidth-1  fusion-parallax-none nonhundred-percent-fullwidth\" style=\"border-color:#eae9e9;border-bottom-width: 0px;border-top-width: 0px;border-bottom-style: solid;border-top-style: solid;padding-bottom:20px;padding-top:0px;padding-left:px;padding-right:px;\"><style type=\"text\/css\" scoped=\"scoped\">.fusion-fullwidth-1 {\r\n                            padding-left: px !important;\r\n                            padding-right: px !important;\r\n                        }<\/style><div class=\"fusion-row\"><div class=\"fusion-one-full fusion-layout-column fusion-column-last fusion-spacing-yes\" style=\"margin-top:0px;margin-bottom:20px;\"><div class=\"fusion-column-wrapper\"><div class=\"fusion-widget-area fusion-widget-area-1 fusion-content-widget-area buscador-socios\"><div class=\"row\" ><div class=\"col-lg-3 col-md-3 col-sm-12 col-xs-12\" id=\"campoBusqueda\"><div class=\"formulario-login-usuario\"><fieldset><legend>Connexion utilisateur<\/legend><form method=\"post\" action=\"https:\/\/2014-2020.poctefa.eu\/fr\/appels-a-projets\/recherche-partenaires\/\" class=\"form-login\"><div class=\"col-lg-12 col-md-12 col-sm-12 col-xs-12\"><label for=\"user\" class=\"inline\">Utilisateur<\/label><\/br><input type=\"text\" id=\"user\" name=\"user\" placeholder=\"Email\"\/><\/div><div class=\"col-lg-12 col-md-12 col-sm-12 col-xs-12\"><label for=\"pass\" >Mot de passe<\/label><\/br><input size=\"30\" type=\"password\" id=\"pass\" name=\"pass\"\/><\/br><\/div><div class=\"col-lg-12 col-md-12 col-sm-12 col-xs-12\"><\/br><input type=\"submit\" name=\"entrar\" value=\"Entrer\" class=\"fusion-button button-flat button-round button-medium button-custom button-5\" \/><\/form><\/div><\/fieldset><\/div><div id=\"nombrec\" class=\"col-lg-12 col-md-12 col-sm-12 col-xs-12\"><label for=\"nombre\">Nom<\/label><input type=\"text\" id=\"nombre\" placeholder=\"Entrez le nom\"\/><div id=\"nombre_container\"><\/div><\/div><div id=\"apellidoc\" class=\"col-lg-12 col-md-12 col-sm-12 col-xs-12\"><label for=\"apellido\">Nom de famille<\/label><input type=\"text\" id=\"apellido\" placeholder=\"Entrez le pr\u00e9nom\"\/><div id=\"apellido_container\"><\/div><\/div><div id=\"dv-areas\" class=\"col-lg-12 col-md-12 col-sm-12 col-xs-12\"><label id=\"l_areas\">Domaines d'int\u00e9r\u00eat<\/label>\r\n\t\t\t\t<select name=\"areas\" class=\"col-lg-12 col-md-12 col-sm-12 col-xs-12\" id=\"areas\"><option class=\"none\" value=\"0\">Choisissez zone<\/option><option class=\"none\" value=\"1\" ><span class=\"oe\">OE1 <\/span> Renforcer la coop\u00e9ration entre les diff\u00e9rents acteurs du territoiredes deux c\u00f4t\u00e9s de la fronti\u00e8re en mati\u00e8re de R+D+I<\/option><option class=\"none\" value=\"2\" ><span class=\"oe\">OE2 <\/span> Favoriser le d\u00e9veloppement de technologies innovantes en mati\u00e8re de ressources naturelles, gr\u00e2ce \u00e0 la coop\u00e9ration   <\/option><option class=\"none\" value=\"3\" ><span class=\"oe\">OE3 <\/span> Favoriser les actions conjointes de d\u00e9veloppement des entreprises du territoire transfrontalier \u00e0 l\u2019international   <\/option><option class=\"none\" value=\"4\" ><span class=\"oe\">OE4 <\/span> Am\u00e9liorer l'adaptation des territoires au changement climatique <\/option><option class=\"none\" value=\"5\" ><span class=\"oe\">OE5 <\/span> Am\u00e9liorer la capacit\u00e9 d\u2019anticipation et de r\u00e9ponse des acteurs du territoire face aux risques sp\u00e9cifiques et \u00e0 la gestion des catastrophes naturelles   <\/option><option class=\"none\" value=\"6\" ><span class=\"oe\">OE6 <\/span>Valoriser le patrimoine naturel et culturel par des approches conjointes de d\u00e9veloppement durable   <\/option><option class=\"none\" value=\"7\" ><span class=\"oe\">OE7 <\/span>  Prot\u00e9ger et am\u00e9liorer la qualit\u00e9 des \u00e9cosyst\u00e8mes transfrontaliers<\/option><option class=\"none\" value=\"8\" ><span class=\"oe\">OE8 <\/span> Am\u00e9liorer l\u2019offre de transport transfrontali\u00e8re durable pour favoriser les d\u00e9placements et la mobilit\u00e9 transfrontali\u00e8re des personnes et des marchandises  <\/option><option class=\"none\" value=\"9\" ><span class=\"oe\">OE9 <\/span> Promouvoir le potentiel endog\u00e8ne, le d\u00e9veloppement des syst\u00e8mes de formation et les comp\u00e9tences des personnes du territoire transfrontalier afin d\u2019am\u00e9liorer l\u2019acc\u00e8s \u00e0 l\u2019emploi <\/option><option class=\"none\" value=\"10\" ><span class=\"oe\">OE10 <\/span>Am\u00e9liorer l'offre de services <\/option><\/select><div id=\"area_container\"><\/div><\/div><div class=\"form-group col-lg-12 col-md-12 col-sm-12 col-xs-12\"><label id=\"l_region\" for=\"region\">R\u00e9gion<\/label><select name=\"region\" class=\"col-lg-12 col-md-12 col-sm-12 col-xs-12\" id=\"region\"><option value=\"0\">Choisir r\u00e9gion<\/option><option value=\"1\" >Andorra<\/option><option value=\"2\">Araba\/\u00c1lava<\/option><option value=\"3\" >Ari\u00e8ge<\/option><option value=\"4\" >Barcelona<\/option><option value=\"5\" >Bizkaia<\/option><option value=\"6\" >Gipuzkoa<\/option><option value=\"7\" >Girona<\/option><option value=\"8\" >Haute Garonne<\/option><option value=\"9\" >Hautes Pyr\u00e9n\u00e9es<\/option><option value=\"10\" >Huesca<\/option><option value=\"11\" >La Rioja<\/option><option value=\"12\" >Lleida<\/option><option value=\"13\" >Navarra<\/option><option value=\"14\" >Pyr\u00e9n\u00e9es Atlantiques<\/option><option value=\"15\" >Pyr\u00e9n\u00e9es Orientales<\/option><option value=\"16\" >Tarragona<\/option><option value=\"17\" >Zaragoza<\/option><option value=\"18\" >Autre<\/option><\/select><div id=\"region_container\"><\/div><\/div><div class=\"col-lg-12 col-md-12 col-sm-12 col-xs-12\"><label id=\"l_pais\" for=\"pais\">Pays<\/label><span id=\"sp-pais\"><\/span><select name=\"pais\" class=\"col-lg-12 col-md-12 col-sm-12 col-xs-12\" id=\"pais\"><option value=\"0\">Choisir pays<\/option><option value=\"1\">Andorra<\/option><option value=\"2\">Espa\u00f1a<\/option><option value=\"3\">Francia<\/option><option value=\"4\">Autre<\/option><\/select><div id=\"pais_container\"><\/div><\/div><div class=\"col-lg-12 col-md-12 col-sm-12 col-xs-12\"><label id=\"l_eje\" for=\"eje\">Axe<\/label><span id=\"sp-eje\"><\/span><select name=\"eje\" class=\"col-lg-12 col-md-12 col-sm-12 col-xs-12\" id=\"eje\" ><option value=\"0\">S\u00e9lectionnez Axe<\/option><option value=\"1\">AXE 1<\/option><option value=\"2\">AXE 2<\/option><option value=\"3\">AXE 3<\/option><option value=\"4\">AXE 4<\/option><option value=\"5\">AXE 5<\/option><\/select><div id=\"eje_container\"><\/div><\/div><div id=\"poctefa2007-check\" class=\"col-lg-12 col-md-12 col-sm-12 col-xs-12\"><label for=\"poctefa2007\"><input id=\"poctefa2007\" value=\"1\" class=\"checkbox\" type=\"checkbox\" \/>Il a particip\u00e9 \u00e0 Poctefa<\/label><\/div><div class=\"col-lg-12 col-md-12 col-sm-12 col-xs-12\"><label for=\"entidad\">Entit\u00e9<\/label><input id=\"entidad\" placeholder=\"Entrez entit\u00e9\" type=\"text\" \/><div id=\"entidad_container\"><\/div><\/div> <div class=\"col-lg-12 col-md-12 col-sm-12 col-xs-12\"><label for=\"ciudad\">Ville<\/label><input id=\"ciudad\" placeholder=\"Entrez ville\" type=\"text\" \/><div id=\"ciudad_container\"><\/div><\/div> <\/div><div id=\"contenedor_resultados\" class=\"col-lg-9 col-md-9 col-sm-12 col-xs-12\" ><h1>RECHERCHE AVANCEE MEMBRES<\/h1><article><header><h2>R\u00e9sultats de la recherche<\/h2><\/header><div class=\"col-lg-12 col-md-12 col-sm-12 col-xs-12 \" id=\"paginacion_cabecera\"><\/div><div id=\"resultados\" class=\"col-lg-12 col-md-12 col-sm-12 col-xs-12 resultado\"><img src=\"\/wp-content\/uploads\/2015\/11\/search-animated-icon.gif\" id=\"loading-gif\"\/><\/div><div class=\"col-lg-12 col-md-12 col-sm-12 col-xs-12 \" id=\"paginacion_footer\"><\/div><\/div> <\/article><\/div><div class=\"fusion-additional-widget-content\"><\/div><\/div><div class=\"fusion-clearfix\"><\/div><\/div><\/div><div class=\"fusion-clearfix\"><\/div><\/div><\/div>\n","protected":false},"excerpt":{"rendered":"<p><a href=\"https:\/\/2014-2020.poctefa.eu\/fr\/appels-a-projets\/recherche-partenaires\/\">Voir plus<\/a><\/p>\n","protected":false},"author":1,"featured_media":0,"parent":377,"menu_order":4,"comment_status":"closed","ping_status":"closed","template":"","meta":[],"_links":{"self":[{"href":"https:\/\/2014-2020.poctefa.eu\/fr\/wp-json\/wp\/v2\/pages\/401"}],"collection":[{"href":"https:\/\/2014-2020.poctefa.eu\/fr\/wp-json\/wp\/v2\/pages"}],"about":[{"href":"https:\/\/2014-2020.poctefa.eu\/fr\/wp-json\/wp\/v2\/types\/page"}],"author":[{"embeddable":true,"href":"https:\/\/2014-2020.poctefa.eu\/fr\/wp-json\/wp\/v2\/users\/1"}],"replies":[{"embeddable":true,"href":"https:\/\/2014-2020.poctefa.eu\/fr\/wp-json\/wp\/v2\/comments?post=401"}],"version-history":[{"count":12,"href":"https:\/\/2014-2020.poctefa.eu\/fr\/wp-json\/wp\/v2\/pages\/401\/revisions"}],"predecessor-version":[{"id":1731,"href":"https:\/\/2014-2020.poctefa.eu\/fr\/wp-json\/wp\/v2\/pages\/401\/revisions\/1731"}],"up":[{"embeddable":true,"href":"https:\/\/2014-2020.poctefa.eu\/fr\/wp-json\/wp\/v2\/pages\/377"}],"wp:attachment":[{"href":"https:\/\/2014-2020.poctefa.eu\/fr\/wp-json\/wp\/v2\/media?parent=401"}],"curies":[{"name":"wp","href":"https:\/\/api.w.org\/{rel}","templated":true}]}}