{"id":4051,"date":"2017-08-01T11:54:45","date_gmt":"2017-08-01T09:54:45","guid":{"rendered":"https:\/\/2014-2020.poctefa.eu\/fr\/?page_id=4051"},"modified":"2021-01-20T10:03:31","modified_gmt":"2021-01-20T09:03:31","slug":"guide-de-procedure-de-modifications","status":"publish","type":"page","link":"https:\/\/2014-2020.poctefa.eu\/fr\/guide-de-procedure-de-modifications\/","title":{"rendered":"Guide de Proc\u00e9dure de modifications"},"content":{"rendered":"<div class=\"fusion-one-full fusion-layout-column fusion-column-last fusion-spacing-yes\" style=\"margin-top:0px;margin-bottom:20px;\"><div class=\"fusion-column-wrapper\"><div class=\"fusion-clearfix\"><\/div><\/div><\/div><div class=\"fusion-clearfix\"><\/div><div class=\"fusion-one-full fusion-layout-column fusion-column-last fusion-spacing-yes\">\n<div class=\"fusion-column-wrapper\">\n<p>Le Guide de Proc\u00e9dure de modification des projets programm\u00e9s\u00a0 permet aux b\u00e9n\u00e9ficiaires espagnols et fran\u00e7ais, ainsi que les partenaires andorrans, de pr\u00e9parer la demande de modification du projet. Le guide contient l\u2019explication d\u00e9taill\u00e9e des types de modifications possibles et leurs limites, ainsi que la proc\u00e9dure \u00e0 suivre.<\/p>\n<p>Vous pouvez t\u00e9l\u00e9charger le Guide ici:<\/p>\n<\/div>\n<\/div>\n<div class=\"fusion-one-half fusion-layout-column fusion-spacing-yes\" style=\"margin-top:0px;margin-bottom:20px;\"><div class=\"fusion-column-wrapper\"><div class=\"fusion-button-wrapper\"><style type=\"text\/css\" scoped=\"scoped\">.fusion-button.button-1{border-width:0px;color:#ffffff;border-color:#ffffff;}.fusion-button.button-1:hover,.fusion-button.button-1:focus,.fusion-button.button-1:active{border-width:0px;border-color:#ffffff;color:#ffffff;}.fusion-button.button-1{background: #003399;}.fusion-button.button-1:hover,.button-1:focus,.fusion-button.button-1:active{background: #003399;}.fusion-button.button-1{width:auto;}<\/style><a class=\"fusion-button button-flat button-round button-xlarge button-custom button-1\" target=\"_blank\" href=\"https:\/\/2014-2020.poctefa.eu\/wp-content\/uploads\/2021\/01\/V.8.-GUIDE-PROCEDURE-MODIFICATIONS_FR.pdf\"><span class=\"fusion-button-text\">Guide de Proc\u00e9dure de Modifications<\/span><\/a><\/div><div class=\"fusion-clearfix\"><\/div><\/div><\/div><div class=\"fusion-one-half fusion-layout-column fusion-column-last fusion-spacing-yes\" style=\"margin-top:0px;margin-bottom:20px;\"><div class=\"fusion-column-wrapper\"><p><strong><span style=\"color: #ff0000;\">Le Guide de Proc\u00e9dure de Modifications a \u00e9t\u00e9 actualis\u00e9 en juin 2020 avec l&rsquo;annexe COVID-19 et en janvier 2021 dans la fiche 7.b.<\/span><\/strong><\/p>\n<div class=\"fusion-clearfix\"><\/div><\/div><\/div><div class=\"fusion-clearfix\"><\/div><div class=\"fusion-sep-clear\"><\/div><div class=\"fusion-separator fusion-full-width-sep sep-none\" style=\"border-color:#e0dede;margin-left: auto;margin-right: auto;margin-top:px;\"><\/div><div class=\"fusion-one-half fusion-layout-column fusion-spacing-yes\" style=\"margin-top:0px;margin-bottom:20px;\"><div class=\"fusion-column-wrapper\"><div class=\"fusion-button-wrapper\"><style type=\"text\/css\" scoped=\"scoped\">.fusion-button.button-2{border-width:0px;color:#ffffff;border-color:#ffffff;}.fusion-button.button-2:hover,.fusion-button.button-2:focus,.fusion-button.button-2:active{border-width:0px;border-color:#ffffff;color:#ffffff;}.fusion-button.button-2{background: #d10d00;}.fusion-button.button-2:hover,.button-2:focus,.fusion-button.button-2:active{background: #d10d00;}.fusion-button.button-2{width:100%;}<\/style><a class=\"fusion-button button-flat button-round button-xlarge button-custom button-2\" target=\"_blank\" href=\"https:\/\/2014-2020.poctefa.eu\/wp-content\/uploads\/2020\/06\/20200527-ANNEXE-MESURES-EXC-COVID191.pdf \"><span class=\"fusion-button-text\">Annexe COVID-19<\/span><\/a><\/div><div class=\"fusion-clearfix\"><\/div><\/div><\/div><div class=\"fusion-one-half fusion-layout-column fusion-column-last fusion-spacing-yes\" style=\"margin-top:0px;margin-bottom:20px;\"><div class=\"fusion-column-wrapper\"><p><strong><span style=\"color: #ff0000;\"><br \/>\nAnnexe COVID-19.<\/span><\/strong><\/p>\n<div class=\"fusion-clearfix\"><\/div><\/div><\/div><div class=\"fusion-clearfix\"><\/div><div class=\"fusion-sep-clear\"><\/div><div class=\"fusion-separator fusion-full-width-sep sep-none\" style=\"border-color:#e0dede;margin-left: auto;margin-right: auto;margin-top:px;\"><\/div>\n","protected":false},"excerpt":{"rendered":"<p><a href=\"https:\/\/2014-2020.poctefa.eu\/fr\/guide-de-procedure-de-modifications\/\">Voir plus<\/a><\/p>\n","protected":false},"author":4,"featured_media":0,"parent":0,"menu_order":0,"comment_status":"closed","ping_status":"closed","template":"","meta":[],"_links":{"self":[{"href":"https:\/\/2014-2020.poctefa.eu\/fr\/wp-json\/wp\/v2\/pages\/4051"}],"collection":[{"href":"https:\/\/2014-2020.poctefa.eu\/fr\/wp-json\/wp\/v2\/pages"}],"about":[{"href":"https:\/\/2014-2020.poctefa.eu\/fr\/wp-json\/wp\/v2\/types\/page"}],"author":[{"embeddable":true,"href":"https:\/\/2014-2020.poctefa.eu\/fr\/wp-json\/wp\/v2\/users\/4"}],"replies":[{"embeddable":true,"href":"https:\/\/2014-2020.poctefa.eu\/fr\/wp-json\/wp\/v2\/comments?post=4051"}],"version-history":[{"count":13,"href":"https:\/\/2014-2020.poctefa.eu\/fr\/wp-json\/wp\/v2\/pages\/4051\/revisions"}],"predecessor-version":[{"id":7325,"href":"https:\/\/2014-2020.poctefa.eu\/fr\/wp-json\/wp\/v2\/pages\/4051\/revisions\/7325"}],"wp:attachment":[{"href":"https:\/\/2014-2020.poctefa.eu\/fr\/wp-json\/wp\/v2\/media?parent=4051"}],"curies":[{"name":"wp","href":"https:\/\/api.w.org\/{rel}","templated":true}]}}