{"id":4402,"date":"2017-12-04T12:17:45","date_gmt":"2017-12-04T11:17:45","guid":{"rendered":"https:\/\/2014-2020.poctefa.eu\/fr\/?page_id=4402"},"modified":"2019-07-12T11:23:50","modified_gmt":"2019-07-12T09:23:50","slug":"aides-detat-et-de-minimis","status":"publish","type":"page","link":"https:\/\/2014-2020.poctefa.eu\/fr\/appels-a-projets\/1er-appel\/aides-detat-et-de-minimis\/","title":{"rendered":"Aides d&rsquo;\u00c9tat et De Minimis"},"content":{"rendered":"<div class=\"fusion-one-full fusion-layout-column fusion-column-last fusion-spacing-yes\" style=\"margin-top:0px;margin-bottom:20px;\"><div class=\"fusion-column-wrapper\"><p style=\"margin: 0cm 0cm 0.0001pt; text-align: justify;\"><span style=\"font-size: 11.0pt; font-family: 'Calibri',sans-serif; color: black;\"> Les donn\u00e9es des b\u00e9n\u00e9ficiaires et des projets programm\u00e9s dans le premier appel \u00e0\u00a0 projets du Programme\u00a0INTERREG V-A Espagne-France-Andorre POCTEFA 2014-2020, et auxquels le Programme a\u00a0 attribu\u00e9 une aide d&rsquo;Etat ou une aide De Minimis sont les suivants:<\/span><\/p>\n<div class=\"fusion-clearfix\"><\/div><\/div><\/div><div class=\"fusion-clearfix\"><\/div><div class=\"fusion-one-full fusion-layout-column fusion-column-last fusion-spacing-yes table-ayuda\" style=\"margin-top:0px;margin-bottom:20px;\"><div class=\"fusion-column-wrapper\"><table style=\"height: 1466px;\">\n<tbody>\n<tr style=\"background-color: #9e9e9e6b;\">\n<td width=\"80\"><strong>Eje\/Axe<\/strong><\/td>\n<td width=\"137\"><strong>Acronimo\/Acronyme<\/strong><\/td>\n<td width=\"133\"><strong>Proyecto\/Projet<\/strong><\/td>\n<td width=\"501\"><strong>Beneficiario\/B\u00e9n\u00e9ficiaire<\/strong><\/td>\n<td width=\"133\"><strong>Pais\/Pays<\/strong><\/td>\n<td width=\"133\"><strong>Ayuda de Estado o Minimis\/Aide d&rsquo;Etat ou De Minimis<\/strong><\/td>\n<\/tr>\n<tr>\n<td width=\"80\">1<\/td>\n<td width=\"137\">CYCLALG<\/td>\n<td width=\"133\">EFA037\/15<\/td>\n<td width=\"501\">NEIKER-Instituto Vasco de Investigaci\u00f3n y Desarrollo AgrarioNEIKER<\/td>\n<td width=\"133\">Espa\u00f1a<\/td>\n<td width=\"133\">art 25<\/td>\n<\/tr>\n<tr>\n<td width=\"80\">1<\/td>\n<td width=\"137\">FOODYPLAST<\/td>\n<td width=\"133\">EFA099\/15<\/td>\n<td width=\"501\">LEARTIKER SCOOP<\/td>\n<td width=\"133\">Espa\u00f1a<\/td>\n<td width=\"133\">art 25<\/td>\n<\/tr>\n<tr>\n<td width=\"80\">1<\/td>\n<td width=\"137\">H2PiyR<\/td>\n<td width=\"133\">EFA032\/15<\/td>\n<td width=\"501\">Electricit\u00e9 de FranceEDF<\/td>\n<td width=\"133\">France<\/td>\n<td width=\"133\">art 25<\/td>\n<\/tr>\n<tr>\n<td width=\"80\">1<\/td>\n<td width=\"137\">H2PiyR<\/td>\n<td width=\"133\">EFA032\/15<\/td>\n<td width=\"501\">H2 ImpulsionH2I<\/td>\n<td width=\"133\">France<\/td>\n<td width=\"133\">art 25<\/td>\n<\/tr>\n<tr>\n<td width=\"80\">1<\/td>\n<td width=\"137\">INNOTRANSLACT<\/td>\n<td width=\"133\">EFA005\/15<\/td>\n<td width=\"501\">Union des Producteurs Fermiers 64UPF64<\/td>\n<td width=\"133\">France<\/td>\n<td width=\"133\">art 25<\/td>\n<\/tr>\n<tr>\n<td width=\"80\">1<\/td>\n<td width=\"137\">INNOTRANSLACT<\/td>\n<td width=\"133\">EFA005\/15<\/td>\n<td width=\"501\">Association des Producteurs Fermiers du Pays BasqueAPFPB<\/td>\n<td width=\"133\">France<\/td>\n<td width=\"133\">De minimis<\/td>\n<\/tr>\n<tr>\n<td width=\"80\">1<\/td>\n<td width=\"137\">INNOTRANSLACT<\/td>\n<td width=\"133\">EFA005\/15<\/td>\n<td width=\"501\">Leartiker SCoop<\/td>\n<td width=\"133\">Espa\u00f1a<\/td>\n<td width=\"133\">art 25<\/td>\n<\/tr>\n<tr>\n<td width=\"80\">1<\/td>\n<td width=\"137\">INNOTRANSLACT<\/td>\n<td width=\"133\">EFA005\/15<\/td>\n<td width=\"501\">Lyc\u00e9e Jean Errecart<\/td>\n<td width=\"133\">France<\/td>\n<td width=\"133\">art 25<\/td>\n<\/tr>\n<tr>\n<td width=\"80\">1<\/td>\n<td width=\"137\">iForWood<\/td>\n<td width=\"133\">EFA092\/15<\/td>\n<td width=\"501\">Gesti\u00f3n Ambiental de Navarra S.A.GANASA<\/td>\n<td width=\"133\">Espa\u00f1a<\/td>\n<td width=\"133\">De minimis<\/td>\n<\/tr>\n<tr>\n<td width=\"80\">1<\/td>\n<td width=\"137\">CONNECT Innovation!<\/td>\n<td width=\"133\">EFA077\/15<\/td>\n<td width=\"501\">MU ENPRESAGINTZA S.COOP.ENPRESAGINTZA<\/td>\n<td width=\"133\">Espa\u00f1a<\/td>\n<td width=\"133\">De minimis<\/td>\n<\/tr>\n<tr>\n<td width=\"80\">1<\/td>\n<td width=\"137\">Transfron3D<\/td>\n<td width=\"133\">EFA090\/15<\/td>\n<td width=\"501\">VentanaVentana<\/td>\n<td width=\"133\">France<\/td>\n<td width=\"133\">art 25<\/td>\n<\/tr>\n<tr>\n<td width=\"80\">1<\/td>\n<td width=\"137\">Transfron3D<\/td>\n<td width=\"133\">EFA090\/15<\/td>\n<td width=\"501\">MIZAR ADDITIVE MANUFACTURING S.L.U.MIZAR<\/td>\n<td width=\"133\">Espa\u00f1a<\/td>\n<td width=\"133\">art 25<\/td>\n<\/tr>\n<tr>\n<td width=\"80\">1<\/td>\n<td width=\"137\">Transfron3D<\/td>\n<td width=\"133\">EFA090\/15<\/td>\n<td width=\"501\">Price InductionPI<\/td>\n<td width=\"133\">France<\/td>\n<td width=\"133\">art 25<\/td>\n<\/tr>\n<tr>\n<td width=\"80\">1<\/td>\n<td width=\"137\">Transfron3D<\/td>\n<td width=\"133\">EFA090\/15<\/td>\n<td width=\"501\">AERNNOVA ENGINEERING DIVISION S.A.U.AED<\/td>\n<td width=\"133\">Espa\u00f1a<\/td>\n<td width=\"133\">art 25<\/td>\n<\/tr>\n<tr>\n<td width=\"80\">1<\/td>\n<td width=\"137\">Transfron3D<\/td>\n<td width=\"133\">EFA090\/15<\/td>\n<td width=\"501\">AKIRA technologiesAKIRA<\/td>\n<td width=\"133\">France<\/td>\n<td width=\"133\">art 25<\/td>\n<\/tr>\n<tr>\n<td width=\"80\">1<\/td>\n<td width=\"137\">REVALPET<\/td>\n<td width=\"133\">EFA064\/15<\/td>\n<td width=\"501\">Oudoul 64<\/td>\n<td width=\"133\">France<\/td>\n<td width=\"133\">De minimis<\/td>\n<\/tr>\n<tr>\n<td width=\"80\">1<\/td>\n<td width=\"137\">TransferINN<\/td>\n<td width=\"133\">EFA001\/15<\/td>\n<td width=\"501\">MONDRAGON GOI ESKOLA POLITEKNIKOA J.M.A. S.COOP.MGEP<\/td>\n<td width=\"133\">Espa\u00f1a<\/td>\n<td width=\"133\">De minimis<\/td>\n<\/tr>\n<tr>\n<td width=\"80\">1<\/td>\n<td width=\"137\">PIRINNOVI<\/td>\n<td width=\"133\">EFA103\/15<\/td>\n<td width=\"501\">SCA Centre D\u00e9partemental de l&rsquo;Elevage OvinCDEO<\/td>\n<td width=\"133\">France<\/td>\n<td width=\"133\">art 25<\/td>\n<\/tr>\n<tr>\n<td width=\"80\">1<\/td>\n<td width=\"137\">PyrenEOS<\/td>\n<td width=\"133\">EFA048\/15<\/td>\n<td width=\"501\">Telespazio FranceTPZF<\/td>\n<td width=\"133\">France<\/td>\n<td width=\"133\">art 25<\/td>\n<\/tr>\n<tr>\n<td width=\"80\">1<\/td>\n<td width=\"137\">PyrenEOS<\/td>\n<td width=\"133\">EFA048\/15<\/td>\n<td width=\"501\">Trabajos Catastrales S.A.U.Tracasa<\/td>\n<td width=\"133\">Espa\u00f1a<\/td>\n<td width=\"133\">art 25<\/td>\n<\/tr>\n<tr>\n<td width=\"80\">1<\/td>\n<td width=\"137\">HEALTH LSR<\/td>\n<td width=\"133\">EFA003\/15<\/td>\n<td width=\"501\">LEARTIKER, S.COOP.<\/td>\n<td width=\"133\">Espa\u00f1a<\/td>\n<td width=\"133\">art 25<\/td>\n<\/tr>\n<tr>\n<td width=\"80\">1<\/td>\n<td width=\"137\">HEALTH LSR<\/td>\n<td width=\"133\">EFA003\/15<\/td>\n<td width=\"501\">Universidad de Navarra\/Cl\u00ednica Universitaria de NavarraUN<\/td>\n<td width=\"133\">Espa\u00f1a<\/td>\n<td width=\"133\">art 25<\/td>\n<\/tr>\n<tr>\n<td width=\"80\">2<\/td>\n<td width=\"137\">MAREA<\/td>\n<td width=\"133\">EFA046\/15<\/td>\n<td width=\"501\">SUEZ EAU FRANCE &#8211; Rivages Pro TechRPT<\/td>\n<td width=\"133\">France<\/td>\n<td width=\"133\">art 25<\/td>\n<\/tr>\n<tr>\n<td width=\"80\">3<\/td>\n<td width=\"137\">INTURPYR<\/td>\n<td width=\"133\">EFA026\/15<\/td>\n<td width=\"501\">Cluster Turismo de Monta\u00f1aCTM<\/td>\n<td width=\"133\">Espa\u00f1a<\/td>\n<td width=\"133\">art 20<\/td>\n<\/tr>\n<tr>\n<td width=\"80\">5<\/td>\n<td width=\"137\">De mar a mar<\/td>\n<td width=\"133\">EFA076\/15<\/td>\n<td width=\"501\">LA GRAINERIENo<\/td>\n<td width=\"133\">France<\/td>\n<td width=\"133\">art 53<\/td>\n<\/tr>\n<tr>\n<td width=\"80\">5<\/td>\n<td width=\"137\">De mar a mar<\/td>\n<td width=\"133\">EFA076\/15<\/td>\n<td width=\"501\">BEL\u00c9N \u00c1LVAREZ. Distribuci\u00f3n y Gesti\u00f3n de Espect\u00e1culos S.L.UQUIERO TEATRO<\/td>\n<td width=\"133\">Espa\u00f1a<\/td>\n<td width=\"133\">art 53<\/td>\n<\/tr>\n<tr>\n<td width=\"80\">5<\/td>\n<td width=\"137\">De mar a mar<\/td>\n<td width=\"133\">EFA076\/15<\/td>\n<td width=\"501\">CONSORCI TRANSVERSAL Xarxa d&rsquo;Activitats Culturals<\/td>\n<td width=\"133\">Espa\u00f1a<\/td>\n<td width=\"133\">art 53<\/td>\n<\/tr>\n<\/tbody>\n<\/table>\n<div class=\"fusion-clearfix\"><\/div><\/div><\/div><div class=\"fusion-clearfix\"><\/div>\n","protected":false},"excerpt":{"rendered":"<p><a href=\"https:\/\/2014-2020.poctefa.eu\/fr\/appels-a-projets\/1er-appel\/aides-detat-et-de-minimis\/\">Voir plus<\/a><\/p>\n","protected":false},"author":1,"featured_media":0,"parent":469,"menu_order":0,"comment_status":"closed","ping_status":"closed","template":"","meta":[],"_links":{"self":[{"href":"https:\/\/2014-2020.poctefa.eu\/fr\/wp-json\/wp\/v2\/pages\/4402"}],"collection":[{"href":"https:\/\/2014-2020.poctefa.eu\/fr\/wp-json\/wp\/v2\/pages"}],"about":[{"href":"https:\/\/2014-2020.poctefa.eu\/fr\/wp-json\/wp\/v2\/types\/page"}],"author":[{"embeddable":true,"href":"https:\/\/2014-2020.poctefa.eu\/fr\/wp-json\/wp\/v2\/users\/1"}],"replies":[{"embeddable":true,"href":"https:\/\/2014-2020.poctefa.eu\/fr\/wp-json\/wp\/v2\/comments?post=4402"}],"version-history":[{"count":3,"href":"https:\/\/2014-2020.poctefa.eu\/fr\/wp-json\/wp\/v2\/pages\/4402\/revisions"}],"predecessor-version":[{"id":6110,"href":"https:\/\/2014-2020.poctefa.eu\/fr\/wp-json\/wp\/v2\/pages\/4402\/revisions\/6110"}],"up":[{"embeddable":true,"href":"https:\/\/2014-2020.poctefa.eu\/fr\/wp-json\/wp\/v2\/pages\/469"}],"wp:attachment":[{"href":"https:\/\/2014-2020.poctefa.eu\/fr\/wp-json\/wp\/v2\/media?parent=4402"}],"curies":[{"name":"wp","href":"https:\/\/api.w.org\/{rel}","templated":true}]}}