{"id":4501,"date":"2018-01-31T17:07:09","date_gmt":"2018-01-31T16:07:09","guid":{"rendered":"https:\/\/2014-2020.poctefa.eu\/fr\/?page_id=4501"},"modified":"2018-06-20T13:51:46","modified_gmt":"2018-06-20T11:51:46","slug":"projets-programmes","status":"publish","type":"page","link":"https:\/\/2014-2020.poctefa.eu\/fr\/appels-a-projets\/2eme-appel\/projets-programmes\/","title":{"rendered":"Projets Programm\u00e9s"},"content":{"rendered":"<div class=\"fusion-button-wrapper\"><style type=\"text\/css\" scoped=\"scoped\">.fusion-button.button-1{border-width:0px;color:#ffffff;border-color:#ffffff;}.fusion-button.button-1:hover,.fusion-button.button-1:focus,.fusion-button.button-1:active{border-width:0px;border-color:#ffffff;color:#ffffff;}.fusion-button.button-1{background: #003399;}.fusion-button.button-1:hover,.button-1:focus,.fusion-button.button-1:active{background: #003399;}.fusion-button.button-1{width:100%;}<\/style><a class=\"fusion-button button-flat button-round button-xlarge button-custom button-1\" target=\"_blank\" href=\"https:\/\/2014-2020.poctefa.eu\/wp-content\/uploads\/2018\/06\/Listado-proyectos-programados-2a-convocatoria_ES.xlsx\"><span class=\"fusion-button-text\">Projets programm\u00e9s et b\u00e9n\u00e9ficiaries du 2\u00e9me appel <\/span><\/a><\/div><div class=\"fusion-sep-clear\"><\/div><div class=\"fusion-separator fusion-full-width-sep sep-none\" style=\"border-color:#e0dede;margin-left: auto;margin-right: auto;margin-top:px;\"><\/div><h2 class=\"entry-title\" data-fontsize=\"18\" data-lineheight=\"27\">62 projets de coop\u00e9ration transfrontali\u00e8re programm\u00e9s lors du 2\u00e8me appel \u00e0 projets<\/h2>\n<p>Le Comit\u00e9 de Programmation du POCTEFA 2014-2020 c\u00e9l\u00e9br\u00e9 le 8 novembre 2017 \u00e0 Biarritz a approuv\u00e9 62 projets de coop\u00e9ration transfrontali\u00e8re et\u00a0<strong>71 millions d&rsquo;euros du Fonds Europ\u00e9en de D\u00e9veloppement R\u00e9gional (FEDER)<\/strong>. Ce montant repr\u00e9sente 40% des fonds du Programme, permettant ainsi d&rsquo;atteindre 80% d&rsquo;engagement cumul\u00e9 des fonds FEDER du programme pour la p\u00e9riode 2014-2020<\/p>\n<p>Parmi les 62 projets approuv\u00e9s se trouvent des initiatives de tourisme, R&amp;D, apprentissage des langues du territoire, pr\u00e9vention de risques naturels, protection du patrimoine naturel et culturel, mobilit\u00e9 transfrontali\u00e8re et transport durable, ou formation et emploi.<\/p>\n<p>Parmi les cinq axes du Programme, l\u2019axe 1\u00a0<strong>\u00ab\u00a0Dynamiser l\u2019innovation et la comp\u00e9titivit\u00e9\u00a0\u00bb\u00a0<\/strong>est celui pr\u00e9sentant le plus de projets approuv\u00e9s (22) et avec une dotation la plus importante du FEDER avec pr\u00e8s 20M\u20ac. Dans l\u2019axe 3\u00a0<strong>\u00ab\u00a0Promouvoir la protection, la mise en valeur et l\u2019utilisation durable des ressources locales\u00a0\u00bb<\/strong>\u00a014 projets ont \u00e9t\u00e9 programm\u00e9s \u00e0 hauteur de 19,2M\u20ac. Dans l\u2019axe\u00a0<strong>2 \u00a0\u00ab\u00a0Promouvoir l\u2019adaptation au changement climatique ainsi que la pr\u00e9vention et la gestion des risques\u00a0\u00bb\u00a0<\/strong>6 projets ont \u00e9t\u00e9 programm\u00e9s \u00e0 hauteur de 11,4 millions d\u2019euros de FEDER. Presque 10 million de fonds europ\u00e9ens ont \u00e9t\u00e9 octroy\u00e9s pour 6 projets de l\u2019axe 4<strong>\u00a0\u00ab\u00a0Favoriser la mobilit\u00e9 des biens et des personnes\u00a0\u00bb.<\/strong>\u00a0En dernier lieu, dans l\u2019axe 5\u00a0<strong>\u00ab\u00a0<\/strong><strong>Renf<\/strong><strong>orcer les comp\u00e9tences et l\u2019inclusion au sein des territoires<\/strong><strong>\u00ab\u00a0,\u00a0<\/strong>14 projets ont \u00e9t\u00e9 programm\u00e9s \u00e0 hauteur 10,5 millions d\u2019euros. Les fonds FEDER financent 65% du co\u00fbt total des projets approuv\u00e9s tel qu\u2019\u00e9tablie dans le Programme de Coop\u00e9ration Territoriale.<\/p>\n<p>T\u00e9l\u00e9charger ici <strong><a href=\"https:\/\/2014-2020.poctefa.eu\/wp-content\/uploads\/2018\/01\/RESOLUCI%C3%93N-DEFINITIVA-SEGUNDA-CONVOCATORIA-DE-PROYECTOS.pdf\" target=\"_blank\">la d\u00e9cision definitive 2\u00e9me appel \u00e0 projets I<\/a><\/strong> et\u00a0<strong><a href=\"https:\/\/2014-2020.poctefa.eu\/wp-content\/uploads\/2018\/04\/RESOLUCI%C3%93N-DEFINITIVA-2-SEGUNDA-CONVOCATORIA-DE-PROYECTOS-II.pdf\" target=\"_blank\">la d\u00e9cision definitive\u00a02\u00e9me\u00a0appel \u00e0 projets\u00a0II<\/a><\/strong>.<\/p>\n\n","protected":false},"excerpt":{"rendered":"<p><a href=\"https:\/\/2014-2020.poctefa.eu\/fr\/appels-a-projets\/2eme-appel\/projets-programmes\/\">Voir plus<\/a><\/p>\n","protected":false},"author":4,"featured_media":0,"parent":472,"menu_order":0,"comment_status":"closed","ping_status":"closed","template":"","meta":[],"_links":{"self":[{"href":"https:\/\/2014-2020.poctefa.eu\/fr\/wp-json\/wp\/v2\/pages\/4501"}],"collection":[{"href":"https:\/\/2014-2020.poctefa.eu\/fr\/wp-json\/wp\/v2\/pages"}],"about":[{"href":"https:\/\/2014-2020.poctefa.eu\/fr\/wp-json\/wp\/v2\/types\/page"}],"author":[{"embeddable":true,"href":"https:\/\/2014-2020.poctefa.eu\/fr\/wp-json\/wp\/v2\/users\/4"}],"replies":[{"embeddable":true,"href":"https:\/\/2014-2020.poctefa.eu\/fr\/wp-json\/wp\/v2\/comments?post=4501"}],"version-history":[{"count":5,"href":"https:\/\/2014-2020.poctefa.eu\/fr\/wp-json\/wp\/v2\/pages\/4501\/revisions"}],"predecessor-version":[{"id":4992,"href":"https:\/\/2014-2020.poctefa.eu\/fr\/wp-json\/wp\/v2\/pages\/4501\/revisions\/4992"}],"up":[{"embeddable":true,"href":"https:\/\/2014-2020.poctefa.eu\/fr\/wp-json\/wp\/v2\/pages\/472"}],"wp:attachment":[{"href":"https:\/\/2014-2020.poctefa.eu\/fr\/wp-json\/wp\/v2\/media?parent=4501"}],"curies":[{"name":"wp","href":"https:\/\/api.w.org\/{rel}","templated":true}]}}