{"id":457,"date":"2015-11-16T09:03:00","date_gmt":"2015-11-16T08:03:00","guid":{"rendered":"https:\/\/2014-2020.poctefa.eu\/fr\/?page_id=457"},"modified":"2023-05-30T09:28:07","modified_gmt":"2023-05-30T07:28:07","slug":"organismes-de-gestion","status":"publish","type":"page","link":"https:\/\/2014-2020.poctefa.eu\/fr\/programme\/organismes-de-gestion\/","title":{"rendered":"Organismes de gestion"},"content":{"rendered":"<h2><\/h2>\n<p>La gestion du Programme est organis\u00e9e autour des structures suivantes :<\/p>\n<ul>\n<li><a href=\"#01\">Une Autorit\u00e9 de Gestion (AG)<\/a><\/li>\n<li><a href=\"#02\">Autorit\u00e9 de Certification (AC)<\/a><\/li>\n<li><a href=\"#03\">Une Autorit\u00e9 d\u2019Audit (AA)<br \/>\n<\/a><\/li>\n<li><a href=\"#10\">Les Autorit\u00e9s Nationales<\/a><\/li>\n<li><a href=\"#04\">Un Comit\u00e9 de Suivi (CS) <\/a><\/li>\n<li><a href=\"#05\">Un Comit\u00e9 de Programmation (CP)<\/a><\/li>\n<li><a href=\"#06\">Un Secr\u00e9tariat Conjoint (SC)<\/a><\/li>\n<li><a href=\"#07\">Trois Comit\u00e9s Territoriaux\u00a0<\/a><\/li>\n<li><a href=\"#08\">Un Comit\u00e9 Transversal<\/a><\/li>\n<li><a href=\"#09\">Trois Coordinateurs Territoriaux <\/a><\/li>\n<\/ul>\n<div class=\"imageframe-align-center\"><span class=\"fusion-imageframe imageframe-none imageframe-1 hover-type-none\"><a href=\"https:\/\/2014-2020.poctefa.eu\/wp-content\/uploads\/2015\/11\/composicionFR-1024x904.jpg\" class=\"fusion-lightbox\" data-rel=\"iLightbox[69db0031687c5]\"> <img decoding=\"async\" src=\"https:\/\/2014-2020.poctefa.eu\/wp-content\/uploads\/2015\/11\/composicionFR-1024x904.jpg\" alt=\"\" class=\"img-responsive\"\/><\/a><\/span><\/div><div class=\"fusion-sep-clear\"><\/div><div class=\"fusion-separator fusion-full-width-sep sep-none\" style=\"border-color:#e0dede;margin-left: auto;margin-right: auto;margin-top:px;margin-bottom:30px;\"><\/div><p><a name=\"01\"><\/a><\/p>\n<h2>Une Autorit\u00e9 de Gestion (AG)<\/h2>\n<p>L\u2019Autorit\u00e9 de Gestion sera responsable de la gestion du Programme en conformit\u00e9 avec le principe de bonne gestion financi\u00e8re.<\/p>\n<p>Pour la p\u00e9riode 2014-2020, l\u2019Autorit\u00e9 de Gestion du Programme est le Consorcio de la Communaut\u00e9 de Travail des Pyr\u00e9n\u00e9es (CTP).<\/p>\n<p>La CTP est un organisme interr\u00e9gional de coop\u00e9ration transfrontali\u00e8re cr\u00e9\u00e9 en 1983 sous l\u2019impulsion du Conseil de l\u2019Europe dont la volont\u00e9 \u00e9tait de cr\u00e9er sur les Pyr\u00e9n\u00e9es une structure de coop\u00e9ration transfrontali\u00e8re similaire \u00e0 celles existant au niveau des autres fronti\u00e8res europ\u00e9ennes.<\/p>\n<p>Les membres de la CTP sont :<\/p>\n<ul>\n<li>les 2 R\u00e9gions fran\u00e7aises : Nouvelle-Aquitaine et Occitanie<\/li>\n<li>les 4 Communaut\u00e9s Autonomes espagnoles : Catalunya, Arag\u00f3n, Navarra et Euskadi<\/li>\n<li>la Principaut\u00e9 d\u2019Andorre<\/li>\n<\/ul>\n<p>&nbsp;<\/p>\n<p>La structuration de la CTP en Consorcio en mars 2005, relevant du droit public espagnol, lui conf\u00e8re la personnalit\u00e9 juridique pour assumer les responsabilit\u00e9s propres aux fonctions d\u2019Autorit\u00e9 de Gestion d\u2019un Programme Interreg.<\/p>\n<p>La Communaut\u00e9 de Travail des Pyr\u00e9n\u00e9es a \u00e9t\u00e9 l\u2019Autorit\u00e9 de Gestion du Programme Op\u00e9rationnel de Coop\u00e9ration Territoriale Espagne-France-Andorre (POCTEFA 2007-2013). La CTP est de nouveau Autorit\u00e9 de Gestion du POCTEFA pour la p\u00e9riode 2014-2020.<\/p>\n<div class=\"fusion-sep-clear\"><\/div><div class=\"fusion-separator fusion-full-width-sep sep-none\" style=\"border-color:#e0dede;margin-left: auto;margin-right: auto;margin-top:px;margin-bottom:30px;\"><\/div><p><a name=\"02\"><\/a><\/p>\n<h2>Une Autorit\u00e9 de Certification (AC)<\/h2>\n<p>Le <a href=\"http:\/\/www.minhafp.gob.es\/es-ES\/Areas%20Tematicas\/Fondos%20de%20la%20Union%20Europea\/Paginas\/default.aspx\" target=\"_blank\" rel=\"noopener\">Ministerio de Hacienda y Funci\u00f3n P\u00fablica d\u2019Espagne<\/a> remplira les fonctions d\u2019Autorit\u00e9 de Certification du Programme.<\/p>\n<p>Les fonctions de l\u2019Autorit\u00e9 de Certification sont en particulier les suivantes\u00a0:<\/p>\n<ul>\n<li>D&rsquo;\u00e9tablir et de transmettre \u00e0 la Commission les demandes de paiement en certifiant qu&rsquo;elles proc\u00e8dent de syst\u00e8mes de comptabilit\u00e9 fiables, sont fond\u00e9es sur des pi\u00e8ces justificatives susceptibles d&rsquo;\u00eatre v\u00e9rifi\u00e9es et ont \u00e9t\u00e9 contr\u00f4l\u00e9es par l&rsquo;Autorit\u00e9 de Gestion.<\/li>\n<li>De certifier l&rsquo;int\u00e9gralit\u00e9, l&rsquo;exactitude et la v\u00e9racit\u00e9 des comptes.<\/li>\n<li>De s&rsquo;assurer qu&rsquo;il existe un syst\u00e8me d&rsquo;enregistrement et de stockage sous forme informatis\u00e9e des pi\u00e8ces comptables pour chaque op\u00e9ration, qui int\u00e8gre toutes les donn\u00e9es n\u00e9cessaires \u00e0 l&rsquo;\u00e9tablissement des demandes de paiement et des comptes.<\/li>\n<li>D&rsquo;assurer qu&rsquo;elle a re\u00e7u des informations appropri\u00e9es de la part de l&rsquo;Autorit\u00e9 de Gestion sur les proc\u00e9dures suivies et les v\u00e9rifications effectu\u00e9es en rapport avec les d\u00e9penses.<\/li>\n<li>De prendre en consid\u00e9ration, aux fins de l&rsquo;\u00e9tablissement et de la pr\u00e9sentation des demandes de paiement, les r\u00e9sultats de l&rsquo;ensemble des audits et contr\u00f4les effectu\u00e9s par l&rsquo;autorit\u00e9 d&rsquo;audit ou sous la responsabilit\u00e9 de celle-ci.<\/li>\n<li>De tenir une comptabilit\u00e9 informatis\u00e9e des d\u00e9penses d\u00e9clar\u00e9es \u00e0 la Commission et de la contribution publique correspondante vers\u00e9e aux b\u00e9n\u00e9ficiaires.<\/li>\n<li>De tenir une comptabilit\u00e9 des montants \u00e0 recouvrer et des montants retir\u00e9s \u00e0 la suite de l&rsquo;annulation de tout ou partie de la contribution \u00e0 une op\u00e9ration.<\/li>\n<\/ul>\n<div class=\"fusion-sep-clear\"><\/div><div class=\"fusion-separator fusion-full-width-sep sep-none\" style=\"border-color:#e0dede;margin-left: auto;margin-right: auto;margin-top:px;margin-bottom:30px;\"><\/div><p><a name=\"03\"><\/a><\/p>\n<h2>Une Autorit\u00e9 d\u2019Audit (AA)<\/h2>\n<p>L\u2019Autorit\u00e9 d\u2019Audit devra s\u2019assurer du bon fonctionnement du syst\u00e8me de gestion et de contr\u00f4le du Programme et de la r\u00e9alisation des audits. Le Ministerio de Hacienda y de Funci\u00f3n P\u00fablica d\u2019Espagne remplira les fonctions d\u2019Autorit\u00e9 d\u2019Audit du Programme.<\/p>\n<p>En Espagne, pour les audits d\u2019op\u00e9rations cofinanc\u00e9es par des fonds structurels europ\u00e9ens, il incombe \u00e0 <a href=\"http:\/\/www.igae.pap.meh.es\/sitios\/igae\/es-ES\/Paginas\/inicio.aspx\">l\u2019Inspection G\u00e9n\u00e9rale de l\u2019Administration de l\u2019\u00c9tat (IGAE)<\/a> d\u2019agir en qualit\u00e9 d\u2019Autorit\u00e9 d\u2019Audit du Programme.<\/p>\n<p>Les fonctions de l\u2019Autorit\u00e9 d\u2019Audit sont les suivantes :<\/p>\n<ul>\n<li>Pr\u00e9parer la strat\u00e9gie d\u2019audit pour la r\u00e9alisation des audits au cours des huit mois suivant l\u2019adoption du Programme.<\/li>\n<li>S\u2019assurer que les organismes responsables du contr\u00f4le disposent de l\u2019ind\u00e9pendance fonctionnelle n\u00e9cessaire.<\/li>\n<li>S\u2019assurer que le travail d\u2019audit prend en compte les normes d\u2019audit reconnues \u00e0 l\u2019\u00e9chelle internationale.<\/li>\n<li>Dresser un rapport d\u2019audit conform\u00e9ment \u00e0 l\u2019article 59, paragraphe 5 du R\u00e8glement (UE) n\u00ba 1303\/2013.<\/li>\n<\/ul>\n<p>Dresser un rapport de contr\u00f4le exposant les conclusions principales des audits effectu\u00e9s, comprenant les \u00e9l\u00e9ments li\u00e9s aux lacunes d\u00e9cel\u00e9es au niveau des syst\u00e8mes de gestion et de contr\u00f4le, ainsi que les mesures de correction propos\u00e9es et appliqu\u00e9es. .<\/p>\n<div class=\"fusion-sep-clear\"><\/div><div class=\"fusion-separator fusion-full-width-sep sep-none\" style=\"border-color:#e0dede;margin-left: auto;margin-right: auto;margin-top:px;margin-bottom:30px;\"><\/div><p><a name=\"10\"><\/a><\/p>\n<h2>Les Autorit\u00e9s Nationales<\/h2>\n<p><strong>L&rsquo;Autorit\u00e9 Nationale Espagnole<\/strong>:<\/p>\n<p>Ministerio de Hacienda y Funci\u00f3n P\u00fablica. Direcci\u00f3n General de Fondos Europeos<br \/>\nSubdirecci\u00f3n General de Cooperaci\u00f3n Territorial Europea<br \/>\nPaseo de la Castellana, 162 \u2013 planta 21. Madrid 28071 (Espa\u00f1a).<br \/>\nTel: +34 91 583 00 68<\/p>\n<p>Contact:<br \/>\nM\u00aa del Carmen Hern\u00e1ndez Mart\u00edn<br \/>\nSubdirectora de Cooperaci\u00f3n Territorial Europea<br \/>\nPaseo de la Castellana, 162 \u2013 planta 21. Madrid 28071 (Espa\u00f1a)<br \/>\n<a href=\"mailto:MCHernandez@sepg.hacienda.gob.es\">MCHernandez@sepg.hacienda.gob.es<\/a><br \/>\nTel: +34 91 583 00 68<\/p>\n<p><strong>L&rsquo;Autorit\u00e9 Nationale Fran\u00e7aise:\u00a0<\/strong><\/p>\n<p>Conseil R\u00e9gional Nouvelle Aquitaine<br \/>\nDirection Coop\u00e9rations d\u00e9centralis\u00e9es \u2013 Projets interr\u00e9gionaux.<br \/>\nP\u00f4le affaires europ\u00e9ennes et internationales<br \/>\n14, rue Fran\u00e7ois de Sourdis \u2013 33077 Bordeaux cedex (France).<br \/>\nTel: +33 (0)5 57 57 82 09<\/p>\n<p>Contact:<br \/>\nJean-Michel Arriv\u00e9<br \/>\nDirecteur Coop\u00e9rations d\u00e9centralis\u00e9es<br \/>\n14, rue Fran\u00e7ois de Sourdis \u2013 33077 Bordeaux cedex (France).<br \/>\njean-michel.arrive@nouvelle-aquitaine.fr<br \/>\nTel: +33 (0)5 57 57 82 09<\/p>\n<div class=\"fusion-sep-clear\"><\/div><div class=\"fusion-separator fusion-full-width-sep sep-none\" style=\"border-color:#e0dede;margin-left: auto;margin-right: auto;margin-top:px;margin-bottom:30px;\"><\/div><p><a name=\"04\"><\/a><\/p>\n<h2>Comit\u00e9 de Suivi\u00a0(CS)<\/h2>\n<p>Le Comit\u00e9 de Suivi est l&rsquo;instance d\u00e9cisionnelle du Programme, et est charg\u00e9 de superviser, d\u2019administrer et d&rsquo;assurer le fonctionnement du Programme.<\/p>\n<p>Le CS sera compos\u00e9 des \u00c9tats impliqu\u00e9s dans le Programme (Espagne, France et Andorre), des Communaut\u00e9s Autonomes espagnoles, des R\u00e9gions et des D\u00e9partements fran\u00e7ais de la zone transfrontali\u00e8re ainsi que de repr\u00e9sentants de la soci\u00e9t\u00e9 civile. Ce Comit\u00e9 sera pr\u00e9sid\u00e9 de mani\u00e8re tournante par les repr\u00e9sentants de chaque \u00c9tat-membre du Programme (Espagne et France). La Commission Europ\u00e9enne participera aux r\u00e9unions avec un r\u00f4le consultatif.<\/p>\n<p>Vous pouvez consulter la<a href=\"https:\/\/2014-2020.poctefa.eu\/wp-content\/uploads\/2023\/05\/Miembros-CdS-POCTEFA-2021-2027-web-1-1.pdf\" target=\"_blank\" rel=\"noopener\"><span style=\"text-decoration: none;\"><span style=\"color: #0000ff;\"> <strong>liste des membres du Comit\u00e9 de Suivi ici.<\/strong><\/span><\/span><\/a><\/p>\n<p>Le Comit\u00e9 de Suivi se r\u00e9unira au moins une fois par an.<\/p>\n<p>Entre ses comp\u00e9tences figurent les suivantes\u00a0:<\/p>\n<ul>\n<li>Il examinera toutes questions ayant une incidence sur la r\u00e9alisation du Programme.<\/li>\n<li>Il pourra faire des observations \u00e0 l&rsquo;autorit\u00e9 de gestion en ce qui concerne la mise en \u0153uvre et l&rsquo;\u00e9valuation du Programme.<\/li>\n<li>Il sera charg\u00e9 de la direction strat\u00e9gique du Programme, il d\u00e9cidera des appels \u00e0 projets et sera inform\u00e9 de la mise en \u0153uvre et de l\u2019\u00e9volution des projets programm\u00e9s. Il analysera l\u2019\u00e9volution de la consommation des disponibilit\u00e9s financi\u00e8res et v\u00e9rifiera l\u2019ad\u00e9quation entre les objectifs \u00e9tablis par le Programme et les actions mises en \u0153uvre ainsi que la coh\u00e9rence avec les objectifs de l\u2019Union Europ\u00e9enne et de la strat\u00e9gie \u00ab Europe 2020 \u00bb.<\/li>\n<li>Il aura la capacit\u00e9 de r\u00e9orienter le contenu du programme et la maquette financi\u00e8re dans le cadre des limites r\u00e8glementaires.<\/li>\n<\/ul>\n<p>Il favorisera \u00e9galement l\u2019\u00e9tablissement de r\u00e9orientations strat\u00e9giques quand ces derni\u00e8res permettront l\u2019adaptation des actions aux nouvelles orientations \u00e9tablies<\/p>\n<div class=\"fusion-sep-clear\"><\/div><div class=\"fusion-separator fusion-full-width-sep sep-none\" style=\"border-color:#e0dede;margin-left: auto;margin-right: auto;margin-top:px;margin-bottom:30px;\"><\/div><p><a name=\"05\"><\/a><\/p>\n<h2>Comit\u00e9 de Programmation (CP)<\/h2>\n<p>Le Comit\u00e9 de Suivi cr\u00e9era un Comit\u00e9 de Programmation. Le Comit\u00e9 de Programmation sera pr\u00e9sid\u00e9 par l\u2019Autorit\u00e9 de Gestion du Programme.<\/p>\n<p>Il se r\u00e9unira \u00e0 la demande du Comit\u00e9 de Suivi pour \u00e9valuer les r\u00e9sultats de l\u2019instruction et d\u00e9cidera, parmi tous les projets pr\u00e9sent\u00e9s, ceux qu\u2019il va approuver en prenant en compte les analyses r\u00e9alis\u00e9es lors de l\u2019instruction par les entit\u00e9s comp\u00e9tentes (le Secr\u00e9tariat Conjoint, les Comit\u00e9s Territoriaux et le Comit\u00e9 Transversale).<\/p>\n<p>Le Secr\u00e9tariat Conjoint sera en charge du secr\u00e9tariat du Comit\u00e9 de Programmation. La Commission Europ\u00e9enne pourra participer aux r\u00e9unions du Comit\u00e9 de Programmation \u00e0 titre consultatif.<\/p>\n<div class=\"fusion-sep-clear\"><\/div><div class=\"fusion-separator fusion-full-width-sep sep-none\" style=\"border-color:#e0dede;margin-left: auto;margin-right: auto;margin-top:px;margin-bottom:30px;\"><\/div><p><a name=\"06\"><\/a><\/p>\n<h2>Secr\u00e9tariat Conjoint (SC)<\/h2>\n<p>Le Secr\u00e9tariat Conjoint sera maintenu dans la ville de Jaca (Huesca, Espagne), apportant ainsi l\u2019appui \u00e0 l\u2019ensemble des structures de gestion du Programme \u2013l\u2019Autorit\u00e9 de Gestion, le Comit\u00e9 de Suivi, le Comit\u00e9 de Programmation et, occasionnellement, l\u2019Autorit\u00e9 d\u2019Audit-, ainsi qu\u2019aux b\u00e9n\u00e9ficiaires et porteurs de projets.<\/p>\n<p>Parmi les travaux que le Secr\u00e9tariat Conjoint r\u00e9alisera sous la responsabilit\u00e9 de l\u2019Autorit\u00e9 de Gestion, nous pouvons souligner\u00a0:<\/p>\n<ul>\n<li>Les t\u00e2ches techniques, administratives et financi\u00e8res associ\u00e9es \u00e0 la gestion du Programme.<\/li>\n<li>La coordination des actions et l\u2019animation transversale, la promotion et la divulgation des informations.<\/li>\n<li>L\u2019appui administratif aux b\u00e9n\u00e9ficiaires potentiels.<\/li>\n<li>L\u2019instruction des candidatures.<\/li>\n<li>Le suivi de l\u2019ex\u00e9cution physique et financi\u00e8re des projets.<\/li>\n<li>La capitalisation des bonnes pratiques des op\u00e9rations.<\/li>\n<li>Letraitement des demandes de paiements pr\u00e9sent\u00e9es par les b\u00e9n\u00e9ficiaires chefs de file.<\/li>\n<li>L\u2019appui dans l\u2019\u00e9laboration et le d\u00e9veloppement du syst\u00e8me d\u2019information du Programme.<\/li>\n<\/ul>\n<div class=\"fusion-sep-clear\"><\/div><div class=\"fusion-separator fusion-full-width-sep sep-none\" style=\"border-color:#e0dede;margin-left: auto;margin-right: auto;margin-top:px;margin-bottom:30px;\"><\/div><p><a name=\"08\"><\/a><\/p>\n<h2>Comit\u00e9s Territoriaux<\/h2>\n<p>Ils seront \u00e9tablis par le Comit\u00e9 de Suivi et seront compos\u00e9s du partenariat institutionnel issu des trois zones du Programme (Ouest, Centre et Est).<\/p>\n<p>Leurs fonctions seront notamment les suivantes :<\/p>\n<ul>\n<li>Analyse des projets en pr\u00e9paration de leur zone.<\/li>\n<li>Suite \u00e0 l\u2019instruction, analyse des projets de leur zone qui se pr\u00e9sentent au Programme et qui sont recevables.<\/li>\n<\/ul>\n<div class=\"fusion-sep-clear\"><\/div><div class=\"fusion-separator fusion-full-width-sep sep-none\" style=\"border-color:#e0dede;margin-left: auto;margin-right: auto;margin-top:px;margin-bottom:30px;\"><\/div><p><a name=\"09\"><\/a><\/p>\n<h2>Comit\u00e9 Transversal<\/h2>\n<p>Il analyse les projets transversaux qui sont pr\u00e9sent\u00e9s au Programme. Ce Comit\u00e9 est compos\u00e9 de repr\u00e9sentants de toutes les zones qui composent le Programme.<\/p>\n<p>Les projets transversaux du Programme sont ceux auxquels participent des partenaires de tous les territoires de la zone \u00e9ligible ou provenant de r\u00e9gions qui sont s\u00e9par\u00e9es d\u2019un point de vue g\u00e9ographique.<\/p>\n<div class=\"fusion-sep-clear\"><\/div><div class=\"fusion-separator fusion-full-width-sep sep-none\" style=\"border-color:#e0dede;margin-left: auto;margin-right: auto;margin-top:px;margin-bottom:30px;\"><\/div><p><a name=\"07\"><\/a><\/p>\n<h2>Coordinateurs Territoriaux<\/h2>\n<p>Le Comit\u00e9 de Suivi \u00e9tablira un syst\u00e8me de coordination territoriale entre les membres du partenariat sur trois zones de la fronti\u00e8re (Ouest, Centre et Est). Sur chaque zone, un membre sera d\u00e9sign\u00e9 coordinateur territorial et sera le Chef de File du travail collaboratif des membres du partenariat.<\/p>\n<p>En coop\u00e9ration avec le partenariat de la zone et dans une dynamique de travail transfrontali\u00e8re, ils assureront les t\u00e2ches suivantes:<\/p>\n<p>&nbsp;<\/p>\n<ul>\n<li>Animation du territoire afin de favoriser l\u2019\u00e9mergence de projets.<\/li>\n<li>Centralisation des donn\u00e9es et informations du territoire transmis par les membres de sa zone.<\/li>\n<li>Appui technique de proximit\u00e9 aux porteurs de projets.<\/li>\n<li>Organisation de r\u00e9unions de travail avec les membres de sa zone sur tous les points jug\u00e9s n\u00e9cessaires.<\/li>\n<li>Convocation et organisation du Comit\u00e9 Territorial.<\/li>\n<li>Diffusion de l\u2019information du Programme dans leur territoire d\u2019action \u00e0 travers l\u2019organisation de s\u00e9minaires d\u2019information et la participation aux s\u00e9minaires organis\u00e9s par les projets.<\/li>\n<li>Suivi des op\u00e9rations programm\u00e9es par l\u2019organisation de r\u00e9unions aupr\u00e8s des porteurs de projets.<\/li>\n<\/ul>\n<p>L\u2019Autorit\u00e9 de Gestion garantira le fonctionnement homog\u00e8ne de tous les coordonnateurs territoriaux moyennant l\u2019\u00e9laboration de conventions bilat\u00e9rales et similaires avec chacun d\u2019entre eux.<\/p>\n<p>Les coordinateurs territoriaux du Programme sont :<\/p>\n<p><strong>Est &#8211; Generalitat de Catalunya. Direcci\u00f3n General de Promoci\u00f3n Econ\u00f3mica, Competencia y Regulaci\u00f3n<br \/>\n<\/strong>Teresa Medina<br \/>\n+ 34 935 528 107<br \/>\n<a href=\"mailto:t.medina@gencat.cat\">t.medina@gencat.cat<\/a><br \/>\n<a href=\"http:\/\/www.gencat.cat\/\" target=\"_blank\" rel=\"noopener\">www.gencat.cat<\/a><\/p>\n<p>&nbsp;<\/p>\n<p><strong>Centre &#8211; Gobierno de Arag\u00f3n. Departamento de Hacienda y Administraci\u00f3n P\u00fablica<\/strong><br \/>\nServicio de Fondos Europeos<br \/>\nGabriel Navarro<br \/>\n+ 34 976 714 271<br \/>\ngnavarrom@aragon.es<br \/>\n<a href=\"http:\/\/www.aragon.es\">www.aragon.es<\/a><\/p>\n<p>&nbsp;<\/p>\n<p><strong>Ouest &#8211; D\u00e9partement des Pyr\u00e9n\u00e9es-Atlantiques. Charg\u00e9e d\u2019\u00e9tudes et de projets coop\u00e9ration transfrontali\u00e8re<\/strong><br \/>\nEmilie de Bailliencourt<br \/>\n+33 (0)559 114 022<br \/>\n+33 (0)628 01 44 08 (Portable)<br \/>\nemilie.de-bailliencourt@le64.fr<br \/>\n<a href=\"http:\/\/www.le64.fr\" target=\"_blank\" rel=\"noopener\">www.le64.fr<\/a><\/p>\n\n","protected":false},"excerpt":{"rendered":"<p><a href=\"https:\/\/2014-2020.poctefa.eu\/fr\/programme\/organismes-de-gestion\/\">Voir plus<\/a><\/p>\n","protected":false},"author":1,"featured_media":0,"parent":374,"menu_order":4,"comment_status":"closed","ping_status":"closed","template":"","meta":[],"_links":{"self":[{"href":"https:\/\/2014-2020.poctefa.eu\/fr\/wp-json\/wp\/v2\/pages\/457"}],"collection":[{"href":"https:\/\/2014-2020.poctefa.eu\/fr\/wp-json\/wp\/v2\/pages"}],"about":[{"href":"https:\/\/2014-2020.poctefa.eu\/fr\/wp-json\/wp\/v2\/types\/page"}],"author":[{"embeddable":true,"href":"https:\/\/2014-2020.poctefa.eu\/fr\/wp-json\/wp\/v2\/users\/1"}],"replies":[{"embeddable":true,"href":"https:\/\/2014-2020.poctefa.eu\/fr\/wp-json\/wp\/v2\/comments?post=457"}],"version-history":[{"count":63,"href":"https:\/\/2014-2020.poctefa.eu\/fr\/wp-json\/wp\/v2\/pages\/457\/revisions"}],"predecessor-version":[{"id":11255,"href":"https:\/\/2014-2020.poctefa.eu\/fr\/wp-json\/wp\/v2\/pages\/457\/revisions\/11255"}],"up":[{"embeddable":true,"href":"https:\/\/2014-2020.poctefa.eu\/fr\/wp-json\/wp\/v2\/pages\/374"}],"wp:attachment":[{"href":"https:\/\/2014-2020.poctefa.eu\/fr\/wp-json\/wp\/v2\/media?parent=457"}],"curies":[{"name":"wp","href":"https:\/\/api.w.org\/{rel}","templated":true}]}}