{"id":4740,"date":"2018-04-05T16:44:49","date_gmt":"2018-04-05T14:44:49","guid":{"rendered":"https:\/\/2014-2020.poctefa.eu\/fr\/?page_id=4740"},"modified":"2021-04-15T10:00:01","modified_gmt":"2021-04-15T08:00:01","slug":"aides-d-etat-et-minimis","status":"publish","type":"page","link":"https:\/\/2014-2020.poctefa.eu\/fr\/appels-a-projets\/2eme-appel\/aides-d-etat-et-minimis\/","title":{"rendered":"Aides d&rsquo;\u00c9tat et Minimis"},"content":{"rendered":"<div class=\"fusion-one-full fusion-layout-column fusion-column-last fusion-spacing-yes\" style=\"margin-top:0px;margin-bottom:20px;\"><div class=\"fusion-column-wrapper\"><p>Les donn\u00e9es des b\u00e9n\u00e9ficiaires et des projets programm\u00e9s dans le deuxi\u00e8me appel \u00e0\u00a0 projets du Programme\u00a0INTERREG V-A Espagne-France-Andorre POCTEFA 2014-2020, et auxquels le Programme a\u00a0 attribu\u00e9 une aide d\u2019Etat ou une aide De Minimis sont les suivants:<\/p>\n<div class=\"fusion-clearfix\"><\/div><\/div><\/div><div class=\"fusion-clearfix\"><\/div><div class=\"fusion-one-full fusion-layout-column fusion-column-last fusion-spacing-yes table-ayuda\" style=\"margin-top:0px;margin-bottom:20px;\"><div class=\"fusion-column-wrapper\"><table style=\"height: 1466px;\">\n<tbody>\n<tr style=\"background-color: #9e9e9e6b;\">\n<td width=\"80\"><b>Axe<\/b><\/td>\n<td width=\"137\"><strong>Acronyme<\/strong><\/td>\n<td width=\"133\"><strong>Projet<\/strong><\/td>\n<td width=\"501\"><strong>B\u00e9n\u00e9ficiaire<\/strong><\/td>\n<td width=\"133\"><strong>Pays<\/strong><\/td>\n<td width=\"133\"><strong>Aide d&rsquo;\u00c9tat\u00a0ou de Minimis<\/strong><\/td>\n<\/tr>\n<tr>\n<td width=\"80\">1<\/td>\n<td width=\"137\">REDPRION<\/td>\n<td width=\"133\">EFA148\/16<\/td>\n<td width=\"501\">ATLAS MOLECULAR PHARMA S.L.<\/td>\n<td width=\"133\">Espa\u00f1a<\/td>\n<td width=\"133\">art 25<\/td>\n<\/tr>\n<tr>\n<td width=\"80\">1<\/td>\n<td width=\"137\">OUTBIOTICS<\/td>\n<td width=\"133\">EFA183\/16<\/td>\n<td width=\"501\">Pyr\u00e9n\u00e9es Services IndustriePSI<\/td>\n<td width=\"133\">France<\/td>\n<td width=\"133\">art 25<\/td>\n<\/tr>\n<tr>\n<td width=\"80\">1<\/td>\n<td width=\"137\">OUTBIOTICS<\/td>\n<td width=\"133\">EFA183\/16<\/td>\n<td width=\"501\">Universidad de Lleida &#8211; UdL<\/td>\n<td width=\"133\">Espa\u00f1a<\/td>\n<td width=\"133\">art 25<\/td>\n<\/tr>\n<tr>\n<td width=\"80\">1<\/td>\n<td width=\"137\">OUTBIOTICS<\/td>\n<td width=\"133\">EFA183\/16<\/td>\n<td width=\"501\">Universidad de Zaragoza &#8211; UNIZAR<\/td>\n<td width=\"133\">Espa\u00f1a<\/td>\n<td width=\"133\">art 25<\/td>\n<\/tr>\n<tr>\n<td width=\"80\">1<\/td>\n<td width=\"137\">OUTBIOTICS<\/td>\n<td width=\"133\">EFA183\/16<\/td>\n<td width=\"501\">NAVARRA DE INFRAESTRUCTURAS LOCALES -NILSA<\/td>\n<td width=\"133\">Espa\u00f1a<\/td>\n<td width=\"133\">art 25<\/td>\n<\/tr>\n<tr>\n<td width=\"80\">1<\/td>\n<td width=\"137\">OUTBIOTICS<\/td>\n<td width=\"133\">EFA183\/16<\/td>\n<td width=\"501\">LABORATORIOS ENOSAN S.L. &#8211; ENOSAN<\/td>\n<td width=\"133\">Espa\u00f1a<\/td>\n<td width=\"133\">art 25<\/td>\n<\/tr>\n<tr>\n<td width=\"80\">1<\/td>\n<td width=\"137\">OUTBIOTICS<\/td>\n<td width=\"133\">EFA183\/16<\/td>\n<td width=\"501\">UNIVERSIDAD DE NAVARRA &#8211; UNAV<\/td>\n<td width=\"133\">Espa\u00f1a<\/td>\n<td width=\"133\">art 25<\/td>\n<\/tr>\n<tr>\n<td width=\"80\">1<\/td>\n<td width=\"137\">OUTBIOTICS<\/td>\n<td width=\"133\">EFA183\/16<\/td>\n<td width=\"501\">Centre National de la Recherche Scientifique &#8211; CNRS<\/td>\n<td width=\"133\">France<\/td>\n<td width=\"133\">art 25<\/td>\n<\/tr>\n<tr>\n<td width=\"80\">1<\/td>\n<td width=\"137\">PALVIP<\/td>\n<td width=\"133\">EFA182\/16<\/td>\n<td width=\"501\">Universit\u00e9 de Perpignan Via Domitia &#8211; UPVD<\/td>\n<td width=\"133\">France<\/td>\n<td width=\"133\">art 25<\/td>\n<\/tr>\n<tr>\n<td width=\"80\">1<\/td>\n<td width=\"137\">PALVIP<\/td>\n<td width=\"133\">EFA182\/16<\/td>\n<td width=\"501\">Futureco Bioscience &#8211; FBIO<\/td>\n<td width=\"133\">Espa\u00f1a<\/td>\n<td width=\"133\">art 25<\/td>\n<\/tr>\n<tr>\n<td width=\"80\">1<\/td>\n<td width=\"137\">PALVIP<\/td>\n<td width=\"133\">EFA182\/16<\/td>\n<td width=\"501\">UNIVERSITAT DE GIRONA &#8211; UdG<\/td>\n<td width=\"133\">Espa\u00f1a<\/td>\n<td width=\"133\">art 25<\/td>\n<\/tr>\n<tr>\n<td width=\"80\">1<\/td>\n<td width=\"137\">BIOPLAST<\/td>\n<td width=\"133\">EFA253\/16<\/td>\n<td width=\"501\">UNIVERSITAT DE GIRONA &#8211; UdG<\/td>\n<td width=\"133\">Espa\u00f1a<\/td>\n<td width=\"133\">art 25<\/td>\n<\/tr>\n<tr>\n<td width=\"80\">1<\/td>\n<td width=\"137\">BIOPLAST<\/td>\n<td width=\"133\">EFA253\/16<\/td>\n<td width=\"501\">UNIVERSITAT DE LLEIDA &#8211; UdL<\/td>\n<td width=\"133\">Espa\u00f1a<\/td>\n<td width=\"133\">art 25<\/td>\n<\/tr>\n<tr>\n<td width=\"80\">1<\/td>\n<td width=\"137\">BIOPLAST<\/td>\n<td width=\"133\">EFA253\/16<\/td>\n<td width=\"501\">CATAR-CRITT Agroressources &#8211; CATAR<\/td>\n<td width=\"133\">France<\/td>\n<td width=\"133\">art 25<\/td>\n<\/tr>\n<tr>\n<td width=\"80\">1<\/td>\n<td width=\"137\">BIOPLAST<\/td>\n<td width=\"133\">EFA253\/16<\/td>\n<td width=\"501\">FUNDACI\u00d3N GAIKERGAIKER<\/td>\n<td width=\"133\">Espa\u00f1a<\/td>\n<td width=\"133\">art 25<\/td>\n<\/tr>\n<tr>\n<td width=\"80\">1<\/td>\n<td width=\"137\">BIOPLAST<\/td>\n<td width=\"133\">EFA253\/16<\/td>\n<td width=\"501\">Laboratoire d&rsquo;ing\u00e9nierie des Syst\u00e8mes Biologiques et des Proc\u00e9d\u00e9s &#8211; Institut National des Sciences Appliqu\u00e9es &#8211; LISBP &#8211; INSA<\/td>\n<td width=\"133\">France<\/td>\n<td width=\"133\">art 25<\/td>\n<\/tr>\n<tr>\n<td width=\"80\">1<\/td>\n<td width=\"137\">BIOPLAST<\/td>\n<td width=\"133\">EFA253\/16<\/td>\n<td width=\"501\">ASSOCIATION POUR L&rsquo;ENVIRONNEMENT ET LA S\u00c9CURIT\u00c9 EN AQUITAINE &#8211; APESA<\/td>\n<td width=\"133\">France<\/td>\n<td width=\"133\">art 25<\/td>\n<\/tr>\n<tr>\n<td width=\"80\">1<\/td>\n<td width=\"137\">PYRENART<\/td>\n<td width=\"133\">EFA278\/16<\/td>\n<td width=\"501\">Association pour le D\u00e9veloppement et l&rsquo;Action Culturelle de Foix de l&rsquo;Ari\u00e8ge<\/td>\n<td width=\"133\">France<\/td>\n<td width=\"133\">art 53<\/td>\n<\/tr>\n<tr>\n<td width=\"80\">1<\/td>\n<td width=\"137\">PYRENART<\/td>\n<td width=\"133\">EFA278\/16<\/td>\n<td width=\"501\">Bit\u00f2 Produccions S.L. &#8211; Bit\u00f2<\/td>\n<td width=\"133\">Espa\u00f1a<\/td>\n<td width=\"133\">art 53<\/td>\n<\/tr>\n<tr>\n<td width=\"80\">1<\/td>\n<td width=\"137\">PYRENART<\/td>\n<td width=\"133\">EFA278\/16<\/td>\n<td width=\"501\">CIRCa, P\u00f4le National Cirque, Auch Gers Occitanie &#8211; CIRCa<\/td>\n<td width=\"133\">France<\/td>\n<td width=\"133\">art 53<\/td>\n<\/tr>\n<tr>\n<td width=\"80\">1<\/td>\n<td width=\"137\">PYRENART<\/td>\n<td width=\"133\">EFA278\/16<\/td>\n<td width=\"501\">Le Parvis, sc\u00e8ne nationale Tarbes Pyr\u00e9n\u00e9es &#8211; Le Parvis<\/td>\n<td width=\"133\">France<\/td>\n<td width=\"133\">art 53<\/td>\n<\/tr>\n<tr>\n<td width=\"80\">1<\/td>\n<td width=\"137\">PYRENART<\/td>\n<td width=\"133\">EFA278\/16<\/td>\n<td width=\"501\">Patronato Municipal de Artes Esc\u00e9nicas y de la Imagen de Zaragoza &#8211; PMAEI<\/td>\n<td width=\"133\">Espa\u00f1a<\/td>\n<td width=\"133\">art 53<\/td>\n<\/tr>\n<tr>\n<td width=\"80\">1<\/td>\n<td width=\"137\">PYRENART<\/td>\n<td width=\"133\">EFA278\/16<\/td>\n<td width=\"501\">R\u00e9seau en sc\u00e8ne Languedoc-Rousillon<\/td>\n<td width=\"133\">France<\/td>\n<td width=\"133\">art 53<\/td>\n<\/tr>\n<tr>\n<td width=\"80\">1<\/td>\n<td width=\"137\">PYRENART<\/td>\n<td width=\"133\">EFA278\/16<\/td>\n<td width=\"501\">Escuela Navarra de Teatro (el colectivo) ENT\/NAE<\/td>\n<td width=\"133\">Espa\u00f1a<\/td>\n<td width=\"133\">art 53<\/td>\n<\/tr>\n<tr>\n<td width=\"80\">1<\/td>\n<td width=\"137\">PYRENART<\/td>\n<td width=\"133\">EFA278\/16<\/td>\n<td width=\"501\">Ayuntamiento de Bilbao<\/td>\n<td width=\"133\">Espa\u00f1a<\/td>\n<td width=\"133\">art 53<\/td>\n<\/tr>\n<tr>\n<td width=\"80\">1<\/td>\n<td width=\"137\">PYRENART<\/td>\n<td width=\"133\">EFA278\/16<\/td>\n<td width=\"501\">Office Artistique de la R\u00e9gion Aquitaine &#8211; OARA<\/td>\n<td width=\"133\">France<\/td>\n<td width=\"133\">De Minimis<\/td>\n<\/tr>\n<tr>\n<td width=\"80\">1<\/td>\n<td width=\"137\">SPAGYRIA<\/td>\n<td width=\"133\">EFA188\/16<\/td>\n<td width=\"501\">ELKARKIDE S.L.<\/td>\n<td width=\"133\">Espa\u00f1a<\/td>\n<td width=\"133\">art 25<\/td>\n<\/tr>\n<tr>\n<td width=\"80\">1<\/td>\n<td width=\"137\">SPAGYRIA<\/td>\n<td width=\"133\">EFA188\/16<\/td>\n<td width=\"501\">UNIVERSIDAD DE ZARAGOZA &#8211; UNIZAR<\/td>\n<td width=\"133\">Espa\u00f1a<\/td>\n<td width=\"133\">art 25<\/td>\n<\/tr>\n<tr>\n<td width=\"80\">1<\/td>\n<td width=\"137\">SPAGYRIA<\/td>\n<td width=\"133\">EFA188\/16<\/td>\n<td width=\"501\">ASOCIACI\u00d3N TUTELAR ASISTENCIAL DEFICIENTES PS\u00cdQUICOS &#8211; ATADES HUESCA<\/td>\n<td width=\"133\">Espa\u00f1a<\/td>\n<td width=\"133\">art 25<\/td>\n<\/tr>\n<tr>\n<td width=\"80\">1<\/td>\n<td width=\"137\">SPAGYRIA<\/td>\n<td width=\"133\">EFA188\/16<\/td>\n<td width=\"501\">FUNDACI\u00d3N\u00a0ASISTENCIAL ATADES HUESCA<\/td>\n<td width=\"133\">Espa\u00f1a<\/td>\n<td width=\"133\">art 25<\/td>\n<\/tr>\n<tr>\n<td width=\"80\">1<\/td>\n<td width=\"137\">SPAGYRIA<\/td>\n<td width=\"133\">EFA188\/16<\/td>\n<td width=\"501\">MEDES<\/td>\n<td width=\"133\">France<\/td>\n<td width=\"133\">art 25<\/td>\n<\/tr>\n<tr>\n<td width=\"80\">1<\/td>\n<td width=\"137\">SMART<\/td>\n<td width=\"133\">EFA153\/16<\/td>\n<td width=\"501\">METALLICADOUR<\/td>\n<td width=\"133\">France<\/td>\n<td width=\"133\">art 25<\/td>\n<\/tr>\n<tr>\n<td width=\"80\">1<\/td>\n<td width=\"137\">SMART<\/td>\n<td width=\"133\">EFA153\/16<\/td>\n<td width=\"501\">INGENIA-CAT S.L.<\/td>\n<td width=\"133\">Espa\u00f1a<\/td>\n<td width=\"133\">art 25<\/td>\n<\/tr>\n<tr>\n<td width=\"80\">1<\/td>\n<td width=\"137\">SMART<\/td>\n<td width=\"133\">EFA153\/16<\/td>\n<td width=\"501\">Instituto Tecnol\u00f3gico de Arag\u00f3n &#8211; ITAINNOVA<\/td>\n<td width=\"133\">Espa\u00f1a<\/td>\n<td width=\"133\">art 25<\/td>\n<\/tr>\n<tr>\n<td width=\"80\">1<\/td>\n<td width=\"137\">SMART<\/td>\n<td width=\"133\">EFA153\/16<\/td>\n<td width=\"501\">Universitat Polit\u00e8cnica de Catalunya &#8211; UPC<\/td>\n<td width=\"133\">Espa\u00f1a<\/td>\n<td width=\"133\">art 25<\/td>\n<\/tr>\n<tr>\n<td width=\"80\">1<\/td>\n<td width=\"137\">SMART<\/td>\n<td width=\"133\">EFA153\/16<\/td>\n<td width=\"501\">\u00c9cole Nationale d&rsquo;Ing\u00e9nieurs de Tarbes -ENIT<\/td>\n<td width=\"133\">France<\/td>\n<td width=\"133\">art 25<\/td>\n<\/tr>\n<tr>\n<td width=\"80\">1<\/td>\n<td width=\"137\">DBS<\/td>\n<td width=\"133\">EFA176\/16<\/td>\n<td width=\"501\">Centre National de la Recherche Scientifique D\u00e9l\u00e9gation Aquitaine &#8211; CNRS<\/td>\n<td width=\"133\">France<\/td>\n<td width=\"133\">art 25<\/td>\n<\/tr>\n<tr>\n<td width=\"80\">1<\/td>\n<td width=\"137\">DBS<\/td>\n<td width=\"133\">EFA176\/16<\/td>\n<td width=\"501\">Instituto de Investigaci\u00f3n Sanitaria Arag\u00f3n &#8211; IIS Arag\u00f3n<\/td>\n<td width=\"133\">Espa\u00f1a<\/td>\n<td width=\"133\">art 25<\/td>\n<\/tr>\n<tr>\n<td width=\"80\">1<\/td>\n<td width=\"137\">DBS<\/td>\n<td width=\"133\">EFA176\/16<\/td>\n<td width=\"501\">UNIVERSIDAD DE ZARAGOZA &#8211; UNIZAR<\/td>\n<td width=\"133\">Espa\u00f1a<\/td>\n<td width=\"133\">art 25<\/td>\n<\/tr>\n<tr>\n<td width=\"80\">1<\/td>\n<td width=\"137\">TNSI<\/td>\n<td width=\"133\">EFA194\/16<\/td>\n<td width=\"501\">Graphene Nanotech &#8211; SLGPNT<\/td>\n<td width=\"133\">Espa\u00f1a<\/td>\n<td width=\"133\">art 25<\/td>\n<\/tr>\n<tr>\n<td width=\"80\">1<\/td>\n<td width=\"137\">TNSI<\/td>\n<td width=\"133\">EFA194\/16<\/td>\n<td width=\"501\">ISP SYSTEMISP SYSTEM<\/td>\n<td width=\"133\">France<\/td>\n<td width=\"133\">art 25<\/td>\n<\/tr>\n<tr>\n<td width=\"80\">1<\/td>\n<td width=\"137\">TNSI<\/td>\n<td width=\"133\">EFA194\/16<\/td>\n<td width=\"501\">UNIVERSIDAD DE ZARAGOZA &#8211; UNIZAR<\/td>\n<td width=\"133\">Espa\u00f1a<\/td>\n<td width=\"133\">art 25<\/td>\n<\/tr>\n<tr>\n<td width=\"80\">1<\/td>\n<td width=\"137\">TNSI<\/td>\n<td width=\"133\">EFA194\/16<\/td>\n<td width=\"501\">Centre National de la Recherche Scientifique &#8211; CNRS<\/td>\n<td width=\"133\">France<\/td>\n<td width=\"133\">art 25<\/td>\n<\/tr>\n<tr>\n<td width=\"80\">1<\/td>\n<td width=\"137\">TNSI<\/td>\n<td width=\"133\">EFA194\/16<\/td>\n<td width=\"501\">BIHURCRYSTAL S.L. &#8211; BIHUR<\/td>\n<td width=\"133\">Espa\u00f1a<\/td>\n<td width=\"133\">art 25<\/td>\n<\/tr>\n<tr>\n<td width=\"80\">1<\/td>\n<td width=\"137\">TNSI<\/td>\n<td width=\"133\">EFA194\/16<\/td>\n<td width=\"501\">Consorcio para la Construcci\u00f3n, Equipamiento y Explotaci\u00f3n del Laboratorio de Luz Sincrot\u00f3n &#8211; CELLS<\/td>\n<td width=\"133\">Espa\u00f1a<\/td>\n<td width=\"133\">art 25<\/td>\n<\/tr>\n<tr>\n<td width=\"80\">1<\/td>\n<td width=\"137\">TNSI<\/td>\n<td width=\"133\">EFA194\/16<\/td>\n<td width=\"501\">Agencia Estatal Consejo Superior Investigaciones Cient\u00edficas &#8211; CSIC<\/td>\n<td width=\"133\">Espa\u00f1a<\/td>\n<td width=\"133\">art 25<\/td>\n<\/tr>\n<tr>\n<td width=\"80\">1<\/td>\n<td width=\"137\">TNSI<\/td>\n<td width=\"133\">EFA194\/16<\/td>\n<td width=\"501\">Fundaci\u00f3 Institut Catal\u00e0 de Nanoci\u00e8ncia i Nanotecnologia &#8211; CN2<\/td>\n<td width=\"133\">Espa\u00f1a<\/td>\n<td width=\"133\">art 25<\/td>\n<\/tr>\n<tr>\n<td width=\"80\">1<\/td>\n<td width=\"137\">TESTACOS<\/td>\n<td width=\"133\">EFA152\/16<\/td>\n<td width=\"501\">Universit\u00e9 de Perpignan Via Domitia &#8211; UPVD<\/td>\n<td width=\"133\">France<\/td>\n<td width=\"133\">art 25<\/td>\n<\/tr>\n<tr>\n<td width=\"80\">1<\/td>\n<td width=\"137\">TESTACOS<\/td>\n<td width=\"133\">EFA152\/16<\/td>\n<td width=\"501\">Zeulab S.L.<\/td>\n<td width=\"133\">Espa\u00f1a<\/td>\n<td width=\"133\">art 25<\/td>\n<\/tr>\n<tr>\n<td width=\"80\">1<\/td>\n<td width=\"137\">TESTACOS<\/td>\n<td width=\"133\">EFA152\/16<\/td>\n<td width=\"501\">Universidad de Zaragoza &#8211; Instituto Agroalimentario de Arag\u00f3n &#8211; UNIZAR-IA2<\/td>\n<td width=\"133\">Espa\u00f1a<\/td>\n<td width=\"133\">art 25<\/td>\n<\/tr>\n<tr>\n<td width=\"80\">1<\/td>\n<td width=\"137\">TESTACOS<\/td>\n<td width=\"133\">EFA152\/16<\/td>\n<td width=\"501\">BIOSENTEC SABIOSENTEC<\/td>\n<td width=\"133\">France<\/td>\n<td width=\"133\">art 25<\/td>\n<\/tr>\n<tr>\n<td width=\"80\">1<\/td>\n<td width=\"137\">QUALITY_PINEA<\/td>\n<td width=\"133\">EFA221\/16<\/td>\n<td width=\"501\">Forestal de Catalunya, SCCL Serveis Forestals<\/td>\n<td width=\"133\">Espa\u00f1a<\/td>\n<td width=\"133\">art 25<\/td>\n<\/tr>\n<tr>\n<td width=\"80\">1<\/td>\n<td width=\"137\">IMLINFO<\/td>\n<td width=\"133\">EFA281\/16<\/td>\n<td width=\"501\">Consorci Institut d&rsquo;Investigacions Biom\u00e8diques August Pi i Sunyer<\/td>\n<td width=\"133\">Espa\u00f1a<\/td>\n<td width=\"133\">art 25<\/td>\n<\/tr>\n<tr>\n<td width=\"80\">1<\/td>\n<td width=\"137\">IMLINFO<\/td>\n<td width=\"133\">EFA281\/16<\/td>\n<td width=\"501\">Palobiofarma<\/td>\n<td width=\"133\">Espa\u00f1a<\/td>\n<td width=\"133\">art 25<\/td>\n<\/tr>\n<tr>\n<td width=\"80\">1<\/td>\n<td width=\"137\">IMLINFO<\/td>\n<td width=\"133\">EFA281\/16<\/td>\n<td width=\"501\">Institut National de la Sant\u00e9 et de la Recherche Medicale<\/td>\n<td width=\"133\">France<\/td>\n<td width=\"133\">art 25<\/td>\n<\/tr>\n<tr>\n<td width=\"80\">1<\/td>\n<td width=\"137\">IMLINFO<\/td>\n<td width=\"133\">EFA281\/16<\/td>\n<td width=\"501\">IMACTIV-3D<\/td>\n<td width=\"133\">France<\/td>\n<td width=\"133\">art 25<\/td>\n<\/tr>\n<tr>\n<td width=\"80\">1<\/td>\n<td width=\"137\">IMLINFO<\/td>\n<td width=\"133\">EFA281\/16<\/td>\n<td width=\"501\">Institut d&rsquo;Investigaci\u00f3 Biom\u00e8dica de Girona Dr. Josep Trueta<\/td>\n<td width=\"133\">Espa\u00f1a<\/td>\n<td width=\"133\">art 25<\/td>\n<\/tr>\n<tr>\n<td width=\"80\">3<\/td>\n<td width=\"137\">PATRIM+<\/td>\n<td width=\"133\">EFA251\/16<\/td>\n<td width=\"501\">Uni\u00f3n Temporal de Empresas &#8211; ZIUMUTE ZIUM<\/td>\n<td width=\"133\">Espa\u00f1a<\/td>\n<td width=\"133\">De Minimis<\/td>\n<\/tr>\n<tr>\n<td width=\"80\">3<\/td>\n<td width=\"137\">PATRIM+<\/td>\n<td width=\"133\">EFA251\/16<\/td>\n<td width=\"501\">K6 Gestion Cultural SL<\/td>\n<td width=\"133\">Espa\u00f1a<\/td>\n<td width=\"133\">De Minimis<\/td>\n<\/tr>\n<tr>\n<td width=\"80\">3<\/td>\n<td width=\"137\">DUSAL<\/td>\n<td width=\"133\">EFA155\/16<\/td>\n<td width=\"501\">ASOCIACI\u00d3N EMPRESARIAL ZONA ZERO<\/td>\n<td width=\"133\">Espa\u00f1a<\/td>\n<td width=\"133\">De Minimis<\/td>\n<\/tr>\n<\/tbody>\n<\/table>\n<div class=\"fusion-clearfix\"><\/div><\/div><\/div><div class=\"fusion-clearfix\"><\/div>\n","protected":false},"excerpt":{"rendered":"<p><a href=\"https:\/\/2014-2020.poctefa.eu\/fr\/appels-a-projets\/2eme-appel\/aides-d-etat-et-minimis\/\">Voir plus<\/a><\/p>\n","protected":false},"author":4,"featured_media":0,"parent":472,"menu_order":3,"comment_status":"closed","ping_status":"closed","template":"","meta":[],"_links":{"self":[{"href":"https:\/\/2014-2020.poctefa.eu\/fr\/wp-json\/wp\/v2\/pages\/4740"}],"collection":[{"href":"https:\/\/2014-2020.poctefa.eu\/fr\/wp-json\/wp\/v2\/pages"}],"about":[{"href":"https:\/\/2014-2020.poctefa.eu\/fr\/wp-json\/wp\/v2\/types\/page"}],"author":[{"embeddable":true,"href":"https:\/\/2014-2020.poctefa.eu\/fr\/wp-json\/wp\/v2\/users\/4"}],"replies":[{"embeddable":true,"href":"https:\/\/2014-2020.poctefa.eu\/fr\/wp-json\/wp\/v2\/comments?post=4740"}],"version-history":[{"count":9,"href":"https:\/\/2014-2020.poctefa.eu\/fr\/wp-json\/wp\/v2\/pages\/4740\/revisions"}],"predecessor-version":[{"id":7689,"href":"https:\/\/2014-2020.poctefa.eu\/fr\/wp-json\/wp\/v2\/pages\/4740\/revisions\/7689"}],"up":[{"embeddable":true,"href":"https:\/\/2014-2020.poctefa.eu\/fr\/wp-json\/wp\/v2\/pages\/472"}],"wp:attachment":[{"href":"https:\/\/2014-2020.poctefa.eu\/fr\/wp-json\/wp\/v2\/media?parent=4740"}],"curies":[{"name":"wp","href":"https:\/\/api.w.org\/{rel}","templated":true}]}}