{"id":477,"date":"2015-11-16T09:16:54","date_gmt":"2015-11-16T08:16:54","guid":{"rendered":"https:\/\/2014-2020.poctefa.eu\/fr\/?page_id=477"},"modified":"2021-03-01T10:53:12","modified_gmt":"2021-03-01T09:53:12","slug":"programme","status":"publish","type":"page","link":"https:\/\/2014-2020.poctefa.eu\/fr\/documentation\/programme\/","title":{"rendered":"Programme"},"content":{"rendered":"<p>La Commission Europ\u00e9enne a approuv\u00e9 le Programme INTERREG V &#8211; A Espagne-France-Andorre (POCTEFA 2014-2020) le 19 mai 2015.\u00a0Une deuxi\u00e8me version a \u00e9t\u00e9 approuv\u00e9e le 17 aout 2016 et <strong><a href=\"https:\/\/2014-2020.poctefa.eu\/wp-content\/uploads\/2020\/10\/POCTEFA_Approuv\u00e9_20200403version-3.0-FR.pdf\" target=\"_blank\">une troisi\u00e8me versiona a \u00e9t\u00e9 approuv\u00e9e le 3 avril 2020<\/a>.<\/strong> Dans les deux versions, les indicateurs ont \u00e9t\u00e9 mis \u00e0 jour.<\/p>\n<p>T\u00e9l\u00e9chargez un r\u00e9sum\u00e9 du Programme <strong><a href=\"https:\/\/2014-2020.poctefa.eu\/wp-content\/uploads\/2018\/03\/16-2-18-FR-FOLLETO-POCTEFA-2018.pdf\" target=\"_blank\">ici<\/a>.<\/strong><\/p>\n<p>Vous trouverez ci-dessous la version d\u00e9finitive du Programme INTERREG V &#8211; A Espagne-France-Andorre 2014-2020 et ses annexes :<\/p>\n<ul>\n<li><strong><a href=\"https:\/\/2014-2020.poctefa.eu\/wp-content\/uploads\/2020\/10\/POCTEFA_Approuv\u00e9_20200403version-3.0-FR.pdf\">Version d\u00e9finitive du Programme<\/a><\/strong><\/li>\n<\/ul>\n<ul>\n<li><a href=\"https:\/\/2014-2020.poctefa.eu\/wp-content\/uploads\/2015\/11\/Annexe-1-Note-explicative-concernant-lintegration-des-observations-de-la-CE_transmis-CE-Mars-2015_FR.pdf\" target=\"_blank\">Annexe 1: Note explicative concernant l\u2019int\u00e9gration des observations de la Commission Europ\u00e9nne \u00e0 la proposition du Programme<\/a><\/li>\n<\/ul>\n<ul>\n<li><a href=\"https:\/\/2014-2020.poctefa.eu\/wp-content\/uploads\/2020\/06\/Annexe-2-BIS_Indicateurs_CadrePerformance_version-3_FR.pdf\" target=\"_blank\">Annexe 2: Indicateurs Cadre de Perfomance.<\/a><\/li>\n<\/ul>\n<ul>\n<li><a href=\"https:\/\/2014-2020.poctefa.eu\/wp-content\/uploads\/2020\/06\/Annexe-3-BIS_Ind-R\u00e9alisation_version-3_FR.pdf\" target=\"_blank\">Annexe 3: Indicateurs de r\u00e9alisation<\/a><\/li>\n<\/ul>\n<ul>\n<li><a href=\"https:\/\/2014-2020.poctefa.eu\/wp-content\/uploads\/2018\/05\/Annexe-4-BIS_-Ind-R\u00e9sultats_version-2-2-_FR.pdf\" target=\"_blank\">Annexe 4: Indicateurs de r\u00e9sultat<\/a><\/li>\n<\/ul>\n<ul>\n<li><a href=\"https:\/\/2014-2020.poctefa.eu\/wp-content\/uploads\/2015\/11\/Annexe-5-Liste-dobservations-de-la-consultation-publique-integrees_FR.pdf\" target=\"_blank\">Annexe 5: Liste d\u2019observations de la consultation publique int\u00e9gr\u00e9es dans la proposition du Programme<\/a><\/li>\n<\/ul>\n<ul>\n<li><a href=\"\/fr\/documentation\/evaluation-strategique-environnementale\/\" target=\"_blank\">Annexe 6: Evaluation strat\u00e9gique environnementale<\/a><\/li>\n<\/ul>\n<p>&nbsp;<\/p>\n","protected":false},"excerpt":{"rendered":"<p>La Commission Europ\u00e9enne a approuv\u00e9 le Programme INTERREG V &#8211; A Espagne-France-Andorre (POCTEFA 2014-2020) le 19 mai 2015.\u00a0Une deuxi\u00e8me version a \u00e9t\u00e9 approuv\u00e9e le 17 aout 2016 et <strong><a href=\"https:\/\/2014-2020.poctefa.eu\/wp-content\/uploads\/2020\/10\/POCTEFA_Approuv\u00e9_20200403version-3.0-FR.pdf\" target=\"_blank\">une troisi\u00e8me versiona a \u00e9t\u00e9 approuv\u00e9e le 3 avril 2020<\/a>.<\/strong><\/p>\n<p><a href=\"https:\/\/2014-2020.poctefa.eu\/fr\/documentation\/programme\/\">Voir plus<\/a><\/p>\n","protected":false},"author":1,"featured_media":0,"parent":379,"menu_order":1,"comment_status":"closed","ping_status":"closed","template":"","meta":[],"_links":{"self":[{"href":"https:\/\/2014-2020.poctefa.eu\/fr\/wp-json\/wp\/v2\/pages\/477"}],"collection":[{"href":"https:\/\/2014-2020.poctefa.eu\/fr\/wp-json\/wp\/v2\/pages"}],"about":[{"href":"https:\/\/2014-2020.poctefa.eu\/fr\/wp-json\/wp\/v2\/types\/page"}],"author":[{"embeddable":true,"href":"https:\/\/2014-2020.poctefa.eu\/fr\/wp-json\/wp\/v2\/users\/1"}],"replies":[{"embeddable":true,"href":"https:\/\/2014-2020.poctefa.eu\/fr\/wp-json\/wp\/v2\/comments?post=477"}],"version-history":[{"count":24,"href":"https:\/\/2014-2020.poctefa.eu\/fr\/wp-json\/wp\/v2\/pages\/477\/revisions"}],"predecessor-version":[{"id":7511,"href":"https:\/\/2014-2020.poctefa.eu\/fr\/wp-json\/wp\/v2\/pages\/477\/revisions\/7511"}],"up":[{"embeddable":true,"href":"https:\/\/2014-2020.poctefa.eu\/fr\/wp-json\/wp\/v2\/pages\/379"}],"wp:attachment":[{"href":"https:\/\/2014-2020.poctefa.eu\/fr\/wp-json\/wp\/v2\/media?parent=477"}],"curies":[{"name":"wp","href":"https:\/\/api.w.org\/{rel}","templated":true}]}}