{"id":479,"date":"2015-11-16T09:18:37","date_gmt":"2015-11-16T08:18:37","guid":{"rendered":"https:\/\/2014-2020.poctefa.eu\/fr\/?page_id=479"},"modified":"2020-05-04T08:53:19","modified_gmt":"2020-05-04T06:53:19","slug":"evaluation-strategique-environnementale","status":"publish","type":"page","link":"https:\/\/2014-2020.poctefa.eu\/fr\/documentation\/les-documents-relatifs-au-programme\/evaluation-strategique-environnementale\/","title":{"rendered":"Evaluation strat\u00e9gique environnementale"},"content":{"rendered":"<p><strong>\u00c9valuation strat\u00e9gique environnementale<\/strong><\/p>\n<p>Le <strong><a href=\"https:\/\/2014-2020.poctefa.eu\/wp-content\/uploads\/2015\/11\/Le-document-ci-joint-pre-rapport-de-lESE.pdf\" target=\"_blank\">document ci-joint, pr\u00e9-rapport de l\u2019ESE<\/a><\/strong>, est pr\u00e9sent\u00e9 avec les avis des Autorit\u00e9s Environnementales des R\u00e9gions d\u2019<strong><a href=\"https:\/\/2014-2020.poctefa.eu\/wp-content\/uploads\/2015\/11\/Aquitaine.pdf\" target=\"_blank\">Aquitaine<\/a><\/strong>, <strong><a href=\"https:\/\/2014-2020.poctefa.eu\/wp-content\/uploads\/2015\/11\/midi-pyrenees.pdf\" target=\"_blank\">Midi Pyr\u00e9n\u00e9es<\/a><\/strong> et <strong><a href=\"https:\/\/2014-2020.poctefa.eu\/wp-content\/uploads\/2015\/11\/languedoc-roussillon.pdf\" target=\"_blank\">Languedoc-Roussillon<\/a><\/strong>, incluses au sein du territoire du POCTEFA. Les remarques des 3 Autorit\u00e9s Environnementales, ainsi que les observations du publics, ont \u00e9t\u00e9 incorpor\u00e9es au document \u00e0 la fin de la consultation. L\u2019ensemble des observations \u00e9mises par les diff\u00e9rents intervenants ont \u00e9t\u00e9 donc prises en compte dans la r\u00e9daction du rapport d\u00e9finitif.<\/p>\n<p>L\u2019Evaluation Strat\u00e9gique Environnementale du Programme de Coop\u00e9ration Interreg V-A Espagne-France-Andorre 2014-2020 (POCTEFA) a \u00e9t\u00e9 disponible pour consultation publique entre le 22 ao\u00fbt et le 22 septembre 2014.<\/p>\n<p>Consultez ici les documents de l\u2019Evaluation Strat\u00e9gique Environnementale du Programme :<\/p>\n<ul>\n<li><strong><a href=\"https:\/\/2014-2020.poctefa.eu\/wp-content\/uploads\/2015\/11\/Rapport-Environnemental.pdf\" target=\"_blank\">Rapport Environnemental<\/a><\/strong><\/li>\n<li><strong><a href=\"https:\/\/2014-2020.poctefa.eu\/wp-content\/uploads\/2015\/11\/Resume-non-technique.pdf\" target=\"_blank\">R\u00e9sum\u00e9 non technique<\/a><\/strong><\/li>\n<li><strong><a href=\"https:\/\/2014-2020.poctefa.eu\/wp-content\/uploads\/2015\/11\/Description-de-la-procedure-elaboration-du-document.pdf\" target=\"_blank\">Description de la proc\u00e8dure d\u2019\u00e9laboration du document et des consultations<\/a><\/strong><\/li>\n<li><strong><a href=\"https:\/\/2014-2020.poctefa.eu\/wp-content\/uploads\/2015\/11\/Annexes.pdf\" target=\"_blank\">Annexes<\/a><\/strong><\/li>\n<li><strong><a href=\"https:\/\/2014-2020.poctefa.eu\/wp-content\/uploads\/2015\/11\/Integration-des-aspects-et-mesures-environnementales-dans-le-Programme.pdf\" target=\"_blank\">Int\u00e9gration des aspects et mesures environnementales dans le Programme de Coop\u00e9ration Territoriale Espagne-France-Andorre<\/a><\/strong><\/li>\n<\/ul>\n","protected":false},"excerpt":{"rendered":"<p><strong>\u00c9valuation strat\u00e9gique environnementale<\/strong><\/p>\n<p>Le <strong><a href=\"https:\/\/2014-2020.poctefa.eu\/wp-content\/uploads\/2015\/11\/Le-document-ci-joint-pre-rapport-de-lESE.pdf\" target=\"_blank\">document ci-joint, pr\u00e9-rapport de l\u2019ESE<\/a><\/strong>, est pr\u00e9sent\u00e9 avec les avis des Autorit\u00e9s Environnementales des R\u00e9gions d\u2019<strong><a href=\"https:\/\/2014-2020.poctefa.eu\/wp-content\/uploads\/2015\/11\/Aquitaine.pdf\" target=\"_blank\">Aquitaine<\/a><\/strong>, <strong><a href=\"https:\/\/2014-2020.poctefa.eu\/wp-content\/uploads\/2015\/11\/midi-pyrenees.pdf\" target=\"_blank\">Midi Pyr\u00e9n\u00e9es<\/a><\/strong> et <strong><a href=\"https:\/\/2014-2020.poctefa.eu\/wp-content\/uploads\/2015\/11\/languedoc-roussillon.pdf\" target=\"_blank\">Languedoc-Roussillon<\/a><\/strong>,<\/p>\n<p><a href=\"https:\/\/2014-2020.poctefa.eu\/fr\/documentation\/les-documents-relatifs-au-programme\/evaluation-strategique-environnementale\/\">Voir plus<\/a><\/p>\n","protected":false},"author":1,"featured_media":0,"parent":3647,"menu_order":1,"comment_status":"closed","ping_status":"closed","template":"","meta":[],"_links":{"self":[{"href":"https:\/\/2014-2020.poctefa.eu\/fr\/wp-json\/wp\/v2\/pages\/479"}],"collection":[{"href":"https:\/\/2014-2020.poctefa.eu\/fr\/wp-json\/wp\/v2\/pages"}],"about":[{"href":"https:\/\/2014-2020.poctefa.eu\/fr\/wp-json\/wp\/v2\/types\/page"}],"author":[{"embeddable":true,"href":"https:\/\/2014-2020.poctefa.eu\/fr\/wp-json\/wp\/v2\/users\/1"}],"replies":[{"embeddable":true,"href":"https:\/\/2014-2020.poctefa.eu\/fr\/wp-json\/wp\/v2\/comments?post=479"}],"version-history":[{"count":6,"href":"https:\/\/2014-2020.poctefa.eu\/fr\/wp-json\/wp\/v2\/pages\/479\/revisions"}],"predecessor-version":[{"id":6749,"href":"https:\/\/2014-2020.poctefa.eu\/fr\/wp-json\/wp\/v2\/pages\/479\/revisions\/6749"}],"up":[{"embeddable":true,"href":"https:\/\/2014-2020.poctefa.eu\/fr\/wp-json\/wp\/v2\/pages\/3647"}],"wp:attachment":[{"href":"https:\/\/2014-2020.poctefa.eu\/fr\/wp-json\/wp\/v2\/media?parent=479"}],"curies":[{"name":"wp","href":"https:\/\/api.w.org\/{rel}","templated":true}]}}