{"id":483,"date":"2015-11-16T09:22:10","date_gmt":"2015-11-16T08:22:10","guid":{"rendered":"https:\/\/2014-2020.poctefa.eu\/fr\/?page_id=483"},"modified":"2015-12-17T15:56:53","modified_gmt":"2015-12-17T14:56:53","slug":"reglementation","status":"publish","type":"page","link":"https:\/\/2014-2020.poctefa.eu\/fr\/documentation\/reglementation\/","title":{"rendered":"R\u00e8glementation"},"content":{"rendered":"<p><strong>R\u00e8glementation<\/strong><\/p>\n<ul>\n<li><a href=\"http:\/\/eur-lex.europa.eu\/legal-content\/ES\/TXT\/?uri=CELEX%3A32013R1299\" target=\"_blank\">R\u00e8glement\u00a0(UE) n\u00ba 1299\/2013 du Parlement Europ\u00e9en et du Conseil Europ\u00e9en<\/a><\/li>\n<\/ul>\n<ul>\n<li><a href=\"http:\/\/eur-lex.europa.eu\/legal-content\/ES\/TXT\/?uri=CELEX%3A32013R1301\" target=\"_blank\">R\u00e8glement\u00a0(UE) n\u00ba 1301\/2013\u00a0du\u00a0Parlement Europ\u00e9en et du Conseil Europ\u00e9en<\/a><\/li>\n<\/ul>\n<ul>\n<li><a href=\"http:\/\/eur-lex.europa.eu\/legal-content\/ES\/TXT\/?uri=CELEX%3A32013R1303\" target=\"_blank\">R\u00e8glement\u00a0(UE) n\u00b0 1303\/2013 du\u00a0Parlement Europ\u00e9en et du Conseil Europ\u00e9en<\/a><\/li>\n<\/ul>\n<ul>\n<li><a href=\"http:\/\/eur-lex.europa.eu\/legal-content\/ES\/TXT\/?uri=uriserv%3AOJ.L_.2014.138.01.0045.01.ENG\" target=\"_blank\">R\u00e9glement d\u00e9l\u00e9gu\u00e9 (UE) n\u00ba 481\/2014 de la Commission Europ\u00e9enne<\/a><\/li>\n<\/ul>\n<ul>\n<li><a href=\"http:\/\/eur-lex.europa.eu\/legal-content\/ES\/TXT\/?uri=CELEX%3A32014R0821&amp;qid=1406887409808\" target=\"_blank\">R\u00e8glement d&rsquo;\u00e9x\u00e9cution (UE) n\u00ba 821\/2014 de la Commission Europ\u00e9enne<\/a><\/li>\n<\/ul>\n<ul>\n<li><a href=\"http:\/\/eur-lex.europa.eu\/legal-content\/FR\/ALL\/?uri=CELEX%3A32014R0651\" target=\"_blank\">R\u00e8glement d&rsquo;\u00e9x\u00e9cution (UE) n\u00ba 651\/2014 de la Commission Europ\u00e9enne<\/a><\/li>\n<\/ul>\n","protected":false},"excerpt":{"rendered":"<p><strong>R\u00e8glementation<\/strong><\/p>\n<ul>\n<li><a href=\"http:\/\/eur-lex.europa.eu\/legal-content\/ES\/TXT\/?uri=CELEX%3A32013R1299\" target=\"_blank\">R\u00e8glement\u00a0(UE) n\u00ba 1299\/2013 du Parlement Europ\u00e9en et du Conseil Europ\u00e9en<\/a><\/li>\n<\/ul>\n<ul>\n<li><a href=\"http:\/\/eur-lex.europa.eu\/legal-content\/ES\/TXT\/?uri=CELEX%3A32013R1301\" target=\"_blank\">R\u00e8glement\u00a0(UE) n\u00ba 1301\/2013\u00a0du\u00a0Parlement Europ\u00e9en et du Conseil Europ\u00e9en<\/a><\/li>\n<\/ul>\n<ul>\n<li><a href=\"http:\/\/eur-lex.europa.eu\/legal-content\/ES\/TXT\/?uri=CELEX%3A32013R1303\" target=\"_blank\">R\u00e8glement\u00a0(UE) n\u00b0 1303\/2013 du\u00a0Parlement Europ\u00e9en et du Conseil Europ\u00e9en<\/a><\/li>\n<\/ul>\n<ul>\n<li><a href=\"http:\/\/eur-lex.europa.eu\/legal-content\/ES\/TXT\/?uri=uriserv%3AOJ.L_.2014.138.01.0045.01.ENG\" target=\"_blank\">R\u00e9glement d\u00e9l\u00e9gu\u00e9 (UE) n\u00ba 481\/2014 de la Commission Europ\u00e9enne<\/a><\/li>\n<\/ul>\n<ul>\n<li><a href=\"http:\/\/eur-lex.europa.eu\/legal-content\/ES\/TXT\/?uri=CELEX%3A32014R0821&amp;qid=1406887409808\" target=\"_blank\">R\u00e8glement d&rsquo;\u00e9x\u00e9cution (UE) n\u00ba 821\/2014 de la Commission Europ\u00e9enne<\/a><\/li>\n<\/ul>\n<ul>\n<li><a href=\"http:\/\/eur-lex.europa.eu\/legal-content\/FR\/ALL\/?uri=CELEX%3A32014R0651\" target=\"_blank\">R\u00e8glement d&rsquo;\u00e9x\u00e9cution (UE) n\u00ba 651\/2014 de la Commission Europ\u00e9enne<\/a><\/li>\n<\/ul>\n<p><a href=\"https:\/\/2014-2020.poctefa.eu\/fr\/documentation\/reglementation\/\">Voir plus<\/a><\/p>\n","protected":false},"author":1,"featured_media":0,"parent":379,"menu_order":4,"comment_status":"closed","ping_status":"closed","template":"","meta":[],"_links":{"self":[{"href":"https:\/\/2014-2020.poctefa.eu\/fr\/wp-json\/wp\/v2\/pages\/483"}],"collection":[{"href":"https:\/\/2014-2020.poctefa.eu\/fr\/wp-json\/wp\/v2\/pages"}],"about":[{"href":"https:\/\/2014-2020.poctefa.eu\/fr\/wp-json\/wp\/v2\/types\/page"}],"author":[{"embeddable":true,"href":"https:\/\/2014-2020.poctefa.eu\/fr\/wp-json\/wp\/v2\/users\/1"}],"replies":[{"embeddable":true,"href":"https:\/\/2014-2020.poctefa.eu\/fr\/wp-json\/wp\/v2\/comments?post=483"}],"version-history":[{"count":8,"href":"https:\/\/2014-2020.poctefa.eu\/fr\/wp-json\/wp\/v2\/pages\/483\/revisions"}],"predecessor-version":[{"id":1577,"href":"https:\/\/2014-2020.poctefa.eu\/fr\/wp-json\/wp\/v2\/pages\/483\/revisions\/1577"}],"up":[{"embeddable":true,"href":"https:\/\/2014-2020.poctefa.eu\/fr\/wp-json\/wp\/v2\/pages\/379"}],"wp:attachment":[{"href":"https:\/\/2014-2020.poctefa.eu\/fr\/wp-json\/wp\/v2\/media?parent=483"}],"curies":[{"name":"wp","href":"https:\/\/api.w.org\/{rel}","templated":true}]}}