{"id":485,"date":"2015-11-16T09:23:28","date_gmt":"2015-11-16T08:23:28","guid":{"rendered":"https:\/\/2014-2020.poctefa.eu\/fr\/?page_id=485"},"modified":"2019-06-05T10:34:31","modified_gmt":"2019-06-05T08:34:31","slug":"legislation","status":"publish","type":"page","link":"https:\/\/2014-2020.poctefa.eu\/fr\/documentation\/legislation\/","title":{"rendered":"Legislation"},"content":{"rendered":"<p><strong>Legislation<\/strong><\/p>\n<p><span style=\"color: #000099;\"><strong>Union Europ\u00e9enne<br \/>\n<\/strong><\/span><\/p>\n<p>La nouvelle R\u00e8glementation de la politique de coh\u00e9sion de l&rsquo;UE pour la p\u00e9riode 2014-2020 a obtenu l&rsquo;approbation officielle du Conseil de l&rsquo;Union europ\u00e9enne. Les nouveaux R\u00e8glements ont \u00e9t\u00e9 publi\u00e9s au Journal Officiel de l&rsquo;Union europ\u00e9enne le 20 d\u00e9cembre 2013.<\/p>\n<p>Les documents concernant la l\u00e9gislation peuvent \u00eatre t\u00e9l\u00e9charg\u00e9s en cliquant <a href=\"http:\/\/eur-lex.europa.eu\/JOHtml.do?uri=OJ:L:2013:347:SOM:FR:HTML\" target=\"_blank\">ici\u00a0<\/a>.<\/p>\n<p><span style=\"color: #000099;\"><strong>Espagne<\/strong><\/span><\/p>\n<ul>\n<li>Ley 38\/2003 General de Subvenciones. En cliquant <a href=\"https:\/\/2014-2020.poctefa.eu\/wp-content\/uploads\/2015\/11\/Ley-38-2003-General-de-subvenciones-txt-consolidado.pdf\" target=\"_blank\">ici.<\/a><\/li>\n<li>Ley 51\/2003 de igualdad de oportunidades, no discriminaci\u00f3n y accesibilidad universal de las personas con discapacidad. En cliquant\u00a0<a href=\"https:\/\/2014-2020.poctefa.eu\/wp-content\/uploads\/2015\/11\/Ley-51-2003-Igualdad-oportunidades-txt-consolidado.pdf\" target=\"_blank\">ici.<\/a><\/li>\n<li>Ley Org\u00e1nica 3\/2007 para la igualdad efectiva de mujeres y hombres. En cliquant\u00a0<a href=\"https:\/\/2014-2020.poctefa.eu\/wp-content\/uploads\/2015\/11\/Ley-3-2007-Igualdad-efectiva-hombres-y-mujeres-txt-consolidado.pdf\" target=\"_blank\">ici.<\/a><\/li>\n<li>Ley 42\/2007 del Patrimonio Natural y de la Biodiversidad. En cliquant\u00a0<a href=\"https:\/\/2014-2020.poctefa.eu\/wp-content\/uploads\/2015\/11\/Ley-42-2007-Patrimonio-natural-y-biodiversidad-txt-consolidado.pdf\" target=\"_blank\">ici.<\/a><\/li>\n<li>Ley 15\/2007 de Defensa de la Competencia. En cliquant\u00a0<a href=\"https:\/\/2014-2020.poctefa.eu\/wp-content\/uploads\/2015\/11\/Ley-15-2007-Defensa-de-la-competencia-txt-consolidado.pdf\" target=\"_blank\">ici.<\/a><\/li>\n<li>Ley 9\/2017, de 8 de noviembre, de Contratos del Sector P\u00fablico, por la que se transponen al ordenamiento jur\u00eddico espa\u00f1ol las Directivas del Parlamento Europeo y del Consejo 2014\/23\/UE y 2014\/24\/UE, de 26 de febrero de 2014. En cliquant\u00a0<a href=\"https:\/\/www.boe.es\/buscar\/act.php?id=BOE-A-2017-12902\" target=\"_blank\">ici.<\/a><\/li>\n<li>Ley 21\/2013 de evaluaci\u00f3n ambiental. En cliquant\u00a0<a href=\"https:\/\/2014-2020.poctefa.eu\/wp-content\/uploads\/2015\/11\/Ley-21-2013-Evaluacion-ambiental-txt-consolidado.pdf\" target=\"_blank\">ici.<\/a><\/li>\n<li>Real Decreto Legislativo 1\/2013 por el que se aprueba el Texto Refundido de la Ley General de derechos de las personas con discapacidad y de su inclusi\u00f3n social. En cliquant\u00a0<a href=\"https:\/\/2014-2020.poctefa.eu\/wp-content\/uploads\/2015\/11\/RDL-1-2013-Derechos-personas-con-discapacidad-txt-consolidado.pdf\" target=\"_blank\">ici.<\/a><\/li>\n<li>Ley 11\/2014 por la que se modifica la ley 26\/2007, de 23 de octubre, de Responsabilidad Medioambiental. En cliquant\u00a0<a href=\"https:\/\/2014-2020.poctefa.eu\/wp-content\/uploads\/2015\/11\/Ley-11-2014-Responsabilidad-medioambiental.pdf\" target=\"_blank\">ici.<\/a><\/li>\n<li>Real Decreto 773\/2015 por el que se modifican determinados preceptos del Reglamento General de la Ley de Contratos de las Administraciones P\u00fablicas, aprobado por el Real Decreto 1098\/2001. En cliquant\u00a0<a href=\"https:\/\/2014-2020.poctefa.eu\/wp-content\/uploads\/2015\/11\/RD-773-2015-contratos.pdf\" target=\"_blank\">ici.<\/a><\/li>\n<\/ul>\n<p><span style=\"color: #000099;\"><strong>France<br \/>\n<\/strong><\/span><\/p>\n<ul>\n<li><strong>D\u00e9cret d&rsquo;\u00e9ligibilit\u00e9<\/strong> n\u00ba2016-279 des d\u00e9penses fran\u00e7ais et son<strong> arr\u00eat\u00e9<\/strong> d&rsquo;ex\u00e9cution. En cliquant <a href=\"https:\/\/2014-2020.poctefa.eu\/wp-content\/uploads\/2016\/03\/2016_279_8mars_jo_pdf_d\u00e9cret_\u00e9ligibilit\u00e9.pdf\" target=\"_blank\">ici<\/a> et <a href=\"https:\/\/2014-2020.poctefa.eu\/wp-content\/uploads\/2016\/03\/jo_pdf_arr\u00eat\u00e9_\u00e9ligibilit\u00e9.pdf\" target=\"_blank\">ici<\/a>. Ces documents sont estin\u00e9s \u00e0 l&rsquo;usage des b\u00e9n\u00e9ficiaires fran\u00e7ais du programme 2014-2020. Toutefois, les r\u00e8gles d\u00b4\u00e9ligibilit\u00e9 du programme peuvent \u00eatre plus restrictives pour certaines typologies de d\u00e9penses.<\/li>\n<\/ul>\n","protected":false},"excerpt":{"rendered":"<p><strong>Legislation<\/strong><\/p>\n<p><span style=\"color: #000099;\"><strong>Union Europ\u00e9enne<br \/>\n<\/strong><\/span><\/p>\n<p>La nouvelle R\u00e8glementation de la politique de coh\u00e9sion de l&rsquo;UE pour la p\u00e9riode 2014-2020 a obtenu l&rsquo;approbation officielle du Conseil de l&rsquo;Union europ\u00e9enne. Les nouveaux R\u00e8glements ont \u00e9t\u00e9 publi\u00e9s au Journal Officiel de l&rsquo;Union europ\u00e9enne le 20 d\u00e9cembre 2013.<\/p>\n<p><a href=\"https:\/\/2014-2020.poctefa.eu\/fr\/documentation\/legislation\/\">Voir plus<\/a><\/p>\n","protected":false},"author":1,"featured_media":0,"parent":379,"menu_order":5,"comment_status":"closed","ping_status":"closed","template":"","meta":[],"_links":{"self":[{"href":"https:\/\/2014-2020.poctefa.eu\/fr\/wp-json\/wp\/v2\/pages\/485"}],"collection":[{"href":"https:\/\/2014-2020.poctefa.eu\/fr\/wp-json\/wp\/v2\/pages"}],"about":[{"href":"https:\/\/2014-2020.poctefa.eu\/fr\/wp-json\/wp\/v2\/types\/page"}],"author":[{"embeddable":true,"href":"https:\/\/2014-2020.poctefa.eu\/fr\/wp-json\/wp\/v2\/users\/1"}],"replies":[{"embeddable":true,"href":"https:\/\/2014-2020.poctefa.eu\/fr\/wp-json\/wp\/v2\/comments?post=485"}],"version-history":[{"count":11,"href":"https:\/\/2014-2020.poctefa.eu\/fr\/wp-json\/wp\/v2\/pages\/485\/revisions"}],"predecessor-version":[{"id":6018,"href":"https:\/\/2014-2020.poctefa.eu\/fr\/wp-json\/wp\/v2\/pages\/485\/revisions\/6018"}],"up":[{"embeddable":true,"href":"https:\/\/2014-2020.poctefa.eu\/fr\/wp-json\/wp\/v2\/pages\/379"}],"wp:attachment":[{"href":"https:\/\/2014-2020.poctefa.eu\/fr\/wp-json\/wp\/v2\/media?parent=485"}],"curies":[{"name":"wp","href":"https:\/\/api.w.org\/{rel}","templated":true}]}}