{"id":487,"date":"2015-11-16T09:23:46","date_gmt":"2015-11-16T08:23:46","guid":{"rendered":"https:\/\/2014-2020.poctefa.eu\/fr\/?page_id=487"},"modified":"2017-02-03T11:40:55","modified_gmt":"2017-02-03T10:40:55","slug":"strategie-de-communication","status":"publish","type":"page","link":"https:\/\/2014-2020.poctefa.eu\/fr\/documentation\/les-documents-relatifs-au-programme\/strategie-de-communication\/","title":{"rendered":"Strat\u00e9gie de communication"},"content":{"rendered":"<p>Le Comit\u00e9 de Suivi a approuv\u00e9 la strat\u00e9gie de communication pour le Programme Interreg V-A Espagne-France-Andorre (POCTEFA 2014-2020) le 2 d\u00e9cembre 2015.<\/p>\n<p>Consultez la strat\u00e9gie <a href=\"https:\/\/2014-2020.poctefa.eu\/wp-content\/uploads\/2016\/02\/Strategie-de-Comunication-FR-POCTEFA-2014_2020.pdf\" target=\"_blank\">ici<\/a>.<\/p>\n","protected":false},"excerpt":{"rendered":"<p>Le Comit\u00e9 de Suivi a approuv\u00e9 la strat\u00e9gie de communication pour le Programme Interreg V-A Espagne-France-Andorre (POCTEFA 2014-2020) le 2 d\u00e9cembre 2015.<\/p>\n<p>Consultez la strat\u00e9gie <a href=\"https:\/\/2014-2020.poctefa.eu\/wp-content\/uploads\/2016\/02\/Strategie-de-Comunication-FR-POCTEFA-2014_2020.pdf\" target=\"_blank\">ici<\/a>.<\/p>\n<p><a href=\"https:\/\/2014-2020.poctefa.eu\/fr\/documentation\/les-documents-relatifs-au-programme\/strategie-de-communication\/\">Voir plus<\/a><\/p>\n","protected":false},"author":1,"featured_media":0,"parent":3647,"menu_order":2,"comment_status":"closed","ping_status":"closed","template":"","meta":[],"_links":{"self":[{"href":"https:\/\/2014-2020.poctefa.eu\/fr\/wp-json\/wp\/v2\/pages\/487"}],"collection":[{"href":"https:\/\/2014-2020.poctefa.eu\/fr\/wp-json\/wp\/v2\/pages"}],"about":[{"href":"https:\/\/2014-2020.poctefa.eu\/fr\/wp-json\/wp\/v2\/types\/page"}],"author":[{"embeddable":true,"href":"https:\/\/2014-2020.poctefa.eu\/fr\/wp-json\/wp\/v2\/users\/1"}],"replies":[{"embeddable":true,"href":"https:\/\/2014-2020.poctefa.eu\/fr\/wp-json\/wp\/v2\/comments?post=487"}],"version-history":[{"count":4,"href":"https:\/\/2014-2020.poctefa.eu\/fr\/wp-json\/wp\/v2\/pages\/487\/revisions"}],"predecessor-version":[{"id":1806,"href":"https:\/\/2014-2020.poctefa.eu\/fr\/wp-json\/wp\/v2\/pages\/487\/revisions\/1806"}],"up":[{"embeddable":true,"href":"https:\/\/2014-2020.poctefa.eu\/fr\/wp-json\/wp\/v2\/pages\/3647"}],"wp:attachment":[{"href":"https:\/\/2014-2020.poctefa.eu\/fr\/wp-json\/wp\/v2\/media?parent=487"}],"curies":[{"name":"wp","href":"https:\/\/api.w.org\/{rel}","templated":true}]}}