{"id":516,"date":"2015-11-16T09:47:12","date_gmt":"2015-11-16T08:47:12","guid":{"rendered":"https:\/\/2014-2020.poctefa.eu\/fr\/?page_id=516"},"modified":"2015-12-10T17:21:45","modified_gmt":"2015-12-10T16:21:45","slug":"contact","status":"publish","type":"page","link":"https:\/\/2014-2020.poctefa.eu\/fr\/contact\/","title":{"rendered":"Contact"},"content":{"rendered":"<p>Le Secr\u00e9tariat Conjoint ainsi que l\u2019Autorit\u00e9 de Gestion du POCTEFA 2014-2020 si\u00e8gent \u00e0 l\u2019adresse suivante :<\/p>\n<p>COMMUNAUT\u00c9 DE TRAVAIL DES PYR\u00c9N\u00c9ES<\/p>\n<p>Edificio IPE, Avenida Nuestra Se\u00f1ora de la Victoria, 8<\/p>\n<p>22700, Jaca (Huesca) \u2013 Espagne<\/p>\n<p>T\u00e9l\u00e9phone : 974 36 31 00<\/p>\n<p>Vous pouvez aussi nous envoyer un mail au travers de l\u2019adresse <a href=\"mailto:info@poctefa.eu\">info@poctefa.eu<\/a>.<\/p>\n","protected":false},"excerpt":{"rendered":"<p>Le Secr\u00e9tariat Conjoint ainsi que l\u2019Autorit\u00e9 de Gestion du POCTEFA 2014-2020 si\u00e8gent \u00e0 l\u2019adresse suivante :<\/p>\n<p>COMMUNAUT\u00c9 DE TRAVAIL DES PYR\u00c9N\u00c9ES<\/p>\n<p>Edificio IPE, Avenida Nuestra Se\u00f1ora de la Victoria, 8<\/p>\n<p>22700, Jaca (Huesca) \u2013 Espagne<\/p>\n<p>T\u00e9l\u00e9phone : 974 36 31 00<\/p>\n<p>Vous pouvez aussi nous envoyer un mail au travers de l\u2019adresse <a href=\"mailto:info@poctefa.eu\">info@poctefa.eu<\/a>.<\/p>\n<p><a href=\"https:\/\/2014-2020.poctefa.eu\/fr\/contact\/\">Voir plus<\/a><\/p>\n","protected":false},"author":1,"featured_media":0,"parent":0,"menu_order":0,"comment_status":"closed","ping_status":"closed","template":"","meta":[],"_links":{"self":[{"href":"https:\/\/2014-2020.poctefa.eu\/fr\/wp-json\/wp\/v2\/pages\/516"}],"collection":[{"href":"https:\/\/2014-2020.poctefa.eu\/fr\/wp-json\/wp\/v2\/pages"}],"about":[{"href":"https:\/\/2014-2020.poctefa.eu\/fr\/wp-json\/wp\/v2\/types\/page"}],"author":[{"embeddable":true,"href":"https:\/\/2014-2020.poctefa.eu\/fr\/wp-json\/wp\/v2\/users\/1"}],"replies":[{"embeddable":true,"href":"https:\/\/2014-2020.poctefa.eu\/fr\/wp-json\/wp\/v2\/comments?post=516"}],"version-history":[{"count":2,"href":"https:\/\/2014-2020.poctefa.eu\/fr\/wp-json\/wp\/v2\/pages\/516\/revisions"}],"predecessor-version":[{"id":1089,"href":"https:\/\/2014-2020.poctefa.eu\/fr\/wp-json\/wp\/v2\/pages\/516\/revisions\/1089"}],"wp:attachment":[{"href":"https:\/\/2014-2020.poctefa.eu\/fr\/wp-json\/wp\/v2\/media?parent=516"}],"curies":[{"name":"wp","href":"https:\/\/api.w.org\/{rel}","templated":true}]}}