{"id":6151,"date":"2019-08-05T10:03:19","date_gmt":"2019-08-05T08:03:19","guid":{"rendered":"https:\/\/2014-2020.poctefa.eu\/fr\/?page_id=6151"},"modified":"2023-11-20T15:22:14","modified_gmt":"2023-11-20T14:22:14","slug":"poctefa-2021-2027","status":"publish","type":"page","link":"https:\/\/2014-2020.poctefa.eu\/fr\/poctefa-2021-2027\/","title":{"rendered":"POCTEFA 2021-2027"},"content":{"rendered":"<div class=\"fusion-two-third fusion-layout-column fusion-spacing-yes\" style=\"margin-top:0px;margin-bottom:20px;\"><div class=\"fusion-column-wrapper\"><p><strong>Liste des op\u00e9rations s\u00e9lectionn\u00e9es dans le POCTEFA 2021-2027<\/strong> (conform\u00e9ment \u00e0 l&rsquo;article 49, paragraphe 3, du r\u00e8glement 2021\/1026 du 24 juillet 2021)<\/p>\n<p><strong>\u00a0<\/strong><\/p>\n<div class=\"fusion-clearfix\"><\/div><\/div><\/div><div class=\"fusion-one-third one_third fusion-layout-column fusion-column-last fusion-spacing-yes\" style=\"margin-top:0px;margin-bottom:20px;\"><div class=\"fusion-column-wrapper\"><div class=\"fusion-button-wrapper fusion-aligncenter\"><style type=\"text\/css\" scoped=\"scoped\">.fusion-button.button-1{border-width:0px;color:#ffffff;border-color:#ffffff;}.fusion-button.button-1:hover,.fusion-button.button-1:focus,.fusion-button.button-1:active{border-width:0px;border-color:#ffffff;color:#ffffff;}.fusion-button.button-1{background: #003399;}.fusion-button.button-1:hover,.button-1:focus,.fusion-button.button-1:active{background: #003399;}.fusion-button.button-1{width:auto;}<\/style><a class=\"fusion-button button-flat button-pill button-small button-custom button-1\" target=\"_blank\" href=\"https:\/\/2014-2020.poctefa.eu\/wp-content\/uploads\/2023\/11\/Lista-de-las-OIE-programadas_Publicacion-web-noviembre-2023.xlsx\"><span class=\"fusion-button-text\">T\u00e9l\u00e9chargez ici la liste des op\u00e9rations s\u00e9lectionn\u00e9es<\/span><\/a><\/div><div class=\"fusion-clearfix\"><\/div><\/div><\/div><div class=\"fusion-clearfix\"><\/div><div class=\"fusion-sep-clear\"><\/div><div class=\"fusion-separator fusion-full-width-sep sep-single\" style=\"border-color:#003399;border-top-width:1px;margin-left: auto;margin-right: auto;margin-top:px;margin-bottom:10px;\"><\/div><div class=\"fusion-two-third fusion-layout-column fusion-spacing-yes\" style=\"margin-top:0px;margin-bottom:20px;\"><div class=\"fusion-column-wrapper\"><p><strong>D\u00e9cision d\u00e9finitive de programmation des cinq op\u00e9rations d\u2019importance strat\u00e9gique.<\/strong><\/p>\n<div class=\"fusion-clearfix\"><\/div><\/div><\/div><div class=\"fusion-one-third one_third fusion-layout-column fusion-column-last fusion-spacing-yes\" style=\"margin-top:0px;margin-bottom:20px;\"><div class=\"fusion-column-wrapper\"><div class=\"fusion-button-wrapper fusion-aligncenter\"><style type=\"text\/css\" scoped=\"scoped\">.fusion-button.button-2{border-width:0px;color:#ffffff;border-color:#ffffff;}.fusion-button.button-2:hover,.fusion-button.button-2:focus,.fusion-button.button-2:active{border-width:0px;border-color:#ffffff;color:#ffffff;}.fusion-button.button-2{background: #003399;}.fusion-button.button-2:hover,.button-2:focus,.fusion-button.button-2:active{background: #003399;}.fusion-button.button-2{width:auto;}<\/style><a class=\"fusion-button button-flat button-pill button-small button-custom button-2\" target=\"_blank\" href=\"https:\/\/2014-2020.poctefa.eu\/wp-content\/uploads\/2023\/10\/20231009_Resolucion-definitiva-programacion-OIE_signed.pdf\"><span class=\"fusion-button-text\">T\u00e9l\u00e9chargez ici la d\u00e9cision<\/span><\/a><\/div><div class=\"fusion-clearfix\"><\/div><\/div><\/div><div class=\"fusion-clearfix\"><\/div><div class=\"fusion-sep-clear\"><\/div><div class=\"fusion-separator fusion-full-width-sep sep-single\" style=\"border-color:#003399;border-top-width:1px;margin-left: auto;margin-right: auto;margin-top:px;margin-bottom:10px;\"><\/div><div class=\"fusion-one-full fusion-layout-column fusion-column-last fusion-spacing-yes\" style=\"margin-top:0px;margin-bottom:20px;\"><div class=\"fusion-column-wrapper\"><p><strong>Premier appel \u00e0 projets POCTEFA 2021-2027<\/strong><\/p>\n<div class=\"fusion-clearfix\"><\/div><\/div><\/div><div class=\"fusion-clearfix\"><\/div><div class=\"fusion-two-third fusion-layout-column fusion-spacing-yes\" style=\"margin-top:0px;margin-bottom:20px;\"><div class=\"fusion-column-wrapper\"><p>Toute l&rsquo;information sur le <a href=\"https:\/\/2014-2020.poctefa.eu\/fr\/premier-appel-a-projets-poctefa-2021-2027\/\" target=\"_blank\" rel=\"noopener\"><strong>premier appel \u00e0 projets<\/strong><\/a> du Programme INTERREG VI-A Espagne-France-Andorre (POCTEFA 2021-2027) est disponible<a href=\"https:\/\/2014-2020.poctefa.eu\/fr\/premier-appel-a-projets-poctefa-2021-2027\/\" target=\"_blank\" rel=\"noopener\"> <strong>ici<\/strong>.<\/a><\/p>\n<div class=\"fusion-clearfix\"><\/div><\/div><\/div><div class=\"fusion-one-third one_third fusion-layout-column fusion-column-last fusion-spacing-yes\" style=\"margin-top:0px;margin-bottom:20px;\"><div class=\"fusion-column-wrapper\"><div class=\"fusion-button-wrapper fusion-aligncenter\"><style type=\"text\/css\" scoped=\"scoped\">.fusion-button.button-3{border-width:0px;color:#ffffff;border-color:#ffffff;}.fusion-button.button-3:hover,.fusion-button.button-3:focus,.fusion-button.button-3:active{border-width:0px;border-color:#ffffff;color:#ffffff;}.fusion-button.button-3{background: #003399;}.fusion-button.button-3:hover,.button-3:focus,.fusion-button.button-3:active{background: #003399;}.fusion-button.button-3{width:auto;}<\/style><a class=\"fusion-button button-flat button-pill button-small button-custom button-3\" target=\"_blank\" href=\"https:\/\/2014-2020.poctefa.eu\/fr\/premier-appel-a-projets-poctefa-2021-2027\/\"><span class=\"fusion-button-text\">PREMIER APPEL A PROJETS<\/span><\/a><\/div><div class=\"fusion-clearfix\"><\/div><\/div><\/div><div class=\"fusion-clearfix\"><\/div><div class=\"fusion-sep-clear\"><\/div><div class=\"fusion-separator fusion-full-width-sep sep-single\" style=\"border-color:#003399;border-top-width:1px;margin-left: auto;margin-right: auto;margin-top:px;margin-bottom:10px;\"><\/div><div class=\"fusion-one-full fusion-layout-column fusion-column-last fusion-spacing-yes\" style=\"margin-top:0px;margin-bottom:20px;\"><div class=\"fusion-column-wrapper\"><p class=\"entry-title\" data-fontsize=\"18\" data-lineheight=\"27\"><strong>La plateforme SIGEFA 2021-2027<br \/>\n<\/strong><\/p>\n<p><strong>\u00a0<\/strong><\/p>\n<div class=\"fusion-clearfix\"><\/div><\/div><\/div><div class=\"fusion-clearfix\"><\/div><div class=\"fusion-two-third fusion-layout-column fusion-spacing-yes\" style=\"margin-top:0px;margin-bottom:20px;\"><div class=\"fusion-column-wrapper\"><p><strong>Le lien pour acc\u00e9der \u00e0 la plateforme SIGEFA 2021-2027 <\/strong><a href=\"https:\/\/sigefa2127.poctefa.eu\/\" target=\"_blank\" rel=\"noopener\"><strong>est disponible ici.<\/strong><\/a><\/p>\n<div class=\"fusion-clearfix\"><\/div><\/div><\/div><div class=\"fusion-one-third one_third fusion-layout-column fusion-column-last fusion-spacing-yes\" style=\"margin-top:0px;margin-bottom:20px;\"><div class=\"fusion-column-wrapper\"><div class=\"fusion-button-wrapper fusion-aligncenter\"><style type=\"text\/css\" scoped=\"scoped\">.fusion-button.button-4{border-width:0px;color:#ffffff;border-color:#ffffff;}.fusion-button.button-4:hover,.fusion-button.button-4:focus,.fusion-button.button-4:active{border-width:0px;border-color:#ffffff;color:#ffffff;}.fusion-button.button-4{background: #003399;}.fusion-button.button-4:hover,.button-4:focus,.fusion-button.button-4:active{background: #003399;}.fusion-button.button-4{width:auto;}<\/style><a class=\"fusion-button button-flat button-pill button-small button-custom button-4\" target=\"_blank\" href=\"https:\/\/sigefa2127.poctefa.eu\/\"><span class=\"fusion-button-text\">SIGEFA 2021-2027<\/span><\/a><\/div><div class=\"fusion-clearfix\"><\/div><\/div><\/div><div class=\"fusion-clearfix\"><\/div><div class=\"fusion-sep-clear\"><\/div><div class=\"fusion-separator fusion-full-width-sep sep-single\" style=\"border-color:#003399;border-top-width:1px;margin-left: auto;margin-right: auto;margin-top:px;margin-bottom:10px;\"><\/div><div class=\"fusion-one-full fusion-layout-column fusion-column-last fusion-spacing-yes\" style=\"margin-top:0px;margin-bottom:20px;\"><div class=\"fusion-column-wrapper\"><p><strong>Calendrier indicatif des appels \u00e0 projets POCTEFA 2021-2027<\/strong><\/p>\n<p>Calendrier indicatif des appels \u00e0 projets POCTEFA 2021-2027 publi\u00e9 le 14 novembre 2023. Ce calendrier sera mis \u00e0 jour au fur et \u00e0 mesure que les dates et montants en attente de d\u00e9cision seront confirm\u00e9es.<\/p>\n<p><img decoding=\"async\" loading=\"lazy\" class=\"aligncenter size-full wp-image-11520\" src=\"https:\/\/2014-2020.poctefa.eu\/wp-content\/uploads\/2023\/11\/20231114-Calendario-convocatorias.jpg\" alt=\"\" width=\"1793\" height=\"1541\" srcset=\"https:\/\/2014-2020.poctefa.eu\/wp-content\/uploads\/2023\/11\/20231114-Calendario-convocatorias.jpg 1793w, https:\/\/2014-2020.poctefa.eu\/wp-content\/uploads\/2023\/11\/20231114-Calendario-convocatorias-300x258.jpg 300w, https:\/\/2014-2020.poctefa.eu\/wp-content\/uploads\/2023\/11\/20231114-Calendario-convocatorias-1024x880.jpg 1024w, https:\/\/2014-2020.poctefa.eu\/wp-content\/uploads\/2023\/11\/20231114-Calendario-convocatorias-768x660.jpg 768w, https:\/\/2014-2020.poctefa.eu\/wp-content\/uploads\/2023\/11\/20231114-Calendario-convocatorias-1536x1320.jpg 1536w, https:\/\/2014-2020.poctefa.eu\/wp-content\/uploads\/2023\/11\/20231114-Calendario-convocatorias-150x129.jpg 150w\" sizes=\"(max-width: 1793px) 100vw, 1793px\" \/><\/p>\n<div class=\"fusion-clearfix\"><\/div><\/div><\/div><div class=\"fusion-clearfix\"><\/div><div class=\"fusion-two-third fusion-layout-column fusion-spacing-yes\" style=\"margin-top:0px;margin-bottom:20px;\"><div class=\"fusion-column-wrapper\"><p><strong>Approbation et Texte du Programme POCTEFA 2021-2027<\/strong><\/p>\n<div class=\"fusion-clearfix\"><\/div><\/div><\/div><div class=\"fusion-one-third one_third fusion-layout-column fusion-column-last fusion-spacing-yes\" style=\"margin-top:0px;margin-bottom:20px;\"><div class=\"fusion-column-wrapper\"><div class=\"fusion-button-wrapper fusion-aligncenter\"><style type=\"text\/css\" scoped=\"scoped\">.fusion-button.button-5{border-width:0px;color:#ffffff;border-color:#ffffff;}.fusion-button.button-5:hover,.fusion-button.button-5:focus,.fusion-button.button-5:active{border-width:0px;border-color:#ffffff;color:#ffffff;}.fusion-button.button-5{background: #003399;}.fusion-button.button-5:hover,.button-5:focus,.fusion-button.button-5:active{background: #003399;}.fusion-button.button-5{width:auto;}<\/style><a class=\"fusion-button button-flat button-pill button-small button-custom button-5\" target=\"_blank\" href=\"https:\/\/2014-2020.poctefa.eu\/fr\/approbation-et-texte-du-programme-poctefa-2021-2027\/\"><span class=\"fusion-button-text\">Approbation et Texte du Programme<\/span><\/a><\/div><div class=\"fusion-clearfix\"><\/div><\/div><\/div><div class=\"fusion-clearfix\"><\/div><div class=\"fusion-two-third fusion-layout-column fusion-spacing-yes\" style=\"margin-top:0px;margin-bottom:20px;\"><div class=\"fusion-column-wrapper\"><p><strong>Manuel du Programme POCTEFA 2021-2027<br \/>\n<\/strong>Le Manuel du Programme est un document cl\u00e9 pour la pr\u00e9paration de candidatures de projets POCTEFA, ainsi que pour la gestion des projets \u00a0une fois qu&rsquo;ils ont \u00e9t\u00e9 programm\u00e9s.<strong><br \/>\n<\/strong><\/p>\n<div class=\"fusion-clearfix\"><\/div><\/div><\/div><div class=\"fusion-one-third one_third fusion-layout-column fusion-column-last fusion-spacing-yes\" style=\"margin-top:0px;margin-bottom:20px;\"><div class=\"fusion-column-wrapper\"><div class=\"fusion-button-wrapper fusion-aligncenter\"><style type=\"text\/css\" scoped=\"scoped\">.fusion-button.button-6{border-width:0px;color:#ffffff;border-color:#ffffff;}.fusion-button.button-6:hover,.fusion-button.button-6:focus,.fusion-button.button-6:active{border-width:0px;border-color:#ffffff;color:#ffffff;}.fusion-button.button-6{background: #003399;}.fusion-button.button-6:hover,.button-6:focus,.fusion-button.button-6:active{background: #003399;}.fusion-button.button-6{width:auto;}<\/style><a class=\"fusion-button button-flat button-pill button-small button-custom button-6\" target=\"_blank\" href=\"https:\/\/2014-2020.poctefa.eu\/wp-content\/uploads\/2023\/09\/20230306-Manuel-du-Programme-FR-1.pdf\"><span class=\"fusion-button-text\">Manuel du Programme<\/span><\/a><\/div><div class=\"fusion-clearfix\"><\/div><\/div><\/div><div class=\"fusion-clearfix\"><\/div><p style=\"text-align: center;\"><img decoding=\"async\" loading=\"lazy\" class=\"aligncenter wp-image-10868\" src=\"https:\/\/2014-2020.poctefa.eu\/wp-content\/uploads\/2023\/03\/Mapa-POCTEFA.jpg\" alt=\"\" width=\"494\" height=\"296\" srcset=\"https:\/\/2014-2020.poctefa.eu\/wp-content\/uploads\/2023\/03\/Mapa-POCTEFA.jpg 1496w, https:\/\/2014-2020.poctefa.eu\/wp-content\/uploads\/2023\/03\/Mapa-POCTEFA-300x180.jpg 300w, https:\/\/2014-2020.poctefa.eu\/wp-content\/uploads\/2023\/03\/Mapa-POCTEFA-1024x615.jpg 1024w, https:\/\/2014-2020.poctefa.eu\/wp-content\/uploads\/2023\/03\/Mapa-POCTEFA-768x461.jpg 768w, https:\/\/2014-2020.poctefa.eu\/wp-content\/uploads\/2023\/03\/Mapa-POCTEFA-150x90.jpg 150w\" sizes=\"(max-width: 494px) 100vw, 494px\" \/>Carte du territoire POCTEFA 2021-2027<\/p>\n<p>L&rsquo;allocation de l&rsquo;Union europ\u00e9enne par le biais du Fonds europ\u00e9en de d\u00e9veloppement r\u00e9gional (FEDER) accord\u00e9e \u00e0 POCTEFA 2021-2027 est de<strong> 243 millions d&rsquo;euros.<\/strong><\/p>\n<p style=\"text-align: center;\"><img decoding=\"async\" loading=\"lazy\" class=\"aligncenter size-full wp-image-11279\" src=\"https:\/\/2014-2020.poctefa.eu\/wp-content\/uploads\/2023\/06\/Poctefa-TablaPrioridades_FR_A4Def-scaled-e1686298956514.jpg\" alt=\"\" width=\"2560\" height=\"1810\" \/>Objectifs politiques, priorit\u00e9s et objectifs sp\u00e9cifiques du POCTEFA 2021-2027<\/p>\n<p><strong>Le comit\u00e9 de suivi du POCTEFA 2021-2027<br \/>\n<\/strong><\/p>\n<p>La composition du comit\u00e9 de suivi du POCTEFA 2021-2027 est disponible <a href=\"https:\/\/2014-2020.poctefa.eu\/wp-content\/uploads\/2023\/10\/Miembros-CdS-POCTEFA-2021-2027-web.pdf\" target=\"_blank\" rel=\"noopener\"><strong>ici.<\/strong><\/a><\/p>\n<p><strong>D\u00e9cisions prises par le comit\u00e9 de suivi<\/strong><\/p>\n<p>Conform\u00e9ment \u00e0 l&rsquo;article 28, paragraphe 4, du R\u00c8GLEMENT (UE) 2021\/1059 DU PARLEMENT EUROP\u00c9EN ET DU CONSEIL du 24 juin 2021, les comptes rendus des r\u00e9unions du comit\u00e9 de suivi POCTEFA 2021-2027, y compris les accords conclus, sont publi\u00e9s :<\/p>\n<ul>\n<li><a href=\"https:\/\/2014-2020.poctefa.eu\/wp-content\/uploads\/2023\/04\/20230223-CR-prov-CdS-2014-2020_FR_Web.pdf\" target=\"_blank\" rel=\"noopener\"><strong>Comit\u00e9 de suivi du 23 f\u00e9vrier 2023 (Hondarribia).<\/strong><\/a><\/li>\n<\/ul>\n<div class=\"fusion-sep-clear\"><\/div><div class=\"fusion-separator fusion-full-width-sep sep-single\" style=\"border-color:#003399;border-top-width:1px;margin-left: auto;margin-right: auto;margin-top:px;margin-bottom:10px;\"><\/div><p><strong>Le comit\u00e9 de programmation du POCTEFA 2021-2027<br \/>\n<\/strong><\/p>\n<p>La composition du comit\u00e9 de programmation du POCTEFA 2021-2027 est disponible <a href=\"https:\/\/2014-2020.poctefa.eu\/wp-content\/uploads\/2023\/10\/Miembros-CdP-POCTEFA-2021-2027-web.pdf\" target=\"_blank\" rel=\"noopener\"><strong>ici.<\/strong><\/a><\/p>\n<div class=\"fusion-sep-clear\"><\/div><div class=\"fusion-separator fusion-full-width-sep sep-single\" style=\"border-color:#003399;border-top-width:1px;margin-left: auto;margin-right: auto;margin-top:px;margin-bottom:10px;\"><\/div><p><strong>Consultations publiques concernant le POCTEFA 2021-2027<\/strong><\/p>\n<p>Dans <strong><a href=\"https:\/\/2014-2020.poctefa.eu\/?p=8356\" target=\"_blank\" rel=\"noopener\">cette section<\/a><\/strong>, vous trouverez toutes les informations concernant les consultations publiques sur le programme INTERREG VI-A Espagne-France-Andorre (POCTEFA 2021-2027).<\/p>\n<div class=\"fusion-one-third one_third fusion-layout-column fusion-spacing-yes\" style=\"margin-top:0px;margin-bottom:20px;\"><div class=\"fusion-column-wrapper\"><div class=\"fusion-clearfix\"><\/div><\/div><\/div><div class=\"fusion-one-third one_third fusion-layout-column fusion-spacing-yes\" style=\"margin-top:0px;margin-bottom:20px;\"><div class=\"fusion-column-wrapper\"><div class=\"fusion-button-wrapper\"><style type=\"text\/css\" scoped=\"scoped\">.fusion-button.button-7{border-width:0px;color:#ffffff;border-color:#ffffff;}.fusion-button.button-7:hover,.fusion-button.button-7:focus,.fusion-button.button-7:active{border-width:0px;border-color:#ffffff;color:#ffffff;}.fusion-button.button-7{background: #003399;}.fusion-button.button-7:hover,.button-7:focus,.fusion-button.button-7:active{background: #5678bc;}.fusion-button.button-7{width:auto;}<\/style><a class=\"fusion-button button-flat button-pill button-small button-custom button-7\" target=\"_blank\" href=\"https:\/\/2014-2020.poctefa.eu\/?p=8356 \"><span class=\"fusion-button-text\">CONSULTATIONS PUBLIQUES<\/span><\/a><\/div><div class=\"fusion-clearfix\"><\/div><\/div><\/div><div class=\"fusion-one-third one_third fusion-layout-column fusion-column-last fusion-spacing-yes\" style=\"margin-top:0px;margin-bottom:20px;\"><div class=\"fusion-column-wrapper\"><div class=\"fusion-clearfix\"><\/div><\/div><\/div><div class=\"fusion-clearfix\"><\/div><p>Certains documents pertinents pour la p\u00e9riode 2021-2027 peuvent \u00eatre consult\u00e9s ci-dessous.<\/p>\n<p><strong>R\u00e8glements pour la p\u00e9riode 2021-2027 :<\/strong><\/p>\n<p><strong>R\u00e8glement <span style=\"color: #0000ff;\"><a style=\"color: #0000ff;\" href=\"https:\/\/eur-lex.europa.eu\/legal-content\/ES\/TXT\/?uri=uriserv%3AOJ.L_.2021.231.01.0060.01.SPA&amp;toc=OJ%3AL%3A2021%3A231%3ATOC\" target=\"_blank\" rel=\"noopener\">FEDER disponible ici<\/a><\/span>.<\/strong><\/p>\n<p><strong>R\u00e8glement <span style=\"color: #0000ff;\"><a style=\"color: #0000ff;\" href=\"https:\/\/eur-lex.europa.eu\/legal-content\/EN\/TXT\/?uri=uriserv%3AOJ.L_.2021.231.01.0094.01.ENG&amp;toc=OJ%3AL%3A2021%3A231%3ATOC\" target=\"_blank\" rel=\"noopener\">INTERREG disponible ici<\/a><\/span>.<br \/>\n<\/strong><\/p>\n<p><strong>R\u00e8glement <a href=\"https:\/\/eur-lex.europa.eu\/legal-content\/EN\/TXT\/?uri=CELEX%3A32021R1060&amp;qid=1700489444608\" target=\"_blank\" rel=\"noopener\"><span style=\"color: #0000ff;\">commun (CPR) disponible ici<\/span><\/a>.<br \/>\n<\/strong><\/p>\n<p>COMMUNICATION DE LA COMMISSION- Orientations techniques pour la prise en compte des <a href=\"https:\/\/eur-lex.europa.eu\/legal-content\/ES\/TXT\/?uri=CELEX:52021XC0916(03)\" target=\"_blank\" rel=\"noopener\"><strong>enjeux climatiques dans les projets d\u2019infrastructure pour la p\u00e9riode 2021-2027 disponible ici<\/strong>.<\/a><\/p>\n<p><strong>INSTITUTIONS DE L&rsquo;UNION EUROP\u00c9ENNE<\/strong><\/p>\n<ul>\n<li><strong><a href=\"https:\/\/2014-2020.poctefa.eu\/wp-content\/uploads\/2019\/08\/BOP-FR-ES-AND.pdf\" target=\"_blank\" rel=\"noopener\">\u00ab\u00a0Border orientation Paper\u00a0\u00bb pour la fronti\u00e8re Espagne, France et Andorre.<\/a> <\/strong>La Direction G\u00e9n\u00e9rale de la Politique R\u00e9gionale et Urbaine de la Commission Europ\u00e9enne a transmis le 17 mai 2019 au Consorcio de la Communaut\u00e9 de Travail des Pyr\u00e9n\u00e9es (CTP), Autorit\u00e9 de gestion du programme POCTEFA, un document de travail pr\u00e9sentant les principales caract\u00e9ristiques de la zone transfrontali\u00e8re Espagne-France-Andorre. Il constitue un document de r\u00e9flexion pour la pr\u00e9paration du futur programme 2021-2027 mais\u00a0n&rsquo;a aucune valeur prescriptive pour l&rsquo;\u00e9laboration des futurs programmes 2021-2027.<\/li>\n<li><strong><a href=\"https:\/\/ec.europa.eu\/commission\/future-europe\/white-paper-future-europe\/white-paper-future-europe-five-scenarios_fr\">Livre blanc sur l&rsquo;avenir de l&rsquo;Europe<\/a><a href=\"https:\/\/ec.europa.eu\/commission\/future-europe\/white-paper-future-europe\/white-paper-future-europe-five-scenarios_fr\"> de la Commission europ\u00e9enne<\/a><\/strong><\/li>\n<li><strong><a href=\"https:\/\/2014-2020.poctefa.eu\/wp-content\/uploads\/2019\/08\/Building-blocks-for-a-future-Cohesion-Policy.pdf\" target=\"_blank\" rel=\"noopener\">Building blocks for a future Cohesion Policy &#8211; Research for REGI Committee &#8211; European Parliament<\/a><\/strong><\/li>\n<li><strong><a href=\"http:\/\/ec.europa.eu\/regional_policy\/en\/policy\/how\/improving-investment\/high-level-group-simplification\/\">Documents and meetings of the High Level Group monitoring simplification for beneficiaries of ESI Funds\u00a0<\/a><\/strong><\/li>\n<li><strong><a href=\"http:\/\/europa.eu\/rapid\/press-release_IP-18-3885_en.htm\">EU budget: Regional Development and Cohesion Policy beyond 2020<\/a><\/strong><\/li>\n<li><strong><a href=\"https:\/\/ec.europa.eu\/regional_policy\/fr\/2021_2027\/\">Nouvelle politique de coh\u00e9sion pour la prochaine p\u00e9riode de programmation<\/a><\/strong><\/li>\n<li><strong><a href=\"https:\/\/ec.europa.eu\/commission\/publications\/regional-development-and-cohesion_fr\">D\u00e9veloppement r\u00e9gional et coh\u00e9sion &#8211; Textes juridiques et fiches d\u2019information<\/a><\/strong><\/li>\n<li><strong><a href=\"http:\/\/www.europarl.europa.eu\/RegData\/etudes\/BRIE\/2018\/625141\/EPRS_BRI(2018)625141_EN.pdf\">European Parliament&rsquo;s briefing on the proposal for a Regulation on the European Regional Development Fund and on the Cohesion Fund 2021-2027<\/a><\/strong><\/li>\n<\/ul>\n<p><strong>AUTRES INSTITUTIONS \/ PROGRAMMES<\/strong><\/p>\n<ul>\n<li>Assembly of European Regions: <strong><a href=\"https:\/\/aer.eu\/aer-adopts-position-cohesion-policy\/\">AER position on Cohesion Policy Post 2020<\/a><\/strong><\/li>\n<li>Association of European Border Regions: <strong><a href=\"http:\/\/www.aebr.eu\/files\/publications\/161102_Bedeutung_der_Koh_sionspolitik_clean_EN.pdf\">AEBR statement<\/a><\/strong><\/li>\n<li>Eurocities: <strong><a href=\"http:\/\/www.eurocities.eu\/eurocities\/publications\/A-strong-cohesion-policy-for-Europe-and-citizens-EUROCITIES-policy-paper-on-cohesion-policy-post-2020-WSPO-ANPJ22\">Eurocities policy paper<\/a><\/strong><\/li>\n<li>Council of European Municipalities and Regions: <strong><a href=\"https:\/\/2014-2020.poctefa.eu\/wp-content\/uploads\/2019\/08\/CEMR_position_paper_future_of_cohesion_policy_EN-2.pdf\" target=\"_blank\" rel=\"noopener\">CEMR position paper<\/a><\/strong><\/li>\n<li>Interact:<strong> <a href=\"http:\/\/www.interact-eu.net\/library?field_fields_of_expertise_tid=78\">Ideas for Interreg Post 2020 (Cross-Border and Transnational programmes) collected by Interact<\/a><\/strong><\/li>\n<\/ul>\n\n","protected":false},"excerpt":{"rendered":"<p><a href=\"https:\/\/2014-2020.poctefa.eu\/fr\/poctefa-2021-2027\/\">Voir plus<\/a><\/p>\n","protected":false},"author":4,"featured_media":0,"parent":0,"menu_order":0,"comment_status":"closed","ping_status":"closed","template":"","meta":[],"_links":{"self":[{"href":"https:\/\/2014-2020.poctefa.eu\/fr\/wp-json\/wp\/v2\/pages\/6151"}],"collection":[{"href":"https:\/\/2014-2020.poctefa.eu\/fr\/wp-json\/wp\/v2\/pages"}],"about":[{"href":"https:\/\/2014-2020.poctefa.eu\/fr\/wp-json\/wp\/v2\/types\/page"}],"author":[{"embeddable":true,"href":"https:\/\/2014-2020.poctefa.eu\/fr\/wp-json\/wp\/v2\/users\/4"}],"replies":[{"embeddable":true,"href":"https:\/\/2014-2020.poctefa.eu\/fr\/wp-json\/wp\/v2\/comments?post=6151"}],"version-history":[{"count":91,"href":"https:\/\/2014-2020.poctefa.eu\/fr\/wp-json\/wp\/v2\/pages\/6151\/revisions"}],"predecessor-version":[{"id":11538,"href":"https:\/\/2014-2020.poctefa.eu\/fr\/wp-json\/wp\/v2\/pages\/6151\/revisions\/11538"}],"wp:attachment":[{"href":"https:\/\/2014-2020.poctefa.eu\/fr\/wp-json\/wp\/v2\/media?parent=6151"}],"curies":[{"name":"wp","href":"https:\/\/api.w.org\/{rel}","templated":true}]}}