{"id":6330,"date":"2019-10-09T13:14:42","date_gmt":"2019-10-09T11:14:42","guid":{"rendered":"https:\/\/2014-2020.poctefa.eu\/fr\/?page_id=6330"},"modified":"2020-09-14T09:15:29","modified_gmt":"2020-09-14T07:15:29","slug":"poctefaetvous","status":"publish","type":"page","link":"https:\/\/2014-2020.poctefa.eu\/fr\/poctefaetvous\/","title":{"rendered":"POCTEFA et VOUS: coop\u00e9rons pour continuer \u00e0 grandir"},"content":{"rendered":"<div class=\"imageframe-align-center\"><span class=\"fusion-imageframe imageframe-none imageframe-1 hover-type-zoomin\"> <img decoding=\"async\" src=\"https:\/\/2014-2020.poctefa.eu\/wp-content\/uploads\/2019\/09\/FR-300x135.png\" alt=\"\" class=\"img-responsive\"\/><\/span><\/div><h1><\/h1>\n<p>Les\u00a0<strong>26 et 27 novembre 2019,<\/strong>\u00a0le premier \u00e9v\u00e9nement du POCTEFA 2014-2020 s&rsquo;est tenu \u00e0 Jaca (Huesca), ax\u00e9 sur les r\u00e9sultats, les bonnes pratiques et l\u2019avenir du programme et ses projets.\u00a0<strong>\u00ab<\/strong>\u00a0<strong>POCTEFA et vous : coop\u00e9rons pour continuer \u00e0 grandir\u00a0<\/strong><strong>\u00bb<\/strong>\u00a0a r\u00e9uni d\u2019autres programmes Interreg, des repr\u00e9sentants de la Commission europ\u00e9enne et des acteurs locaux qui travaillent \u00e0 promouvoir la coop\u00e9ration transfrontali\u00e8re. Au travers diverses tables rondes, interventions et ateliers, ces journ\u00e9es\u00a0ont permis d\u2019explorer des potentielles collaborations.<\/p>\n<p>&nbsp;<\/p>\n<p>Les vid\u00e9os, images et pr\u00e9sentations de l&rsquo;\u00e9v\u00e9nement sont disponibles <strong><a href=\"https:\/\/2014-2020.poctefa.eu\/fr\/blog\/nouvelle\/mas-de-230-personas-en-el-primer-evento-poctefa-sobre-resultados-y-buenas-practicas-del-programa\/\" target=\"_blank\">ici.<\/a><\/strong><\/p>\n<p>&nbsp;<\/p>\n<div class=\"fusion-sep-clear\"><\/div><div class=\"fusion-separator fusion-full-width-sep sep-none\" style=\"border-color:#e0dede;margin-left: auto;margin-right: auto;margin-top:px;\"><\/div>\n","protected":false},"excerpt":{"rendered":"<p><a href=\"https:\/\/2014-2020.poctefa.eu\/fr\/poctefaetvous\/\">Voir plus<\/a><\/p>\n","protected":false},"author":4,"featured_media":0,"parent":0,"menu_order":0,"comment_status":"closed","ping_status":"closed","template":"","meta":[],"_links":{"self":[{"href":"https:\/\/2014-2020.poctefa.eu\/fr\/wp-json\/wp\/v2\/pages\/6330"}],"collection":[{"href":"https:\/\/2014-2020.poctefa.eu\/fr\/wp-json\/wp\/v2\/pages"}],"about":[{"href":"https:\/\/2014-2020.poctefa.eu\/fr\/wp-json\/wp\/v2\/types\/page"}],"author":[{"embeddable":true,"href":"https:\/\/2014-2020.poctefa.eu\/fr\/wp-json\/wp\/v2\/users\/4"}],"replies":[{"embeddable":true,"href":"https:\/\/2014-2020.poctefa.eu\/fr\/wp-json\/wp\/v2\/comments?post=6330"}],"version-history":[{"count":7,"href":"https:\/\/2014-2020.poctefa.eu\/fr\/wp-json\/wp\/v2\/pages\/6330\/revisions"}],"predecessor-version":[{"id":6983,"href":"https:\/\/2014-2020.poctefa.eu\/fr\/wp-json\/wp\/v2\/pages\/6330\/revisions\/6983"}],"wp:attachment":[{"href":"https:\/\/2014-2020.poctefa.eu\/fr\/wp-json\/wp\/v2\/media?parent=6330"}],"curies":[{"name":"wp","href":"https:\/\/api.w.org\/{rel}","templated":true}]}}