{"id":8353,"date":"2022-01-24T09:35:08","date_gmt":"2022-01-24T08:35:08","guid":{"rendered":"https:\/\/2014-2020.poctefa.eu\/fr\/?page_id=8353"},"modified":"2022-02-14T09:55:37","modified_gmt":"2022-02-14T08:55:37","slug":"consultation-publique-sur-le-poctefa-2021-2027","status":"publish","type":"page","link":"https:\/\/2014-2020.poctefa.eu\/fr\/consultation-publique-sur-le-poctefa-2021-2027\/","title":{"rendered":"Consultation publique sur le POCTEFA 2021-2027"},"content":{"rendered":"<p>Un projet de programme du futur POCTEFA 2021-2027 est d\u00e9sormais disponible, il peut \u00eatre consult\u00e9 <strong><a href=\"https:\/\/2014-2020.poctefa.eu\/wp-content\/uploads\/2022\/01\/Projet-de-programme-POCTEFA2021_2027.pdf\" target=\"_blank\">ici<\/a><\/strong>.\u00a0La p\u00e9riode d&rsquo;envoi de commentaires et suggestions a finalis\u00e9e, elle a \u00e9t\u00e9 ouverte du 24 janvier 2022 au 13 f\u00e9vrier 2022.<\/p>\n<p>Merci beaucoup pour votre participation!<\/p>\n<div class=\"fusion-button-wrapper\"><style type=\"text\/css\" scoped=\"scoped\">.fusion-button.button-1{border-width:0px;color:#ffffff;border-color:#ffffff;}.fusion-button.button-1:hover,.fusion-button.button-1:focus,.fusion-button.button-1:active{border-width:0px;border-color:#ffffff;color:#ffffff;}.fusion-button.button-1{background: #003399;}.fusion-button.button-1:hover,.button-1:focus,.fusion-button.button-1:active{background: #5678bc;}.fusion-button.button-1{width:auto;}<\/style><a class=\"fusion-button button-flat button-pill button-medium button-custom button-1\" target=\"_blank\" href=\"https:\/\/2014-2020.poctefa.eu\/wp-content\/uploads\/2022\/01\/Projet-de-programme-POCTEFA2021_2027.pdf\"><span class=\"fusion-button-text\">T\u00e9l\u00e9chargez ici le projet du Programme<\/span><\/a><\/div>\n","protected":false},"excerpt":{"rendered":"<p><a href=\"https:\/\/2014-2020.poctefa.eu\/fr\/consultation-publique-sur-le-poctefa-2021-2027\/\">Voir plus<\/a><\/p>\n","protected":false},"author":4,"featured_media":0,"parent":0,"menu_order":0,"comment_status":"closed","ping_status":"closed","template":"","meta":[],"_links":{"self":[{"href":"https:\/\/2014-2020.poctefa.eu\/fr\/wp-json\/wp\/v2\/pages\/8353"}],"collection":[{"href":"https:\/\/2014-2020.poctefa.eu\/fr\/wp-json\/wp\/v2\/pages"}],"about":[{"href":"https:\/\/2014-2020.poctefa.eu\/fr\/wp-json\/wp\/v2\/types\/page"}],"author":[{"embeddable":true,"href":"https:\/\/2014-2020.poctefa.eu\/fr\/wp-json\/wp\/v2\/users\/4"}],"replies":[{"embeddable":true,"href":"https:\/\/2014-2020.poctefa.eu\/fr\/wp-json\/wp\/v2\/comments?post=8353"}],"version-history":[{"count":5,"href":"https:\/\/2014-2020.poctefa.eu\/fr\/wp-json\/wp\/v2\/pages\/8353\/revisions"}],"predecessor-version":[{"id":8443,"href":"https:\/\/2014-2020.poctefa.eu\/fr\/wp-json\/wp\/v2\/pages\/8353\/revisions\/8443"}],"wp:attachment":[{"href":"https:\/\/2014-2020.poctefa.eu\/fr\/wp-json\/wp\/v2\/media?parent=8353"}],"curies":[{"name":"wp","href":"https:\/\/api.w.org\/{rel}","templated":true}]}}