{"id":8356,"date":"2022-01-24T09:39:09","date_gmt":"2022-01-24T08:39:09","guid":{"rendered":"https:\/\/2014-2020.poctefa.eu\/fr\/?page_id=8356"},"modified":"2022-04-06T08:38:08","modified_gmt":"2022-04-06T06:38:08","slug":"consultations-publiques-concernant-le-poctefa-2021-2027","status":"publish","type":"page","link":"https:\/\/2014-2020.poctefa.eu\/fr\/consultations-publiques-concernant-le-poctefa-2021-2027\/","title":{"rendered":"Consultations publiques concernant le POCTEFA 2021-2027"},"content":{"rendered":"<p>Consultations publiques en cours concernant le POCTEFA 2021-2027:<\/p>\n<ol>\n<li><strong><a href=\"https:\/\/2014-2020.poctefa.eu\/fr\/consultation-publique-sur-le-poctefa-2021-2027\/\" target=\"_blank\">Consultation publique sur le POCTEFA 2021-2027<\/a>\u00a0<\/strong>(termin\u00e9e)<\/li>\n<li><strong><a href=\"https:\/\/2014-2020.poctefa.eu\/?p=8399\" target=\"_blank\">Consultation publique sur l&rsquo;\u00e9valuation environnementale strat\u00e9gique du POCTEFA 2021-2027<\/a>\u00a0<\/strong>(termin\u00e9e)<\/li>\n<li><strong><a href=\"https:\/\/2014-2020.poctefa.eu\/?p=8411\" target=\"_blank\">Documentation relative \u00e0 l&rsquo;\u00e9valuation environnementale strat\u00e9gique.<\/a><\/strong><\/li>\n<\/ol>\n","protected":false},"excerpt":{"rendered":"<p>Consultations publiques en cours concernant le POCTEFA 2021-2027:<\/p>\n<ol>\n<li><strong><a href=\"https:\/\/2014-2020.poctefa.eu\/fr\/consultation-publique-sur-le-poctefa-2021-2027\/\" target=\"_blank\">Consultation publique sur le POCTEFA 2021-2027<\/a>\u00a0<\/strong>(termin\u00e9e)<\/li>\n<li><strong><a href=\"https:\/\/2014-2020.poctefa.eu\/?p=8399\" target=\"_blank\">Consultation publique sur l&rsquo;\u00e9valuation environnementale strat\u00e9gique du POCTEFA 2021-2027<\/a>\u00a0<\/strong>(termin\u00e9e)<\/li>\n<li><strong><a href=\"https:\/\/2014-2020.poctefa.eu\/?p=8411\" target=\"_blank\">Documentation relative \u00e0 l&rsquo;\u00e9valuation environnementale strat\u00e9gique.<\/a><\/strong><\/li>\n<\/ol>\n<p><a href=\"https:\/\/2014-2020.poctefa.eu\/fr\/consultations-publiques-concernant-le-poctefa-2021-2027\/\">Voir plus<\/a><\/p>\n","protected":false},"author":4,"featured_media":0,"parent":0,"menu_order":0,"comment_status":"closed","ping_status":"closed","template":"","meta":[],"_links":{"self":[{"href":"https:\/\/2014-2020.poctefa.eu\/fr\/wp-json\/wp\/v2\/pages\/8356"}],"collection":[{"href":"https:\/\/2014-2020.poctefa.eu\/fr\/wp-json\/wp\/v2\/pages"}],"about":[{"href":"https:\/\/2014-2020.poctefa.eu\/fr\/wp-json\/wp\/v2\/types\/page"}],"author":[{"embeddable":true,"href":"https:\/\/2014-2020.poctefa.eu\/fr\/wp-json\/wp\/v2\/users\/4"}],"replies":[{"embeddable":true,"href":"https:\/\/2014-2020.poctefa.eu\/fr\/wp-json\/wp\/v2\/comments?post=8356"}],"version-history":[{"count":10,"href":"https:\/\/2014-2020.poctefa.eu\/fr\/wp-json\/wp\/v2\/pages\/8356\/revisions"}],"predecessor-version":[{"id":8539,"href":"https:\/\/2014-2020.poctefa.eu\/fr\/wp-json\/wp\/v2\/pages\/8356\/revisions\/8539"}],"wp:attachment":[{"href":"https:\/\/2014-2020.poctefa.eu\/fr\/wp-json\/wp\/v2\/media?parent=8356"}],"curies":[{"name":"wp","href":"https:\/\/api.w.org\/{rel}","templated":true}]}}