{"id":8399,"date":"2022-01-31T15:09:39","date_gmt":"2022-01-31T14:09:39","guid":{"rendered":"https:\/\/2014-2020.poctefa.eu\/fr\/?page_id=8399"},"modified":"2022-04-06T10:33:16","modified_gmt":"2022-04-06T08:33:16","slug":"consultation-publique-sur-levaluation-environnementale-strategique-du-poctefa-2021-2027","status":"publish","type":"page","link":"https:\/\/2014-2020.poctefa.eu\/fr\/consultation-publique-sur-levaluation-environnementale-strategique-du-poctefa-2021-2027\/","title":{"rendered":"Consultation publique sur l&rsquo;\u00e9valuation environnementale strat\u00e9gique du POCTEFA 2021-2027"},"content":{"rendered":"<p>L&rsquo;\u00e9valuation environnementale strat\u00e9gique a \u00e9t\u00e9 r\u00e9alis\u00e9e conform\u00e9ment \u00e0 la Directive 2001\/42\/CE du 27 juin 2001 du Parlement europ\u00e9en et du Conseil, relative \u00e0 l\u2019\u00e9valuation des incidences de certains plans, programmes et projets sur l\u2019environnement.<\/p>\n<p>La directive susmentionn\u00e9e a \u00e9t\u00e9 transpos\u00e9e aux domaines l\u00e9gislatifs espagnol et fran\u00e7ais, respectivement, par la <em>Ley 21\/2013 de 9 de diciembre de Evaluaci\u00f3n Ambiental <\/em>qui la modifie en Espagne et la <a href=\"https:\/\/www.legifrance.gouv.fr\/affichTexte.do?cidTexte=JORFTEXT000022470434\">Loi du 12 juillet 2010 portant engagement national pour l&rsquo;environnement et <\/a><a href=\"https:\/\/www.legifrance.gouv.fr\/eli\/ordonnance\/2016\/8\/3\/2016-1060\/jo\/texte\">l\u2019Ordonnance du 3 ao\u00fbt 2016 portant r\u00e9forme des proc\u00e9dures destin\u00e9es \u00e0 assurer l&rsquo;information et la participation du public \u00e0 l&rsquo;\u00e9laboration de certaines d\u00e9cisions susceptibles d&rsquo;avoir une incidence sur l&rsquo;environnement<\/a> en France.<\/p>\n<p>Conform\u00e9ment \u00e0 l&rsquo;article 21 de la Loi 21\/2013 du 9 d\u00e9cembre sur l&rsquo;\u00e9valuation environnementale,\u00a0 l&rsquo;ouverture de la p\u00e9riode d&rsquo;information publique de l&rsquo;Etude Environnementale Strat\u00e9gique et la version initiale du Programme de Coop\u00e9ration Transfrontali\u00e8re Interreg VI Espagne-France-Andorre (POCTEFA) 2021-2027 a \u00e9t\u00e9 annonc\u00e9e le 2 f\u00e9vrier 2022. La p\u00e9riode de commentaires \u00e9tait ouverte<strong> du 02\/02\/2022 au 05\/04\/2022<\/strong>.<\/p>\n<p>Les documents suivants ont \u00e9t\u00e9 consultables :<\/p>\n<ol>\n<li>\u00c9tude environnementale strat\u00e9gique.<\/li>\n<li>R\u00e9sum\u00e9 non technique de l&rsquo;\u00e9tude environnementale strat\u00e9gique.<\/li>\n<li>Projet du Programme POCTEFA 2021-2027.<\/li>\n<\/ol>\n\n","protected":false},"excerpt":{"rendered":"<p><a href=\"https:\/\/2014-2020.poctefa.eu\/fr\/consultation-publique-sur-levaluation-environnementale-strategique-du-poctefa-2021-2027\/\">Voir plus<\/a><\/p>\n","protected":false},"author":4,"featured_media":0,"parent":0,"menu_order":0,"comment_status":"closed","ping_status":"closed","template":"","meta":[],"_links":{"self":[{"href":"https:\/\/2014-2020.poctefa.eu\/fr\/wp-json\/wp\/v2\/pages\/8399"}],"collection":[{"href":"https:\/\/2014-2020.poctefa.eu\/fr\/wp-json\/wp\/v2\/pages"}],"about":[{"href":"https:\/\/2014-2020.poctefa.eu\/fr\/wp-json\/wp\/v2\/types\/page"}],"author":[{"embeddable":true,"href":"https:\/\/2014-2020.poctefa.eu\/fr\/wp-json\/wp\/v2\/users\/4"}],"replies":[{"embeddable":true,"href":"https:\/\/2014-2020.poctefa.eu\/fr\/wp-json\/wp\/v2\/comments?post=8399"}],"version-history":[{"count":6,"href":"https:\/\/2014-2020.poctefa.eu\/fr\/wp-json\/wp\/v2\/pages\/8399\/revisions"}],"predecessor-version":[{"id":8549,"href":"https:\/\/2014-2020.poctefa.eu\/fr\/wp-json\/wp\/v2\/pages\/8399\/revisions\/8549"}],"wp:attachment":[{"href":"https:\/\/2014-2020.poctefa.eu\/fr\/wp-json\/wp\/v2\/media?parent=8399"}],"curies":[{"name":"wp","href":"https:\/\/api.w.org\/{rel}","templated":true}]}}