{"id":8411,"date":"2022-01-31T15:47:00","date_gmt":"2022-01-31T14:47:00","guid":{"rendered":"https:\/\/2014-2020.poctefa.eu\/fr\/?page_id=8411"},"modified":"2022-02-01T09:12:36","modified_gmt":"2022-02-01T08:12:36","slug":"documentation-relative-a-levaluation-environnementale-strategique","status":"publish","type":"page","link":"https:\/\/2014-2020.poctefa.eu\/fr\/documentation-relative-a-levaluation-environnementale-strategique\/","title":{"rendered":"Documentation relative \u00e0 l&rsquo;\u00e9valuation environnementale strat\u00e9gique"},"content":{"rendered":"<p>Dans ce processus, un rapport a \u00e9t\u00e9 pr\u00e9par\u00e9 et pr\u00e9sent\u00e9 aux autorit\u00e9s environnementales des \u00c9tats membres participant au programme sur l&rsquo;impact des actions futures du programme sur l&rsquo;environnement. Les documents d\u00e9livr\u00e9s par les autorit\u00e9s environnementales espagnole et fran\u00e7aise sont disponibles ici\u00a0:<\/p>\n<p>&#8211; \u00a0<a href=\"https:\/\/2014-2020.poctefa.eu\/wp-content\/uploads\/2022\/01\/210127_Cadrage_Prealable_interregVIA_delibere.pdf\" target=\"_blank\">Avis d\u00e9livr\u00e9 par l\u2019autorit\u00e9 environnementale fran\u00e7aise<\/a><\/p>\n<p>&#8211; <a href=\"https:\/\/2014-2020.poctefa.eu\/wp-content\/uploads\/2022\/01\/report_2020p021-documento-de-Alcance-POCTEFA-firmado.pdf\" target=\"_blank\">Documento de alcance del Estado espa\u00f1ol<\/a><\/p>\n","protected":false},"excerpt":{"rendered":"<p>Dans ce processus, un rapport a \u00e9t\u00e9 pr\u00e9par\u00e9 et pr\u00e9sent\u00e9 aux autorit\u00e9s environnementales des \u00c9tats membres participant au programme sur l&rsquo;impact des actions futures du programme sur l&rsquo;environnement. Les documents d\u00e9livr\u00e9s par les autorit\u00e9s environnementales espagnole et fran\u00e7aise sont disponibles ici\u00a0:<\/p>\n<p>&#8211; \u00a0<\/p>\n<p><a href=\"https:\/\/2014-2020.poctefa.eu\/fr\/documentation-relative-a-levaluation-environnementale-strategique\/\">Voir plus<\/a><\/p>\n","protected":false},"author":4,"featured_media":0,"parent":0,"menu_order":0,"comment_status":"closed","ping_status":"closed","template":"","meta":[],"_links":{"self":[{"href":"https:\/\/2014-2020.poctefa.eu\/fr\/wp-json\/wp\/v2\/pages\/8411"}],"collection":[{"href":"https:\/\/2014-2020.poctefa.eu\/fr\/wp-json\/wp\/v2\/pages"}],"about":[{"href":"https:\/\/2014-2020.poctefa.eu\/fr\/wp-json\/wp\/v2\/types\/page"}],"author":[{"embeddable":true,"href":"https:\/\/2014-2020.poctefa.eu\/fr\/wp-json\/wp\/v2\/users\/4"}],"replies":[{"embeddable":true,"href":"https:\/\/2014-2020.poctefa.eu\/fr\/wp-json\/wp\/v2\/comments?post=8411"}],"version-history":[{"count":2,"href":"https:\/\/2014-2020.poctefa.eu\/fr\/wp-json\/wp\/v2\/pages\/8411\/revisions"}],"predecessor-version":[{"id":8421,"href":"https:\/\/2014-2020.poctefa.eu\/fr\/wp-json\/wp\/v2\/pages\/8411\/revisions\/8421"}],"wp:attachment":[{"href":"https:\/\/2014-2020.poctefa.eu\/fr\/wp-json\/wp\/v2\/media?parent=8411"}],"curies":[{"name":"wp","href":"https:\/\/api.w.org\/{rel}","templated":true}]}}