{"id":845,"date":"2015-12-09T16:13:09","date_gmt":"2015-12-09T15:13:09","guid":{"rendered":"https:\/\/2014-2020.poctefa.eu\/fr\/?page_id=845"},"modified":"2015-12-11T13:52:23","modified_gmt":"2015-12-11T12:52:23","slug":"interreg","status":"publish","type":"page","link":"https:\/\/2014-2020.poctefa.eu\/fr\/programme\/interreg\/","title":{"rendered":"INTERREG"},"content":{"rendered":"<h2 data-fontsize=\"18\" data-lineheight=\"27\">POCTEFA 2014-2020<\/h2>\n<p>El POCTEFA 2014-2020 s\u2019inscrit dans le cadre de la politique r\u00e9gionale de l\u2019Union europ\u00e9enne qui, par le biais d\u2019investissements, soutient la cr\u00e9ation d\u2019emploi, la comp\u00e9titivit\u00e9, la croissance \u00e9conomique, l\u2019am\u00e9lioration de la qualit\u00e9 de vie et le d\u00e9veloppement durable. Ces investissements contribuent \u00e0 l\u2019atteinte des objectifs de la strat\u00e9gie Europe 2020. L\u2019un des instruments \u00e0 travers lequel ces politiques se concr\u00e9tisent est le Fonds Europ\u00e9en de D\u00e9veloppement R\u00e9gional (FEDER). Ce Fonds investit sur le territoire par le biais de diff\u00e9rents outils. L\u2019un d\u2019eux est la Coop\u00e9ration Territoriale Europ\u00e9enne (CTE), \u00e9galement connue sous le nom d\u2019Interreg.<\/p>\n<p>Interreg a \u00e9t\u00e9 cr\u00e9\u00e9 en 1990 dans le but de cofinancer des projets de coop\u00e9ration transfrontaliers. Au fil des ans, il est \u00e9galement devenu un instrument de financement de programmes de coop\u00e9ration transnationaux et interr\u00e9gionaux.<\/p>\n<p><H2>La cinqui\u00e8me g\u00e9n\u00e9ration d\u2019Interreg<\/H2><\/p>\n<p>Au cours de ses 25 ans de vie, Interreg s\u2019est organis\u00e9 en cinq p\u00e9riodes de programmation. Ainsi, la p\u00e9riode actuelle 2014-2020 constitue la cinqui\u00e8me g\u00e9n\u00e9ration de soutien au financement de projets de coop\u00e9ration europ\u00e9ens. C\u2019est pour cette raison que ce programme est d\u00e9nomm\u00e9 \u00ab\u00a0V\u00a0\u00bb.<\/p>\n<p>Cette derni\u00e8re \u00e9tape d\u2019Interreg vise \u00e0 atteindre les objectifs fix\u00e9s par la Strat\u00e9gie Europe 2020 qui se r\u00e9f\u00e8rent \u00e0 la pr\u00e9servation de la croissance intelligente, durable et inclusive des territoires.<\/p>\n<p>Les programmes Interreg peuvent \u00eatre de trois types et chacun d\u2019eux se voit assigner une lettre diff\u00e9rente. Le classement est le suivant\u00a0:<\/p>\n<ul>\n<li>Programmes transfrontaliers (A)<\/li>\n<li>Programmes transnationaux (B)<\/li>\n<li>Programmes interr\u00e9gionaux (C)<\/li>\n<\/ul>\n<p>C\u2019est pour cela que le nom officiel du POCTEFA 2014-2020 est Programme Interreg V-A Espagne-France-Andorre.<\/p>\n<p>Vous pouvez d\u00e9couvrir <a href=\"http:\/\/ec.europa.eu\/regional_policy\/es\/\">ici<\/a> toutes les informations concernant Interreg.<\/p>\n","protected":false},"excerpt":{"rendered":"<h2 data-fontsize=\"18\" data-lineheight=\"27\">POCTEFA 2014-2020<\/h2>\n<p>El POCTEFA 2014-2020 s\u2019inscrit dans le cadre de la politique r\u00e9gionale de l\u2019Union europ\u00e9enne qui, par le biais d\u2019investissements, soutient la cr\u00e9ation d\u2019emploi, la comp\u00e9titivit\u00e9, la croissance \u00e9conomique, l\u2019am\u00e9lioration de la qualit\u00e9 de vie et le d\u00e9veloppement durable.<\/p>\n<p><a href=\"https:\/\/2014-2020.poctefa.eu\/fr\/programme\/interreg\/\">Voir plus<\/a><\/p>\n","protected":false},"author":1,"featured_media":0,"parent":374,"menu_order":0,"comment_status":"closed","ping_status":"closed","template":"","meta":[],"_links":{"self":[{"href":"https:\/\/2014-2020.poctefa.eu\/fr\/wp-json\/wp\/v2\/pages\/845"}],"collection":[{"href":"https:\/\/2014-2020.poctefa.eu\/fr\/wp-json\/wp\/v2\/pages"}],"about":[{"href":"https:\/\/2014-2020.poctefa.eu\/fr\/wp-json\/wp\/v2\/types\/page"}],"author":[{"embeddable":true,"href":"https:\/\/2014-2020.poctefa.eu\/fr\/wp-json\/wp\/v2\/users\/1"}],"replies":[{"embeddable":true,"href":"https:\/\/2014-2020.poctefa.eu\/fr\/wp-json\/wp\/v2\/comments?post=845"}],"version-history":[{"count":3,"href":"https:\/\/2014-2020.poctefa.eu\/fr\/wp-json\/wp\/v2\/pages\/845\/revisions"}],"predecessor-version":[{"id":1155,"href":"https:\/\/2014-2020.poctefa.eu\/fr\/wp-json\/wp\/v2\/pages\/845\/revisions\/1155"}],"up":[{"embeddable":true,"href":"https:\/\/2014-2020.poctefa.eu\/fr\/wp-json\/wp\/v2\/pages\/374"}],"wp:attachment":[{"href":"https:\/\/2014-2020.poctefa.eu\/fr\/wp-json\/wp\/v2\/media?parent=845"}],"curies":[{"name":"wp","href":"https:\/\/api.w.org\/{rel}","templated":true}]}}