{"id":850,"date":"2015-12-09T16:16:53","date_gmt":"2015-12-09T15:16:53","guid":{"rendered":"https:\/\/2014-2020.poctefa.eu\/fr\/?page_id=850"},"modified":"2023-11-09T13:34:08","modified_gmt":"2023-11-09T12:34:08","slug":"autorite-de-gestion","status":"publish","type":"page","link":"https:\/\/2014-2020.poctefa.eu\/fr\/programme\/autorite-de-gestion\/","title":{"rendered":"Autorit\u00e9 de gestion"},"content":{"rendered":"<h2>Autorit\u00e9 de gestion<\/h2>\n<p>L\u2019\u00e9quipe de la Communaut\u00e9 de Travail des Pyr\u00e9n\u00e9es (CTP), Autorit\u00e9 de Gestion du Programme, est compos\u00e9e des membres suivants\u00a0:<\/p>\n<p><strong><a href=\"https:\/\/2014-2020.poctefa.eu\/wp-content\/uploads\/2016\/04\/Jean-Louis-Valls.jpg\" rel=\"prettyPhoto\"><img decoding=\"async\" loading=\"lazy\" class=\"alignleft wp-image-1942\" src=\"https:\/\/2014-2020.poctefa.eu\/wp-content\/uploads\/2016\/04\/Jean-Louis-Valls-150x150.jpg\" alt=\"Jean-Louis Valls\" width=\"90\" height=\"90\" \/><\/a>Jean-Louis Valls<\/strong>, Directeur de la CTP<br \/>\nE-mail: jl.valls(@)ctp.org<br \/>\nTel: +34 974 36 31 00 \u2013 ext: 261<\/p>\n<p>&nbsp;<\/p>\n<p><strong><a href=\"https:\/\/2014-2020.poctefa.eu\/wp-content\/uploads\/2016\/04\/Pilar_Rabal.jpg\" rel=\"prettyPhoto\"><img decoding=\"async\" loading=\"lazy\" class=\"alignleft wp-image-1942\" src=\"https:\/\/2014-2020.poctefa.eu\/wp-content\/uploads\/2016\/04\/Pilar_Rabal-150x150.jpg\" alt=\"Pilar_Rabal\" width=\"90\" height=\"90\" \/><\/a>Pilar Rabal Sanrom\u00e1n<\/strong>, Assistante de l\u2019Autorit\u00e9 de Gestion<br \/>\nE-mail: p.rabal(@)poctefa.eu<br \/>\nTel: +34 974 36 31 00 \u2013 ext: 211<\/p>\n<p>&nbsp;<\/p>\n<p><strong><a href=\"https:\/\/2014-2020.poctefa.eu\/wp-content\/uploads\/2023\/11\/maria-lorenzo.jpg\" rel=\"prettyPhoto\"><img decoding=\"async\" loading=\"lazy\" class=\"wp-image-1942 alignleft\" src=\"https:\/\/2014-2020.poctefa.eu\/wp-content\/uploads\/2023\/11\/maria-lorenzo-mini.jpeg\" alt=\"Mar\u00eda Lorenzo Gibert\" width=\"90\" height=\"90\" \/><\/a>Mar\u00eda Lorenzo Gibert, <\/strong>Technicienne juridique financi\u00e8re<br \/>\nE-mail: m.lorenzo(@)ctp.org<br \/>\nTel: +34 974 36 31 00 \u2013 ext: 231<strong><strong><br \/>\n<\/strong><\/strong><\/p>\n","protected":false},"excerpt":{"rendered":"<h2>Autorit\u00e9 de gestion<\/h2>\n<p>L\u2019\u00e9quipe de la Communaut\u00e9 de Travail des Pyr\u00e9n\u00e9es (CTP), Autorit\u00e9 de Gestion du Programme, est compos\u00e9e des membres suivants\u00a0:<\/p>\n<p><strong><a href=\"https:\/\/2014-2020.poctefa.eu\/wp-content\/uploads\/2016\/04\/Jean-Louis-Valls.jpg\" rel=\"prettyPhoto\"><img decoding=\"async\" loading=\"lazy\" class=\"alignleft wp-image-1942\" src=\"https:\/\/2014-2020.poctefa.eu\/wp-content\/uploads\/2016\/04\/Jean-Louis-Valls-150x150.jpg\" alt=\"Jean-Louis Valls\" width=\"90\" height=\"90\" \/><\/a>Jean-Louis Valls<\/strong>, Directeur de la CTP<br \/>\nE-mail: jl.valls(@)ctp.org<br \/>\nTel: +34 974 36 31 00 \u2013 ext: 261<\/p>\n<p>&nbsp;<\/p>\n<p><a href=\"https:\/\/2014-2020.poctefa.eu\/fr\/programme\/autorite-de-gestion\/\">Voir plus<\/a><\/p>\n","protected":false},"author":1,"featured_media":0,"parent":374,"menu_order":0,"comment_status":"closed","ping_status":"closed","template":"","meta":[],"_links":{"self":[{"href":"https:\/\/2014-2020.poctefa.eu\/fr\/wp-json\/wp\/v2\/pages\/850"}],"collection":[{"href":"https:\/\/2014-2020.poctefa.eu\/fr\/wp-json\/wp\/v2\/pages"}],"about":[{"href":"https:\/\/2014-2020.poctefa.eu\/fr\/wp-json\/wp\/v2\/types\/page"}],"author":[{"embeddable":true,"href":"https:\/\/2014-2020.poctefa.eu\/fr\/wp-json\/wp\/v2\/users\/1"}],"replies":[{"embeddable":true,"href":"https:\/\/2014-2020.poctefa.eu\/fr\/wp-json\/wp\/v2\/comments?post=850"}],"version-history":[{"count":15,"href":"https:\/\/2014-2020.poctefa.eu\/fr\/wp-json\/wp\/v2\/pages\/850\/revisions"}],"predecessor-version":[{"id":11518,"href":"https:\/\/2014-2020.poctefa.eu\/fr\/wp-json\/wp\/v2\/pages\/850\/revisions\/11518"}],"up":[{"embeddable":true,"href":"https:\/\/2014-2020.poctefa.eu\/fr\/wp-json\/wp\/v2\/pages\/374"}],"wp:attachment":[{"href":"https:\/\/2014-2020.poctefa.eu\/fr\/wp-json\/wp\/v2\/media?parent=850"}],"curies":[{"name":"wp","href":"https:\/\/api.w.org\/{rel}","templated":true}]}}