{"id":879,"date":"2015-12-10T08:36:34","date_gmt":"2015-12-10T07:36:34","guid":{"rendered":"https:\/\/2014-2020.poctefa.eu\/fr\/?page_id=879"},"modified":"2019-05-31T10:07:58","modified_gmt":"2019-05-31T08:07:58","slug":"information-concernant-lappel","status":"publish","type":"page","link":"https:\/\/2014-2020.poctefa.eu\/fr\/appels-a-projets\/1er-appel\/information-concernant-lappel\/","title":{"rendered":"Information concernant l&rsquo;appel"},"content":{"rendered":"<p>Le <strong>premier <a href=\"https:\/\/2014-2020.poctefa.eu\/wp-content\/uploads\/2015\/12\/Texte-1er-Appel-2015_FR.pdf\" target=\"_blank\">appel \u00e0 projets<\/a> du Programme Interreg V-A Espagne-France-Andorre<\/strong> a re\u00e7u 122 candidatures sollicitant un total de 151 millions d\u2019euros de FEDER. 58 projets ont \u00e9t\u00e9 approuv\u00e9s\u00a0au Comit\u00e9 de Programmation c\u00e9l\u00e9br\u00e9 le 11 mai, \u00a0pour un montant de 71,2 millions d\u2019euros FEDER (40% de l\u2019enveloppe totale du programme, hors Assistance Technique).<\/p>\n<p>Vous pouvez consulter la liste de projets programm\u00e9s lors de ce\u00a0premier appel \u00e0 projets du POCTEFA 2014-2020 <strong><a href=\"https:\/\/2014-2020.poctefa.eu\/fr\/projets-programmes-2\/\" target=\"_blank\">ici<\/a><\/strong>.<\/p>\n<p>Vous pouvez consulter le <strong><a href=\"https:\/\/2014-2020.poctefa.eu\/wp-content\/uploads\/2015\/12\/Texte-1er-Appel-2015_FR.pdf\" target=\"_blank\">texte du premier appel \u00e0 projets ici.<\/a><\/strong><\/p>\n<p>Tous les\u00a0chefs de file des 122 projets pr\u00e9sent\u00e9s au premier appel \u00e0 projets recevront une notification officielle avec la d\u00e9cision du Comit\u00e9 de Programmation dans les prochains jours.<\/p>\n<p>Les 58 projets programm\u00e9s doivent envoyer au Secr\u00e9tariat Conjoint (SC) les \u00e9l\u00e9ments sollicit\u00e9s dans le d\u00e9lai indiqu\u00e9 dans le courrier de notification. Parmi ces \u00e9l\u00e9ments, ils devront\u00a0envoyer notemment la <span style=\"color: #0000ff;\"><strong>Convention de Partenariat<\/strong> <\/span>sign\u00e9 par tous les partenaires. Vous pouvez t\u00e9l\u00e9charger la convention <a href=\"https:\/\/2014-2020.poctefa.eu\/wp-content\/uploads\/2016\/05\/D2-Modele-Conv-partenariat-14_20-ES_FR-Mai-2016.doc\" target=\"_blank\">ici<\/a>.<\/p>\n<p>Conform\u00e9ment \u00e0 la r\u00e9glementation en vigueur en Espagne (Ley 30\/1992 del 26 de noviembre\u00a0del R\u00e9gimen Jur\u00eddico de las Administraciones P\u00fablicas y del Procedimiento Administrativo Com\u00fan), vous avez la <strong>possibilit\u00e9 de pr\u00e9senter devant l&rsquo;Autorit\u00e9 de gestion un recours \u00e0 cette d\u00e9cision<\/strong> dans un d\u00e9lai d\u2019un mois \u00e0 partir de la r\u00e9ception de la \u00a0notification.<\/p>\n","protected":false},"excerpt":{"rendered":"<p>Le <strong>premier <a href=\"https:\/\/2014-2020.poctefa.eu\/wp-content\/uploads\/2015\/12\/Texte-1er-Appel-2015_FR.pdf\" target=\"_blank\">appel \u00e0 projets<\/a> du Programme Interreg V-A Espagne-France-Andorre<\/strong> a re\u00e7u 122 candidatures sollicitant un total de 151 millions d\u2019euros de FEDER. 58 projets ont \u00e9t\u00e9 approuv\u00e9s\u00a0au Comit\u00e9 de Programmation c\u00e9l\u00e9br\u00e9 le 11 mai, \u00a0<\/p>\n<p><a href=\"https:\/\/2014-2020.poctefa.eu\/fr\/appels-a-projets\/1er-appel\/information-concernant-lappel\/\">Voir plus<\/a><\/p>\n","protected":false},"author":1,"featured_media":0,"parent":469,"menu_order":0,"comment_status":"closed","ping_status":"closed","template":"","meta":[],"_links":{"self":[{"href":"https:\/\/2014-2020.poctefa.eu\/fr\/wp-json\/wp\/v2\/pages\/879"}],"collection":[{"href":"https:\/\/2014-2020.poctefa.eu\/fr\/wp-json\/wp\/v2\/pages"}],"about":[{"href":"https:\/\/2014-2020.poctefa.eu\/fr\/wp-json\/wp\/v2\/types\/page"}],"author":[{"embeddable":true,"href":"https:\/\/2014-2020.poctefa.eu\/fr\/wp-json\/wp\/v2\/users\/1"}],"replies":[{"embeddable":true,"href":"https:\/\/2014-2020.poctefa.eu\/fr\/wp-json\/wp\/v2\/comments?post=879"}],"version-history":[{"count":29,"href":"https:\/\/2014-2020.poctefa.eu\/fr\/wp-json\/wp\/v2\/pages\/879\/revisions"}],"predecessor-version":[{"id":5977,"href":"https:\/\/2014-2020.poctefa.eu\/fr\/wp-json\/wp\/v2\/pages\/879\/revisions\/5977"}],"up":[{"embeddable":true,"href":"https:\/\/2014-2020.poctefa.eu\/fr\/wp-json\/wp\/v2\/pages\/469"}],"wp:attachment":[{"href":"https:\/\/2014-2020.poctefa.eu\/fr\/wp-json\/wp\/v2\/media?parent=879"}],"curies":[{"name":"wp","href":"https:\/\/api.w.org\/{rel}","templated":true}]}}