{"id":913,"date":"2015-12-10T09:18:18","date_gmt":"2015-12-10T08:18:18","guid":{"rendered":"https:\/\/2014-2020.poctefa.eu\/fr\/?page_id=913"},"modified":"2015-12-17T07:31:23","modified_gmt":"2015-12-17T06:31:23","slug":"lautorite-de-gestion","status":"publish","type":"page","link":"https:\/\/2014-2020.poctefa.eu\/fr\/documentation\/lautorite-de-gestion\/","title":{"rendered":"Autorit\u00e9 de gestion"},"content":{"rendered":"<h2>Autorit\u00e9 de Gestion \u2013 Communaut\u00e9 de Travail des Pyr\u00e9n\u00e9es<\/h2>\n<p>&nbsp;<\/p>\n<div class=\"fusion-table table-1\">\n<table width=\"80%\" align=\"center\">\n<tbody>\n<tr>\n<td style=\"text-align: center;\"><img decoding=\"async\" loading=\"lazy\" class=\"aligncenter wp-image-1127\" src=\"https:\/\/2014-2020.poctefa.eu\/wp-content\/uploads\/2015\/12\/CTP-Logo2-296x300.jpg\" alt=\"CTP Logo\" width=\"200\" height=\"203\" srcset=\"https:\/\/2014-2020.poctefa.eu\/wp-content\/uploads\/2015\/12\/CTP-Logo2-296x300.jpg 296w, https:\/\/2014-2020.poctefa.eu\/wp-content\/uploads\/2015\/12\/CTP-Logo2-66x66.jpg 66w, https:\/\/2014-2020.poctefa.eu\/wp-content\/uploads\/2015\/12\/CTP-Logo2.jpg 460w\" sizes=\"(max-width: 200px) 100vw, 200px\" \/><\/td>\n<td style=\"text-align: center;\"><img decoding=\"async\" loading=\"lazy\" class=\"aligncenter wp-image-1127\" src=\"https:\/\/2014-2020.poctefa.eu\/wp-content\/uploads\/2015\/12\/CTP-Logo2-296x300.jpg\" alt=\"CTP Logo\" width=\"200\" height=\"203\" srcset=\"https:\/\/2014-2020.poctefa.eu\/wp-content\/uploads\/2015\/12\/CTP-Logo2-296x300.jpg 296w, https:\/\/2014-2020.poctefa.eu\/wp-content\/uploads\/2015\/12\/CTP-Logo2-66x66.jpg 66w, https:\/\/2014-2020.poctefa.eu\/wp-content\/uploads\/2015\/12\/CTP-Logo2.jpg 460w\" sizes=\"(max-width: 200px) 100vw, 200px\" \/><\/td>\n<\/tr>\n<tr>\n<td style=\"text-align: center;\"><a href=\"https:\/\/2014-2020.poctefa.eu\/wp-content\/uploads\/2015\/12\/CTP-Logo.jpg\" target=\"_blank\">Version jpg<\/a><\/td>\n<td style=\"text-align: center;\"><a href=\"https:\/\/2014-2020.poctefa.eu\/wp-content\/uploads\/2015\/12\/CTP-log-ok.eps\" target=\"_blank\">Version vectoris\u00e9e<\/a><\/td>\n<\/tr>\n<\/tbody>\n<\/table>\n<\/div>\n<p>&nbsp;<\/p>\n","protected":false},"excerpt":{"rendered":"<h2>Autorit\u00e9 de Gestion \u2013 Communaut\u00e9 de Travail des Pyr\u00e9n\u00e9es<\/h2>\n<p>&nbsp;<\/p>\n<div class=\"fusion-table table-1\">\n<table width=\"80%\" align=\"center\">\n<tbody>\n<tr>\n<td style=\"text-align: center;\"><img decoding=\"async\" loading=\"lazy\" class=\"aligncenter wp-image-1127\" src=\"https:\/\/2014-2020.poctefa.eu\/wp-content\/uploads\/2015\/12\/CTP-Logo2-296x300.jpg\" alt=\"CTP Logo\" width=\"200\" height=\"203\" srcset=\"https:\/\/2014-2020.poctefa.eu\/wp-content\/uploads\/2015\/12\/CTP-Logo2-296x300.jpg 296w, https:\/\/2014-2020.poctefa.eu\/wp-content\/uploads\/2015\/12\/CTP-Logo2-66x66.jpg 66w, https:\/\/2014-2020.poctefa.eu\/wp-content\/uploads\/2015\/12\/CTP-Logo2.jpg 460w\" sizes=\"(max-width: 200px) 100vw, 200px\" \/><\/td>\n<td style=\"text-align: center;\"><img decoding=\"async\" loading=\"lazy\" class=\"aligncenter wp-image-1127\" src=\"https:\/\/2014-2020.poctefa.eu\/wp-content\/uploads\/2015\/12\/CTP-Logo2-296x300.jpg\" alt=\"CTP Logo\" width=\"200\" height=\"203\" srcset=\"https:\/\/2014-2020.poctefa.eu\/wp-content\/uploads\/2015\/12\/CTP-Logo2-296x300.jpg 296w, https:\/\/2014-2020.poctefa.eu\/wp-content\/uploads\/2015\/12\/CTP-Logo2-66x66.jpg 66w, https:\/\/2014-2020.poctefa.eu\/wp-content\/uploads\/2015\/12\/CTP-Logo2.jpg 460w\" sizes=\"(max-width: 200px) 100vw, 200px\" \/><\/td>\n<\/tr>\n<tr>\n<td style=\"text-align: center;\"><a href=\"https:\/\/2014-2020.poctefa.eu\/wp-content\/uploads\/2015\/12\/CTP-Logo.jpg\" target=\"_blank\">Version jpg<\/a><\/td>\n<td style=\"text-align: center;\"><a href=\"https:\/\/2014-2020.poctefa.eu\/wp-content\/uploads\/2015\/12\/CTP-log-ok.eps\" target=\"_blank\">Version vectoris\u00e9e<\/a><\/td>\n<\/tr>\n<\/tbody>\n<\/table>\n<\/div>\n<p>&nbsp;<\/p>\n<p><a href=\"https:\/\/2014-2020.poctefa.eu\/fr\/documentation\/lautorite-de-gestion\/\">Voir plus<\/a><\/p>\n","protected":false},"author":1,"featured_media":0,"parent":379,"menu_order":0,"comment_status":"closed","ping_status":"closed","template":"","meta":[],"_links":{"self":[{"href":"https:\/\/2014-2020.poctefa.eu\/fr\/wp-json\/wp\/v2\/pages\/913"}],"collection":[{"href":"https:\/\/2014-2020.poctefa.eu\/fr\/wp-json\/wp\/v2\/pages"}],"about":[{"href":"https:\/\/2014-2020.poctefa.eu\/fr\/wp-json\/wp\/v2\/types\/page"}],"author":[{"embeddable":true,"href":"https:\/\/2014-2020.poctefa.eu\/fr\/wp-json\/wp\/v2\/users\/1"}],"replies":[{"embeddable":true,"href":"https:\/\/2014-2020.poctefa.eu\/fr\/wp-json\/wp\/v2\/comments?post=913"}],"version-history":[{"count":4,"href":"https:\/\/2014-2020.poctefa.eu\/fr\/wp-json\/wp\/v2\/pages\/913\/revisions"}],"predecessor-version":[{"id":1523,"href":"https:\/\/2014-2020.poctefa.eu\/fr\/wp-json\/wp\/v2\/pages\/913\/revisions\/1523"}],"up":[{"embeddable":true,"href":"https:\/\/2014-2020.poctefa.eu\/fr\/wp-json\/wp\/v2\/pages\/379"}],"wp:attachment":[{"href":"https:\/\/2014-2020.poctefa.eu\/fr\/wp-json\/wp\/v2\/media?parent=913"}],"curies":[{"name":"wp","href":"https:\/\/api.w.org\/{rel}","templated":true}]}}